{"id":5359,"date":"2015-12-14T13:19:41","date_gmt":"2015-12-14T16:19:41","guid":{"rendered":"https:\/\/lac.wetlands.org\/en\/contact-us\/"},"modified":"2024-04-10T14:27:25","modified_gmt":"2024-04-10T17:27:25","slug":"contact-us","status":"publish","type":"page","link":"https:\/\/lac.wetlands.org\/en\/about-us\/contact-us\/","title":{"rendered":"Contact"},"content":{"rendered":"<div style=\"width: 30%;padding: 0 15pt 0 0;float: left\"><\/div>\n<div style=\"width: 30%;padding: 0 15pt 0 0;float: left\">\n<h2>Argentina<\/h2>\n<p>Mr Daniel Blanco<br \/>\nCap. Gral. Ram\u00f3n Freire 1512\u00a0(1426)<br \/>\nBuenos Aires, Argentina<br \/>\nTel:+54(11) 45522200<br \/>\ndeblanco@humedales.org.ar<br \/>\n<a href=\"https:\/\/lac.wetlands.org\/\">www.wetlands.org\/lac<\/a><\/p>\n<h2><\/h2>\n<h2>Panama<\/h2>\n<div>\n<p>Ms. Mayt\u00e9 Gonzalez<br \/>\nCiudad de Saber, Edificio 181, Of. 12 y 13,<br \/>\nCiudad de Panam\u00e1, Panam\u00e1<br \/>\nPanam\u00e1, Rep. de Panam\u00e1\u00a0 \u00a0 \u00a0 \u00a0Tel: +507 306-3171 panama@wetlands.org<br \/>\n<a href=\"https:\/\/network.wetlands.org\/lac\">www.wetlands.org\/lac\u00a0<\/a><\/p>\n<\/div>\n<h2><\/h2>\n<h2>Brasil<\/h2>\n<p>Ms. Rafaela Nicola<br \/>\nRua Giocondo Orsi, 591, vila Vilas Boas, 79050-270<br \/>\nCampo Grande \u2013 MS \u2013 Brasil<br \/>\nTel: +55 67 3045-5456<br \/>\n<a href=\"https:\/\/lac.wetlands.org\/\">www.wetlands.org\/lac<\/a><\/p>\n<\/div>\n<div style=\"width: 30%;padding: 0 15pt 0 0;float: right\"><\/div>\n","protected":false},"excerpt":{"rendered":"<p>Argentina Mr Daniel Blanco Cap. Gral. Ram\u00f3n Freire 1512\u00a0(1426) Buenos Aires, Argentina Tel:+54(11) 45522200 deblanco@humedales.org.ar www.wetlands.org\/lac Panama Ms. Mayt\u00e9 Gonzalez Ciudad de Saber, Edificio 181, Of. 12 y 13, Ciudad de Panam\u00e1, Panam\u00e1 Panam\u00e1, Rep. de Panam\u00e1\u00a0 \u00a0 \u00a0 \u00a0Tel: +507 306-3171 panama@wetlands.org www.wetlands.org\/lac\u00a0 Brasil Ms. Rafaela Nicola Rua Giocondo Orsi, 591, vila Vilas Boas, [&hellip;]<\/p>\n","protected":false},"author":3,"featured_media":30,"parent":5344,"menu_order":6,"comment_status":"closed","ping_status":"closed","template":"","meta":{"_acf_changed":false,"_monsterinsights_skip_tracking":false,"_monsterinsights_sitenote_active":false,"_monsterinsights_sitenote_note":"","_monsterinsights_sitenote_category":0,"ep_exclude_from_search":false,"editor_notices":[],"footnotes":""},"wl_issue":[],"wl_topic":[],"wl_type":[],"class_list":["post-5359","page","type-page","status-publish","has-post-thumbnail","hentry"],"acf":[],"yoast_head":"<!-- This site is optimized with the Yoast SEO plugin v27.4 - https:\/\/yoast.com\/product\/yoast-seo-wordpress\/ -->\n<title>Contact - Wetlands International LAC<\/title>\n<meta name=\"robots\" content=\"index, follow, max-snippet:-1, max-image-preview:large, max-video-preview:-1\" \/>\n<link rel=\"canonical\" href=\"https:\/\/lac.wetlands.org\/en\/about-us\/contact-us\/\" \/>\n<meta property=\"og:locale\" content=\"en_US\" \/>\n<meta property=\"og:type\" content=\"article\" \/>\n<meta property=\"og:title\" content=\"Contact - Wetlands International LAC\" \/>\n<meta property=\"og:description\" content=\"Argentina Mr Daniel Blanco Cap. Gral. Ram\u00f3n Freire 1512\u00a0(1426) Buenos Aires, Argentina Tel:+54(11) 45522200 deblanco@humedales.org.ar www.wetlands.org\/lac Panama Ms. Mayt\u00e9 Gonzalez Ciudad de Saber, Edificio 181, Of. 12 y 13, Ciudad de Panam\u00e1, Panam\u00e1 Panam\u00e1, Rep. de Panam\u00e1\u00a0 \u00a0 \u00a0 \u00a0Tel: +507 306-3171 panama@wetlands.org www.wetlands.org\/lac\u00a0 Brasil Ms. Rafaela Nicola Rua Giocondo Orsi, 591, vila Vilas Boas, [&hellip;]\" \/>\n<meta property=\"og:url\" content=\"https:\/\/lac.wetlands.org\/en\/about-us\/contact-us\/\" \/>\n<meta property=\"og:site_name\" content=\"Wetlands International LAC\" \/>\n<meta property=\"article:publisher\" content=\"https:\/\/www.facebook.com\/fundacion.humedales\/\" \/>\n<meta property=\"article:modified_time\" content=\"2024-04-10T17:27:25+00:00\" \/>\n<meta property=\"og:image\" content=\"https:\/\/lac.wetlands.org\/en\/wp-content\/uploads\/sites\/4\/2016\/05\/DS9A0887-e1452509902389.jpg\" \/>\n\t<meta property=\"og:image:width\" content=\"1980\" \/>\n\t<meta property=\"og:image:height\" content=\"499\" \/>\n\t<meta property=\"og:image:type\" content=\"image\/jpeg\" \/>\n<meta name=\"twitter:card\" content=\"summary_large_image\" \/>\n<meta name=\"twitter:site\" content=\"@wetlands_lac\" \/>\n<meta name=\"twitter:label1\" content=\"Est. reading time\" \/>\n\t<meta name=\"twitter:data1\" content=\"1 minute\" \/>\n<script type=\"application\/ld+json\" class=\"yoast-schema-graph\">{\"@context\":\"https:\\\/\\\/schema.org\",\"@graph\":[{\"@type\":\"WebPage\",\"@id\":\"https:\\\/\\\/lac.wetlands.org\\\/en\\\/about-us\\\/contact-us\\\/\",\"url\":\"https:\\\/\\\/lac.wetlands.org\\\/en\\\/about-us\\\/contact-us\\\/\",\"name\":\"Contact - Wetlands International LAC\",\"isPartOf\":{\"@id\":\"https:\\\/\\\/lac.wetlands.org\\\/en\\\/#website\"},\"primaryImageOfPage\":{\"@id\":\"https:\\\/\\\/lac.wetlands.org\\\/en\\\/about-us\\\/contact-us\\\/#primaryimage\"},\"image\":{\"@id\":\"https:\\\/\\\/lac.wetlands.org\\\/en\\\/about-us\\\/contact-us\\\/#primaryimage\"},\"thumbnailUrl\":\"https:\\\/\\\/lac.wetlands.org\\\/en\\\/wp-content\\\/uploads\\\/sites\\\/4\\\/2016\\\/05\\\/DS9A0887-e1452509902389.jpg\",\"datePublished\":\"2015-12-14T16:19:41+00:00\",\"dateModified\":\"2024-04-10T17:27:25+00:00\",\"breadcrumb\":{\"@id\":\"https:\\\/\\\/lac.wetlands.org\\\/en\\\/about-us\\\/contact-us\\\/#breadcrumb\"},\"inLanguage\":\"en-US\",\"potentialAction\":[{\"@type\":\"ReadAction\",\"target\":[\"https:\\\/\\\/lac.wetlands.org\\\/en\\\/about-us\\\/contact-us\\\/\"]}]},{\"@type\":\"ImageObject\",\"inLanguage\":\"en-US\",\"@id\":\"https:\\\/\\\/lac.wetlands.org\\\/en\\\/about-us\\\/contact-us\\\/#primaryimage\",\"url\":\"https:\\\/\\\/lac.wetlands.org\\\/en\\\/wp-content\\\/uploads\\\/sites\\\/4\\\/2016\\\/05\\\/DS9A0887-e1452509902389.jpg\",\"contentUrl\":\"https:\\\/\\\/lac.wetlands.org\\\/en\\\/wp-content\\\/uploads\\\/sites\\\/4\\\/2016\\\/05\\\/DS9A0887-e1452509902389.jpg\",\"width\":1980,\"height\":499},{\"@type\":\"BreadcrumbList\",\"@id\":\"https:\\\/\\\/lac.wetlands.org\\\/en\\\/about-us\\\/contact-us\\\/#breadcrumb\",\"itemListElement\":[{\"@type\":\"ListItem\",\"position\":1,\"name\":\"Home\",\"item\":\"https:\\\/\\\/lac.wetlands.org\\\/en\\\/\"},{\"@type\":\"ListItem\",\"position\":2,\"name\":\"About us\",\"item\":\"https:\\\/\\\/lac.wetlands.org\\\/en\\\/about-us\\\/\"},{\"@type\":\"ListItem\",\"position\":3,\"name\":\"Contact\"}]},{\"@type\":\"WebSite\",\"@id\":\"https:\\\/\\\/lac.wetlands.org\\\/en\\\/#website\",\"url\":\"https:\\\/\\\/lac.wetlands.org\\\/en\\\/\",\"name\":\"Wetlands International LAC\",\"description\":\"To inspire and mobilise society to safeguard and restore wetlands for people and nature.\",\"publisher\":{\"@id\":\"https:\\\/\\\/lac.wetlands.org\\\/en\\\/#organization\"},\"potentialAction\":[{\"@type\":\"SearchAction\",\"target\":{\"@type\":\"EntryPoint\",\"urlTemplate\":\"https:\\\/\\\/lac.wetlands.org\\\/en\\\/?s={search_term_string}\"},\"query-input\":{\"@type\":\"PropertyValueSpecification\",\"valueRequired\":true,\"valueName\":\"search_term_string\"}}],\"inLanguage\":\"en-US\"},{\"@type\":\"Organization\",\"@id\":\"https:\\\/\\\/lac.wetlands.org\\\/en\\\/#organization\",\"name\":\"Wetlands International LAC\",\"url\":\"https:\\\/\\\/lac.wetlands.org\\\/en\\\/\",\"logo\":{\"@type\":\"ImageObject\",\"inLanguage\":\"en-US\",\"@id\":\"https:\\\/\\\/lac.wetlands.org\\\/en\\\/#\\\/schema\\\/logo\\\/image\\\/\",\"url\":\"https:\\\/\\\/lac.wetlands.org\\\/en\\\/wp-content\\\/uploads\\\/sites\\\/4\\\/2024\\\/06\\\/Wetlands-International-logo-RGB-High-res-Transparente.png\",\"contentUrl\":\"https:\\\/\\\/lac.wetlands.org\\\/en\\\/wp-content\\\/uploads\\\/sites\\\/4\\\/2024\\\/06\\\/Wetlands-International-logo-RGB-High-res-Transparente.png\",\"width\":1920,\"height\":949,\"caption\":\"Wetlands International LAC\"},\"image\":{\"@id\":\"https:\\\/\\\/lac.wetlands.org\\\/en\\\/#\\\/schema\\\/logo\\\/image\\\/\"},\"sameAs\":[\"https:\\\/\\\/www.facebook.com\\\/fundacion.humedales\\\/\",\"https:\\\/\\\/x.com\\\/wetlands_lac\",\"https:\\\/\\\/www.instagram.com\\\/lacwetlands\\\/\",\"https:\\\/\\\/www.youtube.com\\\/c\\\/WetlandsInternationalLAC\"]}]}<\/script>\n<!-- \/ Yoast SEO plugin. -->","yoast_head_json":{"title":"Contact - Wetlands International LAC","robots":{"index":"index","follow":"follow","max-snippet":"max-snippet:-1","max-image-preview":"max-image-preview:large","max-video-preview":"max-video-preview:-1"},"canonical":"https:\/\/lac.wetlands.org\/en\/about-us\/contact-us\/","og_locale":"en_US","og_type":"article","og_title":"Contact - Wetlands International LAC","og_description":"Argentina Mr Daniel Blanco Cap. Gral. Ram\u00f3n Freire 1512\u00a0(1426) Buenos Aires, Argentina Tel:+54(11) 45522200 deblanco@humedales.org.ar www.wetlands.org\/lac Panama Ms. Mayt\u00e9 Gonzalez Ciudad de Saber, Edificio 181, Of. 12 y 13, Ciudad de Panam\u00e1, Panam\u00e1 Panam\u00e1, Rep. de Panam\u00e1\u00a0 \u00a0 \u00a0 \u00a0Tel: +507 306-3171 panama@wetlands.org www.wetlands.org\/lac\u00a0 Brasil Ms. Rafaela Nicola Rua Giocondo Orsi, 591, vila Vilas Boas, [&hellip;]","og_url":"https:\/\/lac.wetlands.org\/en\/about-us\/contact-us\/","og_site_name":"Wetlands International LAC","article_publisher":"https:\/\/www.facebook.com\/fundacion.humedales\/","article_modified_time":"2024-04-10T17:27:25+00:00","og_image":[{"width":1980,"height":499,"url":"https:\/\/lac.wetlands.org\/en\/wp-content\/uploads\/sites\/4\/2016\/05\/DS9A0887-e1452509902389.jpg","type":"image\/jpeg"}],"twitter_card":"summary_large_image","twitter_site":"@wetlands_lac","twitter_misc":{"Est. reading time":"1 minute"},"schema":{"@context":"https:\/\/schema.org","@graph":[{"@type":"WebPage","@id":"https:\/\/lac.wetlands.org\/en\/about-us\/contact-us\/","url":"https:\/\/lac.wetlands.org\/en\/about-us\/contact-us\/","name":"Contact - Wetlands International LAC","isPartOf":{"@id":"https:\/\/lac.wetlands.org\/en\/#website"},"primaryImageOfPage":{"@id":"https:\/\/lac.wetlands.org\/en\/about-us\/contact-us\/#primaryimage"},"image":{"@id":"https:\/\/lac.wetlands.org\/en\/about-us\/contact-us\/#primaryimage"},"thumbnailUrl":"https:\/\/lac.wetlands.org\/en\/wp-content\/uploads\/sites\/4\/2016\/05\/DS9A0887-e1452509902389.jpg","datePublished":"2015-12-14T16:19:41+00:00","dateModified":"2024-04-10T17:27:25+00:00","breadcrumb":{"@id":"https:\/\/lac.wetlands.org\/en\/about-us\/contact-us\/#breadcrumb"},"inLanguage":"en-US","potentialAction":[{"@type":"ReadAction","target":["https:\/\/lac.wetlands.org\/en\/about-us\/contact-us\/"]}]},{"@type":"ImageObject","inLanguage":"en-US","@id":"https:\/\/lac.wetlands.org\/en\/about-us\/contact-us\/#primaryimage","url":"https:\/\/lac.wetlands.org\/en\/wp-content\/uploads\/sites\/4\/2016\/05\/DS9A0887-e1452509902389.jpg","contentUrl":"https:\/\/lac.wetlands.org\/en\/wp-content\/uploads\/sites\/4\/2016\/05\/DS9A0887-e1452509902389.jpg","width":1980,"height":499},{"@type":"BreadcrumbList","@id":"https:\/\/lac.wetlands.org\/en\/about-us\/contact-us\/#breadcrumb","itemListElement":[{"@type":"ListItem","position":1,"name":"Home","item":"https:\/\/lac.wetlands.org\/en\/"},{"@type":"ListItem","position":2,"name":"About us","item":"https:\/\/lac.wetlands.org\/en\/about-us\/"},{"@type":"ListItem","position":3,"name":"Contact"}]},{"@type":"WebSite","@id":"https:\/\/lac.wetlands.org\/en\/#website","url":"https:\/\/lac.wetlands.org\/en\/","name":"Wetlands International LAC","description":"To inspire and mobilise society to safeguard and restore wetlands for people and nature.","publisher":{"@id":"https:\/\/lac.wetlands.org\/en\/#organization"},"potentialAction":[{"@type":"SearchAction","target":{"@type":"EntryPoint","urlTemplate":"https:\/\/lac.wetlands.org\/en\/?s={search_term_string}"},"query-input":{"@type":"PropertyValueSpecification","valueRequired":true,"valueName":"search_term_string"}}],"inLanguage":"en-US"},{"@type":"Organization","@id":"https:\/\/lac.wetlands.org\/en\/#organization","name":"Wetlands International LAC","url":"https:\/\/lac.wetlands.org\/en\/","logo":{"@type":"ImageObject","inLanguage":"en-US","@id":"https:\/\/lac.wetlands.org\/en\/#\/schema\/logo\/image\/","url":"https:\/\/lac.wetlands.org\/en\/wp-content\/uploads\/sites\/4\/2024\/06\/Wetlands-International-logo-RGB-High-res-Transparente.png","contentUrl":"https:\/\/lac.wetlands.org\/en\/wp-content\/uploads\/sites\/4\/2024\/06\/Wetlands-International-logo-RGB-High-res-Transparente.png","width":1920,"height":949,"caption":"Wetlands International LAC"},"image":{"@id":"https:\/\/lac.wetlands.org\/en\/#\/schema\/logo\/image\/"},"sameAs":["https:\/\/www.facebook.com\/fundacion.humedales\/","https:\/\/x.com\/wetlands_lac","https:\/\/www.instagram.com\/lacwetlands\/","https:\/\/www.youtube.com\/c\/WetlandsInternationalLAC"]}]}},"_links":{"self":[{"href":"https:\/\/lac.wetlands.org\/en\/wp-json\/wp\/v2\/pages\/5359"}],"collection":[{"href":"https:\/\/lac.wetlands.org\/en\/wp-json\/wp\/v2\/pages"}],"about":[{"href":"https:\/\/lac.wetlands.org\/en\/wp-json\/wp\/v2\/types\/page"}],"author":[{"embeddable":true,"href":"https:\/\/lac.wetlands.org\/en\/wp-json\/wp\/v2\/users\/3"}],"replies":[{"embeddable":true,"href":"https:\/\/lac.wetlands.org\/en\/wp-json\/wp\/v2\/comments?post=5359"}],"version-history":[{"count":4,"href":"https:\/\/lac.wetlands.org\/en\/wp-json\/wp\/v2\/pages\/5359\/revisions"}],"predecessor-version":[{"id":5918,"href":"https:\/\/lac.wetlands.org\/en\/wp-json\/wp\/v2\/pages\/5359\/revisions\/5918"}],"up":[{"embeddable":true,"href":"https:\/\/lac.wetlands.org\/en\/wp-json\/wp\/v2\/pages\/5344"}],"wp:featuredmedia":[{"embeddable":true,"href":"https:\/\/lac.wetlands.org\/en\/wp-json\/wp\/v2\/media\/30"}],"wp:attachment":[{"href":"https:\/\/lac.wetlands.org\/en\/wp-json\/wp\/v2\/media?parent=5359"}],"wp:term":[{"taxonomy":"wl_issue","embeddable":true,"href":"https:\/\/lac.wetlands.org\/en\/wp-json\/wp\/v2\/wl_issue?post=5359"},{"taxonomy":"wl_topic","embeddable":true,"href":"https:\/\/lac.wetlands.org\/en\/wp-json\/wp\/v2\/wl_topic?post=5359"},{"taxonomy":"wl_type","embeddable":true,"href":"https:\/\/lac.wetlands.org\/en\/wp-json\/wp\/v2\/wl_type?post=5359"}],"curies":[{"name":"wp","href":"https:\/\/api.w.org\/{rel}","templated":true}]}}