{"id":5367,"date":"2015-11-17T13:29:47","date_gmt":"2015-11-17T16:29:47","guid":{"rendered":"https:\/\/lac.wetlands.org\/en\/members-and-supporters\/"},"modified":"2024-07-04T15:55:21","modified_gmt":"2024-07-04T18:55:21","slug":"members-and-supporters","status":"publish","type":"page","link":"https:\/\/lac.wetlands.org\/en\/our-network\/members-and-supporters\/","title":{"rendered":"Institutional cooperation"},"content":{"rendered":"<h1><strong>South America<\/strong><\/h1>\n<p>Wetlands International- LAC works in cooperation with civil society organisations, cooperation networks, governmental entities, research institutes and universities in the region:<\/p>\n<p><a href=\"https:\/\/www.argentina.gob.ar\/parquesnacionales\">Administraci\u00f3n de Parques Nacionales<\/a>, Argentina<\/p>\n<p><a href=\"http:\/\/averaves.fcien.edu.uy\/\">Asociaci\u00f3n Averaves<\/a>, Uruguay<\/p>\n<p><a href=\"http:\/\/calidris.org.co\/\">Asociaci\u00f3n Calidris<\/a>, Colombia<\/p>\n<p><a href=\"https:\/\/www.ecoanperu.org\/index.html\">Asociaci\u00f3n de Ecosistemas Andinos (ECOAN)<\/a>, Per\u00fa<\/p>\n<p><a href=\"http:\/\/www.avesconservacion.org\/\">Aves &amp; Conservaci\u00f3n<\/a>, Ecuador<\/p>\n<p><a href=\"http:\/\/www.avesargentinas.org.ar\/cs\/index.php\">Aves Argentina<\/a>, Argentina<\/p>\n<p><a href=\"https:\/\/www.conaf.cl\/\">CONAF<\/a>, Chile<\/p>\n<p><a href=\"https:\/\/www.ceso.com.ar\/\">Cooperativa de Estudios Econ\u00f3micos y Sociales Scalabrini Ortiz Ltda.<\/a>, Argentina<\/p>\n<p><a href=\"http:\/\/www.delta-alliance.org\/wings\">Delta-Alliance Wing<\/a>, Argentina<\/p>\n<p><a href=\"http:\/\/www.farn.org.ar\/\">Fundaci\u00f3n Ambiente y Recursos Naturales (FARN)<\/a>, Argentina<\/p>\n<p><a href=\"https:\/\/www.avina.net\/\">Fundaci\u00f3n AVINA<\/a>, Argentina<\/p>\n<p><a href=\"http:\/\/www.cambiodemocratico.org\/\">Fundaci\u00f3n Cambio Democr\u00e1tico<\/a>, Argentina<\/p>\n<p><a href=\"https:\/\/www.facebook.com\/feisasocioambiental\/\">Fundaci\u00f3n Para el Estudio e Intervenci\u00f3n Socioambiental (FEISA)<\/a>, Argentina<\/p>\n<p><a href=\"http:\/\/www.vidasilvestre.org.ar\/\">Fundaci\u00f3n Vida Silvestre Argentina<\/a>, Argentina<\/p>\n<p><a href=\"https:\/\/www.facebook.com\/fundacionyuchan\/\">Fundaci\u00f3n YUCH\u00c1N<\/a>, Argentina<\/p>\n<p><a href=\"http:\/\/www.ege.fcen.uba.ar\/index.php?inc=html\/grupos\/gieh.html\">Grupo de Investigaci\u00f3n en Ecolog\u00eda de Humedales \/ UBA<\/a>, Argentina<\/p>\n<p><a href=\"http:\/\/www.guyra.org.py\/\">Guyra<\/a>, Paraguay<\/p>\n<p><a href=\"http:\/\/www.unsam.edu.ar\/institutos\/ingenieria_ambiental\/_noticias.asp\">Instituto 3iA, Universidad Nacional de San Martin<\/a>, Argentina<\/p>\n<p><a href=\"http:\/\/www.inta.gov.ar\/\">Instituto Nacional de Tecnolog\u00eda Agropecuaria (INTA)<\/a>, Argentina<\/p>\n<p><a href=\"http:\/\/www.inti.gob.ar\/\">Instituto Nacional de Tecnolog\u00eda Industrial (INTI)<\/a>, Argentina<\/p>\n<p><a href=\"https:\/\/www.argentina.gob.ar\/ina\">Instituto Nacional del Agua<\/a>, Argentina<\/p>\n<p><a href=\"https:\/\/www.argentina.gob.ar\/ambiente\">Ministerio de Ambiente y Desarrollo Sustentable de la Naci\u00f3n<\/a>, Argentina<\/p>\n<p><a href=\"https:\/\/www.malargue.gov.ar\/\">Municipalidad de Malargue<\/a>, Argentina<\/p>\n<p><a href=\"http:\/\/www.campana.gov.ar\/noticias.php?area=19&amp;area_des=Medio%20Ambiente\">Municipio de Campana<\/a>, Argentina<\/p>\n<p><a href=\"https:\/\/www.mupan.org.br\/\">Mupan Mulheres em A\u00e7\u00e3o no Pantanal<\/a>, Brasil<\/p>\n<p><a href=\"https:\/\/museoscasso.com.ar\/\">Museo de Ciencias Naturales \u201cA. Scasso\u201d, Colegio Don Bosco<\/a>, Argentina<\/p>\n<p><a href=\"http:\/\/www.opds.gba.gov.ar\/\">Organismo Provincial para el Desarrollo Sostenible, Buenos Aires<\/a>, Argentina<\/p>\n<p><a href=\"http:\/\/www.raci.org.ar\/\">Red Argentina para la Cooperaci\u00f3n Internacional<\/a>, Argentina<\/p>\n<p><a href=\"http:\/\/www.rhrap.org\/\">Red Hemisf\u00e9rica de Reservas para Aves Playeras (RHRAP)<\/a>, EE.UU<\/p>\n<p><a href=\"https:\/\/www.argentina.gob.ar\/agricultura\/agricultura-familiar-coordinacion-y-desarrollo-territorial\">Secretar\u00eda de Agricultura Familiar<\/a>, Argentina<\/p>\n<p><a href=\"https:\/\/www.mendoza.gov.ar\/ambiente\/\">Secretar\u00eda de Ambiente y Ordenamiento Territorial de Mendoza<\/a>, Argentina<\/p>\n<p><a href=\"https:\/\/www.gob.pe\/sernanp\">Servicio Nacional de Areas Naturales Protegidas por el Estado (SERNANP)<\/a>, Per\u00fa<\/p>\n<p><a href=\"http:\/\/www.uvovenezuela.org\/\">Uni\u00f3n Venezolana de Ornit\u00f3logos<\/a>, Venezuela<\/p>\n<p><a href=\"https:\/\/www.wwf.org.br\/\">WWF Brasil<\/a>, Brasil<\/p>\n<h2><strong>Centroam\u00e9rica<\/strong><\/h2>\n<p>The regional office in Panama works together with the following partners and as part of the following alliances:<\/p>\n<p><a href=\"https:\/\/www.partnersforresilience.nl\/en\/\">Partners for Resilience<\/a> is a alliance of <a href=\"https:\/\/www.rodekruis.nl\/\">the Netherlands Red Cross<\/a>, <a href=\"https:\/\/www.carenederland.org\/\">CARE Netherlands<\/a>, <a href=\"https:\/\/www.cordaid.org\/en\/\">Cordaid<\/a>, the <a href=\"https:\/\/www.cordaid.org\/en\/\">Red Cross\/Red Crescent Climate Centre<\/a>, and <a href=\"https:\/\/www.wetlands.org\/\">Wetlands International<\/a>. The name originates from its five members&#8217; fundamental belief in the role of resilience as a way to deal effectively with disasters.<\/p>\n<h3><strong>Guatemala<\/strong><\/h3>\n<p>In Guatemala, the Partners for Resilience works with local partners Asociaci\u00f3n Vivamos Mejor, Guatemalan Red Cross, and Caritas.<\/p>\n<p><img decoding=\"async\" src=\"https:\/\/lac.wetlands.org\/wp-content\/uploads\/sites\/3\/2016\/09\/Logotipo-Alianza-PfR-socios-globales-04.jpg\" alt=\"Logotipo Alianza PfR socios globales-04\" \/><\/p>\n<h3><\/h3>\n<h3><strong>Nicaragua<\/strong><\/h3>\n<p>In Nicaragua, the Partners for Resilience works with local partners INPRHU, AMMA and the Nicaraguan Red Cross.<\/p>\n<p><img decoding=\"async\" src=\"https:\/\/lac.wetlands.org\/wp-content\/uploads\/sites\/3\/2016\/09\/Logos-AlianzaIzquierda.jpg\" alt=\"Logos Alianza(Izquierda)\" \/><\/p>\n<h3><strong>Panam\u00e1<\/strong><\/h3>\n<p>Red Panamanglar &#8211; Panama &#8211; a network of 19 national and international NGOs and 20 community-based organisations for the defence of wetlands, especially mangroves, in Panama.<\/p>\n<p><img decoding=\"async\" src=\"https:\/\/lac.wetlands.org\/wp-content\/uploads\/sites\/3\/2016\/09\/logo_panamanglar.jpg\" alt=\"logo_panamanglar\" \/><\/p>\n<h3><\/h3>\n","protected":false},"excerpt":{"rendered":"<p>South America Wetlands International- LAC works in cooperation with civil society organisations, cooperation networks, governmental entities, research institutes and universities in the region: Administraci\u00f3n de Parques Nacionales, Argentina Asociaci\u00f3n Averaves, Uruguay Asociaci\u00f3n Calidris, Colombia Asociaci\u00f3n de Ecosistemas Andinos (ECOAN), Per\u00fa Aves &amp; Conservaci\u00f3n, Ecuador Aves Argentina, Argentina CONAF, Chile Cooperativa de Estudios Econ\u00f3micos y Sociales [&hellip;]<\/p>\n","protected":false},"author":3,"featured_media":144,"parent":5366,"menu_order":1,"comment_status":"closed","ping_status":"closed","template":"","meta":{"_acf_changed":false,"_monsterinsights_skip_tracking":false,"_monsterinsights_sitenote_active":false,"_monsterinsights_sitenote_note":"","_monsterinsights_sitenote_category":0,"ep_exclude_from_search":false,"editor_notices":[],"footnotes":""},"wl_issue":[],"wl_topic":[],"wl_type":[],"class_list":["post-5367","page","type-page","status-publish","has-post-thumbnail","hentry"],"acf":[],"yoast_head":"<!-- This site is optimized with the Yoast SEO plugin v27.4 - https:\/\/yoast.com\/product\/yoast-seo-wordpress\/ -->\n<title>Institutional cooperation - Wetlands International LAC<\/title>\n<meta name=\"robots\" content=\"index, follow, max-snippet:-1, max-image-preview:large, max-video-preview:-1\" \/>\n<link rel=\"canonical\" href=\"https:\/\/lac.wetlands.org\/en\/our-network\/members-and-supporters\/\" \/>\n<meta property=\"og:locale\" content=\"en_US\" \/>\n<meta property=\"og:type\" content=\"article\" \/>\n<meta property=\"og:title\" content=\"Institutional cooperation - Wetlands International LAC\" \/>\n<meta property=\"og:description\" content=\"South America Wetlands International- LAC works in cooperation with civil society organisations, cooperation networks, governmental entities, research institutes and universities in the region: Administraci\u00f3n de Parques Nacionales, Argentina Asociaci\u00f3n Averaves, Uruguay Asociaci\u00f3n Calidris, Colombia Asociaci\u00f3n de Ecosistemas Andinos (ECOAN), Per\u00fa Aves &amp; Conservaci\u00f3n, Ecuador Aves Argentina, Argentina CONAF, Chile Cooperativa de Estudios Econ\u00f3micos y Sociales [&hellip;]\" \/>\n<meta property=\"og:url\" content=\"https:\/\/lac.wetlands.org\/en\/our-network\/members-and-supporters\/\" \/>\n<meta property=\"og:site_name\" content=\"Wetlands International LAC\" \/>\n<meta property=\"article:publisher\" content=\"https:\/\/www.facebook.com\/fundacion.humedales\/\" \/>\n<meta property=\"article:modified_time\" content=\"2024-07-04T18:55:21+00:00\" \/>\n<meta property=\"og:image\" content=\"https:\/\/lac.wetlands.org\/en\/wp-content\/uploads\/sites\/4\/2016\/09\/livelihoods-children-coastal-area-community-resilience-e1457958733212.jpg\" \/>\n\t<meta property=\"og:image:width\" content=\"1920\" \/>\n\t<meta property=\"og:image:height\" content=\"1080\" \/>\n\t<meta property=\"og:image:type\" content=\"image\/jpeg\" \/>\n<meta name=\"twitter:card\" content=\"summary_large_image\" \/>\n<meta name=\"twitter:site\" content=\"@wetlands_lac\" \/>\n<meta name=\"twitter:label1\" content=\"Est. reading time\" \/>\n\t<meta name=\"twitter:data1\" content=\"3 minutes\" \/>\n<script type=\"application\/ld+json\" class=\"yoast-schema-graph\">{\"@context\":\"https:\\\/\\\/schema.org\",\"@graph\":[{\"@type\":\"WebPage\",\"@id\":\"https:\\\/\\\/lac.wetlands.org\\\/en\\\/our-network\\\/members-and-supporters\\\/\",\"url\":\"https:\\\/\\\/lac.wetlands.org\\\/en\\\/our-network\\\/members-and-supporters\\\/\",\"name\":\"Institutional cooperation - Wetlands International LAC\",\"isPartOf\":{\"@id\":\"https:\\\/\\\/lac.wetlands.org\\\/en\\\/#website\"},\"primaryImageOfPage\":{\"@id\":\"https:\\\/\\\/lac.wetlands.org\\\/en\\\/our-network\\\/members-and-supporters\\\/#primaryimage\"},\"image\":{\"@id\":\"https:\\\/\\\/lac.wetlands.org\\\/en\\\/our-network\\\/members-and-supporters\\\/#primaryimage\"},\"thumbnailUrl\":\"https:\\\/\\\/lac.wetlands.org\\\/en\\\/wp-content\\\/uploads\\\/sites\\\/4\\\/2016\\\/09\\\/livelihoods-children-coastal-area-community-resilience-e1457958733212.jpg\",\"datePublished\":\"2015-11-17T16:29:47+00:00\",\"dateModified\":\"2024-07-04T18:55:21+00:00\",\"breadcrumb\":{\"@id\":\"https:\\\/\\\/lac.wetlands.org\\\/en\\\/our-network\\\/members-and-supporters\\\/#breadcrumb\"},\"inLanguage\":\"en-US\",\"potentialAction\":[{\"@type\":\"ReadAction\",\"target\":[\"https:\\\/\\\/lac.wetlands.org\\\/en\\\/our-network\\\/members-and-supporters\\\/\"]}]},{\"@type\":\"ImageObject\",\"inLanguage\":\"en-US\",\"@id\":\"https:\\\/\\\/lac.wetlands.org\\\/en\\\/our-network\\\/members-and-supporters\\\/#primaryimage\",\"url\":\"https:\\\/\\\/lac.wetlands.org\\\/en\\\/wp-content\\\/uploads\\\/sites\\\/4\\\/2016\\\/09\\\/livelihoods-children-coastal-area-community-resilience-e1457958733212.jpg\",\"contentUrl\":\"https:\\\/\\\/lac.wetlands.org\\\/en\\\/wp-content\\\/uploads\\\/sites\\\/4\\\/2016\\\/09\\\/livelihoods-children-coastal-area-community-resilience-e1457958733212.jpg\",\"width\":1920,\"height\":1080},{\"@type\":\"BreadcrumbList\",\"@id\":\"https:\\\/\\\/lac.wetlands.org\\\/en\\\/our-network\\\/members-and-supporters\\\/#breadcrumb\",\"itemListElement\":[{\"@type\":\"ListItem\",\"position\":1,\"name\":\"Home\",\"item\":\"https:\\\/\\\/lac.wetlands.org\\\/en\\\/\"},{\"@type\":\"ListItem\",\"position\":2,\"name\":\"Our Network\",\"item\":\"https:\\\/\\\/lac.wetlands.org\\\/en\\\/our-network\\\/\"},{\"@type\":\"ListItem\",\"position\":3,\"name\":\"Institutional cooperation\"}]},{\"@type\":\"WebSite\",\"@id\":\"https:\\\/\\\/lac.wetlands.org\\\/en\\\/#website\",\"url\":\"https:\\\/\\\/lac.wetlands.org\\\/en\\\/\",\"name\":\"Wetlands International LAC\",\"description\":\"To inspire and mobilise society to safeguard and restore wetlands for people and nature.\",\"publisher\":{\"@id\":\"https:\\\/\\\/lac.wetlands.org\\\/en\\\/#organization\"},\"potentialAction\":[{\"@type\":\"SearchAction\",\"target\":{\"@type\":\"EntryPoint\",\"urlTemplate\":\"https:\\\/\\\/lac.wetlands.org\\\/en\\\/?s={search_term_string}\"},\"query-input\":{\"@type\":\"PropertyValueSpecification\",\"valueRequired\":true,\"valueName\":\"search_term_string\"}}],\"inLanguage\":\"en-US\"},{\"@type\":\"Organization\",\"@id\":\"https:\\\/\\\/lac.wetlands.org\\\/en\\\/#organization\",\"name\":\"Wetlands International LAC\",\"url\":\"https:\\\/\\\/lac.wetlands.org\\\/en\\\/\",\"logo\":{\"@type\":\"ImageObject\",\"inLanguage\":\"en-US\",\"@id\":\"https:\\\/\\\/lac.wetlands.org\\\/en\\\/#\\\/schema\\\/logo\\\/image\\\/\",\"url\":\"https:\\\/\\\/lac.wetlands.org\\\/en\\\/wp-content\\\/uploads\\\/sites\\\/4\\\/2024\\\/06\\\/Wetlands-International-logo-RGB-High-res-Transparente.png\",\"contentUrl\":\"https:\\\/\\\/lac.wetlands.org\\\/en\\\/wp-content\\\/uploads\\\/sites\\\/4\\\/2024\\\/06\\\/Wetlands-International-logo-RGB-High-res-Transparente.png\",\"width\":1920,\"height\":949,\"caption\":\"Wetlands International LAC\"},\"image\":{\"@id\":\"https:\\\/\\\/lac.wetlands.org\\\/en\\\/#\\\/schema\\\/logo\\\/image\\\/\"},\"sameAs\":[\"https:\\\/\\\/www.facebook.com\\\/fundacion.humedales\\\/\",\"https:\\\/\\\/x.com\\\/wetlands_lac\",\"https:\\\/\\\/www.instagram.com\\\/lacwetlands\\\/\",\"https:\\\/\\\/www.youtube.com\\\/c\\\/WetlandsInternationalLAC\"]}]}<\/script>\n<!-- \/ Yoast SEO plugin. -->","yoast_head_json":{"title":"Institutional cooperation - Wetlands International LAC","robots":{"index":"index","follow":"follow","max-snippet":"max-snippet:-1","max-image-preview":"max-image-preview:large","max-video-preview":"max-video-preview:-1"},"canonical":"https:\/\/lac.wetlands.org\/en\/our-network\/members-and-supporters\/","og_locale":"en_US","og_type":"article","og_title":"Institutional cooperation - Wetlands International LAC","og_description":"South America Wetlands International- LAC works in cooperation with civil society organisations, cooperation networks, governmental entities, research institutes and universities in the region: Administraci\u00f3n de Parques Nacionales, Argentina Asociaci\u00f3n Averaves, Uruguay Asociaci\u00f3n Calidris, Colombia Asociaci\u00f3n de Ecosistemas Andinos (ECOAN), Per\u00fa Aves &amp; Conservaci\u00f3n, Ecuador Aves Argentina, Argentina CONAF, Chile Cooperativa de Estudios Econ\u00f3micos y Sociales [&hellip;]","og_url":"https:\/\/lac.wetlands.org\/en\/our-network\/members-and-supporters\/","og_site_name":"Wetlands International LAC","article_publisher":"https:\/\/www.facebook.com\/fundacion.humedales\/","article_modified_time":"2024-07-04T18:55:21+00:00","og_image":[{"width":1920,"height":1080,"url":"https:\/\/lac.wetlands.org\/en\/wp-content\/uploads\/sites\/4\/2016\/09\/livelihoods-children-coastal-area-community-resilience-e1457958733212.jpg","type":"image\/jpeg"}],"twitter_card":"summary_large_image","twitter_site":"@wetlands_lac","twitter_misc":{"Est. reading time":"3 minutes"},"schema":{"@context":"https:\/\/schema.org","@graph":[{"@type":"WebPage","@id":"https:\/\/lac.wetlands.org\/en\/our-network\/members-and-supporters\/","url":"https:\/\/lac.wetlands.org\/en\/our-network\/members-and-supporters\/","name":"Institutional cooperation - Wetlands International LAC","isPartOf":{"@id":"https:\/\/lac.wetlands.org\/en\/#website"},"primaryImageOfPage":{"@id":"https:\/\/lac.wetlands.org\/en\/our-network\/members-and-supporters\/#primaryimage"},"image":{"@id":"https:\/\/lac.wetlands.org\/en\/our-network\/members-and-supporters\/#primaryimage"},"thumbnailUrl":"https:\/\/lac.wetlands.org\/en\/wp-content\/uploads\/sites\/4\/2016\/09\/livelihoods-children-coastal-area-community-resilience-e1457958733212.jpg","datePublished":"2015-11-17T16:29:47+00:00","dateModified":"2024-07-04T18:55:21+00:00","breadcrumb":{"@id":"https:\/\/lac.wetlands.org\/en\/our-network\/members-and-supporters\/#breadcrumb"},"inLanguage":"en-US","potentialAction":[{"@type":"ReadAction","target":["https:\/\/lac.wetlands.org\/en\/our-network\/members-and-supporters\/"]}]},{"@type":"ImageObject","inLanguage":"en-US","@id":"https:\/\/lac.wetlands.org\/en\/our-network\/members-and-supporters\/#primaryimage","url":"https:\/\/lac.wetlands.org\/en\/wp-content\/uploads\/sites\/4\/2016\/09\/livelihoods-children-coastal-area-community-resilience-e1457958733212.jpg","contentUrl":"https:\/\/lac.wetlands.org\/en\/wp-content\/uploads\/sites\/4\/2016\/09\/livelihoods-children-coastal-area-community-resilience-e1457958733212.jpg","width":1920,"height":1080},{"@type":"BreadcrumbList","@id":"https:\/\/lac.wetlands.org\/en\/our-network\/members-and-supporters\/#breadcrumb","itemListElement":[{"@type":"ListItem","position":1,"name":"Home","item":"https:\/\/lac.wetlands.org\/en\/"},{"@type":"ListItem","position":2,"name":"Our Network","item":"https:\/\/lac.wetlands.org\/en\/our-network\/"},{"@type":"ListItem","position":3,"name":"Institutional cooperation"}]},{"@type":"WebSite","@id":"https:\/\/lac.wetlands.org\/en\/#website","url":"https:\/\/lac.wetlands.org\/en\/","name":"Wetlands International LAC","description":"To inspire and mobilise society to safeguard and restore wetlands for people and nature.","publisher":{"@id":"https:\/\/lac.wetlands.org\/en\/#organization"},"potentialAction":[{"@type":"SearchAction","target":{"@type":"EntryPoint","urlTemplate":"https:\/\/lac.wetlands.org\/en\/?s={search_term_string}"},"query-input":{"@type":"PropertyValueSpecification","valueRequired":true,"valueName":"search_term_string"}}],"inLanguage":"en-US"},{"@type":"Organization","@id":"https:\/\/lac.wetlands.org\/en\/#organization","name":"Wetlands International LAC","url":"https:\/\/lac.wetlands.org\/en\/","logo":{"@type":"ImageObject","inLanguage":"en-US","@id":"https:\/\/lac.wetlands.org\/en\/#\/schema\/logo\/image\/","url":"https:\/\/lac.wetlands.org\/en\/wp-content\/uploads\/sites\/4\/2024\/06\/Wetlands-International-logo-RGB-High-res-Transparente.png","contentUrl":"https:\/\/lac.wetlands.org\/en\/wp-content\/uploads\/sites\/4\/2024\/06\/Wetlands-International-logo-RGB-High-res-Transparente.png","width":1920,"height":949,"caption":"Wetlands International LAC"},"image":{"@id":"https:\/\/lac.wetlands.org\/en\/#\/schema\/logo\/image\/"},"sameAs":["https:\/\/www.facebook.com\/fundacion.humedales\/","https:\/\/x.com\/wetlands_lac","https:\/\/www.instagram.com\/lacwetlands\/","https:\/\/www.youtube.com\/c\/WetlandsInternationalLAC"]}]}},"_links":{"self":[{"href":"https:\/\/lac.wetlands.org\/en\/wp-json\/wp\/v2\/pages\/5367"}],"collection":[{"href":"https:\/\/lac.wetlands.org\/en\/wp-json\/wp\/v2\/pages"}],"about":[{"href":"https:\/\/lac.wetlands.org\/en\/wp-json\/wp\/v2\/types\/page"}],"author":[{"embeddable":true,"href":"https:\/\/lac.wetlands.org\/en\/wp-json\/wp\/v2\/users\/3"}],"replies":[{"embeddable":true,"href":"https:\/\/lac.wetlands.org\/en\/wp-json\/wp\/v2\/comments?post=5367"}],"version-history":[{"count":5,"href":"https:\/\/lac.wetlands.org\/en\/wp-json\/wp\/v2\/pages\/5367\/revisions"}],"predecessor-version":[{"id":5915,"href":"https:\/\/lac.wetlands.org\/en\/wp-json\/wp\/v2\/pages\/5367\/revisions\/5915"}],"up":[{"embeddable":true,"href":"https:\/\/lac.wetlands.org\/en\/wp-json\/wp\/v2\/pages\/5366"}],"wp:featuredmedia":[{"embeddable":true,"href":"https:\/\/lac.wetlands.org\/en\/wp-json\/wp\/v2\/media\/144"}],"wp:attachment":[{"href":"https:\/\/lac.wetlands.org\/en\/wp-json\/wp\/v2\/media?parent=5367"}],"wp:term":[{"taxonomy":"wl_issue","embeddable":true,"href":"https:\/\/lac.wetlands.org\/en\/wp-json\/wp\/v2\/wl_issue?post=5367"},{"taxonomy":"wl_topic","embeddable":true,"href":"https:\/\/lac.wetlands.org\/en\/wp-json\/wp\/v2\/wl_topic?post=5367"},{"taxonomy":"wl_type","embeddable":true,"href":"https:\/\/lac.wetlands.org\/en\/wp-json\/wp\/v2\/wl_type?post=5367"}],"curies":[{"name":"wp","href":"https:\/\/api.w.org\/{rel}","templated":true}]}}