{"id":5368,"date":"2015-11-17T13:30:24","date_gmt":"2015-11-17T16:30:24","guid":{"rendered":"https:\/\/lac.wetlands.org\/en\/donors\/"},"modified":"2024-07-04T15:10:32","modified_gmt":"2024-07-04T18:10:32","slug":"donors","status":"publish","type":"page","link":"https:\/\/lac.wetlands.org\/en\/our-network\/donors\/","title":{"rendered":"Donors"},"content":{"rendered":"<h3>DOB Ecology Pa\u00edses Bajos<br \/>\nMinisterio de Relaciones Exteriores de los Pa\u00edses Bajos \/ DGIS, Pa\u00edses Bajos<br \/>\nMinisterio Federal del Ambiente, Conservaci\u00f3n de la Naturaleza y Seguridad Nuclear (BMUB) \u2013 Iniciativa Internacional del Clima (IKI), Alemania<br \/>\nCanadian Wildlife Service \/ CWS, Canad\u00e1<br \/>\nFundaci\u00f3n Avina Argentina<br \/>\nCoca Cola Argentina<br \/>\nAguas Danone de Argentina S.A., Argentina<br \/>\nConvenci\u00f3n Ramsar, Suiza<br \/>\nMunicipio de Panam\u00e1<br \/>\nPrograma de las Naciones Unidas para el Desarrollo (PNUD), Argentina<br \/>\nFundaci\u00f3n Vida Silvestre Argentina, Argentina<br \/>\nFondo para las Am\u00e9ricas, Argentina<br \/>\nRed Hemisf\u00e9rica de Reservas para Aves Playeras \/ Manomet Inc, EE.UU.<br \/>\nConvenci\u00f3n Especies Migratorias \/ CMS<br \/>\nWildlife Conservation Society \/ WCS<br \/>\nNational Fish &amp; Wildlife Foundation \/ NFWF, EE.UU.<br \/>\nU.S. Fish &amp; Wildlife Service, EE.UU.<br \/>\nEmbajada de Canad\u00e1 en Argentina<br \/>\nConservation Food and Health Foundation<br \/>\nNeotropical Migratory Bird Conservation Act\/NMBCA, EE.UU<\/h3>\n","protected":false},"excerpt":{"rendered":"<p>DOB Ecology Pa\u00edses Bajos Ministerio de Relaciones Exteriores de los Pa\u00edses Bajos \/ DGIS, Pa\u00edses Bajos Ministerio Federal del Ambiente, Conservaci\u00f3n de la Naturaleza y Seguridad Nuclear (BMUB) \u2013 Iniciativa Internacional del Clima (IKI), Alemania Canadian Wildlife Service \/ CWS, Canad\u00e1 Fundaci\u00f3n Avina Argentina Coca Cola Argentina Aguas Danone de Argentina S.A., Argentina Convenci\u00f3n Ramsar, [&hellip;]<\/p>\n","protected":false},"author":3,"featured_media":146,"parent":5366,"menu_order":3,"comment_status":"closed","ping_status":"closed","template":"","meta":{"_acf_changed":false,"_monsterinsights_skip_tracking":false,"_monsterinsights_sitenote_active":false,"_monsterinsights_sitenote_note":"","_monsterinsights_sitenote_category":0,"ep_exclude_from_search":false,"editor_notices":[],"footnotes":""},"wl_issue":[],"wl_topic":[],"wl_type":[],"class_list":["post-5368","page","type-page","status-publish","has-post-thumbnail","hentry"],"acf":[],"yoast_head":"<!-- This site is optimized with the Yoast SEO plugin v27.4 - https:\/\/yoast.com\/product\/yoast-seo-wordpress\/ -->\n<title>Donors - Wetlands International LAC<\/title>\n<meta name=\"robots\" content=\"index, follow, max-snippet:-1, max-image-preview:large, max-video-preview:-1\" \/>\n<link rel=\"canonical\" href=\"https:\/\/lac.wetlands.org\/en\/our-network\/donors\/\" \/>\n<meta property=\"og:locale\" content=\"en_US\" \/>\n<meta property=\"og:type\" content=\"article\" \/>\n<meta property=\"og:title\" content=\"Donors - Wetlands International LAC\" \/>\n<meta property=\"og:description\" content=\"DOB Ecology Pa\u00edses Bajos Ministerio de Relaciones Exteriores de los Pa\u00edses Bajos \/ DGIS, Pa\u00edses Bajos Ministerio Federal del Ambiente, Conservaci\u00f3n de la Naturaleza y Seguridad Nuclear (BMUB) \u2013 Iniciativa Internacional del Clima (IKI), Alemania Canadian Wildlife Service \/ CWS, Canad\u00e1 Fundaci\u00f3n Avina Argentina Coca Cola Argentina Aguas Danone de Argentina S.A., Argentina Convenci\u00f3n Ramsar, [&hellip;]\" \/>\n<meta property=\"og:url\" content=\"https:\/\/lac.wetlands.org\/en\/our-network\/donors\/\" \/>\n<meta property=\"og:site_name\" content=\"Wetlands International LAC\" \/>\n<meta property=\"article:publisher\" content=\"https:\/\/www.facebook.com\/fundacion.humedales\/\" \/>\n<meta property=\"article:modified_time\" content=\"2024-07-04T18:10:32+00:00\" \/>\n<meta property=\"og:image\" content=\"https:\/\/lac.wetlands.org\/en\/wp-content\/uploads\/sites\/4\/2016\/09\/IMG_4363-e1457959605135.jpg\" \/>\n\t<meta property=\"og:image:width\" content=\"1920\" \/>\n\t<meta property=\"og:image:height\" content=\"499\" \/>\n\t<meta property=\"og:image:type\" content=\"image\/jpeg\" \/>\n<meta name=\"twitter:card\" content=\"summary_large_image\" \/>\n<meta name=\"twitter:site\" content=\"@wetlands_lac\" \/>\n<meta name=\"twitter:label1\" content=\"Est. reading time\" \/>\n\t<meta name=\"twitter:data1\" content=\"1 minute\" \/>\n<script type=\"application\/ld+json\" class=\"yoast-schema-graph\">{\"@context\":\"https:\\\/\\\/schema.org\",\"@graph\":[{\"@type\":\"WebPage\",\"@id\":\"https:\\\/\\\/lac.wetlands.org\\\/en\\\/our-network\\\/donors\\\/\",\"url\":\"https:\\\/\\\/lac.wetlands.org\\\/en\\\/our-network\\\/donors\\\/\",\"name\":\"Donors - Wetlands International LAC\",\"isPartOf\":{\"@id\":\"https:\\\/\\\/lac.wetlands.org\\\/en\\\/#website\"},\"primaryImageOfPage\":{\"@id\":\"https:\\\/\\\/lac.wetlands.org\\\/en\\\/our-network\\\/donors\\\/#primaryimage\"},\"image\":{\"@id\":\"https:\\\/\\\/lac.wetlands.org\\\/en\\\/our-network\\\/donors\\\/#primaryimage\"},\"thumbnailUrl\":\"https:\\\/\\\/lac.wetlands.org\\\/en\\\/wp-content\\\/uploads\\\/sites\\\/4\\\/2016\\\/09\\\/IMG_4363-e1457959605135.jpg\",\"datePublished\":\"2015-11-17T16:30:24+00:00\",\"dateModified\":\"2024-07-04T18:10:32+00:00\",\"breadcrumb\":{\"@id\":\"https:\\\/\\\/lac.wetlands.org\\\/en\\\/our-network\\\/donors\\\/#breadcrumb\"},\"inLanguage\":\"en-US\",\"potentialAction\":[{\"@type\":\"ReadAction\",\"target\":[\"https:\\\/\\\/lac.wetlands.org\\\/en\\\/our-network\\\/donors\\\/\"]}]},{\"@type\":\"ImageObject\",\"inLanguage\":\"en-US\",\"@id\":\"https:\\\/\\\/lac.wetlands.org\\\/en\\\/our-network\\\/donors\\\/#primaryimage\",\"url\":\"https:\\\/\\\/lac.wetlands.org\\\/en\\\/wp-content\\\/uploads\\\/sites\\\/4\\\/2016\\\/09\\\/IMG_4363-e1457959605135.jpg\",\"contentUrl\":\"https:\\\/\\\/lac.wetlands.org\\\/en\\\/wp-content\\\/uploads\\\/sites\\\/4\\\/2016\\\/09\\\/IMG_4363-e1457959605135.jpg\",\"width\":1920,\"height\":499},{\"@type\":\"BreadcrumbList\",\"@id\":\"https:\\\/\\\/lac.wetlands.org\\\/en\\\/our-network\\\/donors\\\/#breadcrumb\",\"itemListElement\":[{\"@type\":\"ListItem\",\"position\":1,\"name\":\"Home\",\"item\":\"https:\\\/\\\/lac.wetlands.org\\\/en\\\/\"},{\"@type\":\"ListItem\",\"position\":2,\"name\":\"Our Network\",\"item\":\"https:\\\/\\\/lac.wetlands.org\\\/en\\\/our-network\\\/\"},{\"@type\":\"ListItem\",\"position\":3,\"name\":\"Donors\"}]},{\"@type\":\"WebSite\",\"@id\":\"https:\\\/\\\/lac.wetlands.org\\\/en\\\/#website\",\"url\":\"https:\\\/\\\/lac.wetlands.org\\\/en\\\/\",\"name\":\"Wetlands International LAC\",\"description\":\"To inspire and mobilise society to safeguard and restore wetlands for people and nature.\",\"publisher\":{\"@id\":\"https:\\\/\\\/lac.wetlands.org\\\/en\\\/#organization\"},\"potentialAction\":[{\"@type\":\"SearchAction\",\"target\":{\"@type\":\"EntryPoint\",\"urlTemplate\":\"https:\\\/\\\/lac.wetlands.org\\\/en\\\/?s={search_term_string}\"},\"query-input\":{\"@type\":\"PropertyValueSpecification\",\"valueRequired\":true,\"valueName\":\"search_term_string\"}}],\"inLanguage\":\"en-US\"},{\"@type\":\"Organization\",\"@id\":\"https:\\\/\\\/lac.wetlands.org\\\/en\\\/#organization\",\"name\":\"Wetlands International LAC\",\"url\":\"https:\\\/\\\/lac.wetlands.org\\\/en\\\/\",\"logo\":{\"@type\":\"ImageObject\",\"inLanguage\":\"en-US\",\"@id\":\"https:\\\/\\\/lac.wetlands.org\\\/en\\\/#\\\/schema\\\/logo\\\/image\\\/\",\"url\":\"https:\\\/\\\/lac.wetlands.org\\\/en\\\/wp-content\\\/uploads\\\/sites\\\/4\\\/2024\\\/06\\\/Wetlands-International-logo-RGB-High-res-Transparente.png\",\"contentUrl\":\"https:\\\/\\\/lac.wetlands.org\\\/en\\\/wp-content\\\/uploads\\\/sites\\\/4\\\/2024\\\/06\\\/Wetlands-International-logo-RGB-High-res-Transparente.png\",\"width\":1920,\"height\":949,\"caption\":\"Wetlands International LAC\"},\"image\":{\"@id\":\"https:\\\/\\\/lac.wetlands.org\\\/en\\\/#\\\/schema\\\/logo\\\/image\\\/\"},\"sameAs\":[\"https:\\\/\\\/www.facebook.com\\\/fundacion.humedales\\\/\",\"https:\\\/\\\/x.com\\\/wetlands_lac\",\"https:\\\/\\\/www.instagram.com\\\/lacwetlands\\\/\",\"https:\\\/\\\/www.youtube.com\\\/c\\\/WetlandsInternationalLAC\"]}]}<\/script>\n<!-- \/ Yoast SEO plugin. -->","yoast_head_json":{"title":"Donors - Wetlands International LAC","robots":{"index":"index","follow":"follow","max-snippet":"max-snippet:-1","max-image-preview":"max-image-preview:large","max-video-preview":"max-video-preview:-1"},"canonical":"https:\/\/lac.wetlands.org\/en\/our-network\/donors\/","og_locale":"en_US","og_type":"article","og_title":"Donors - Wetlands International LAC","og_description":"DOB Ecology Pa\u00edses Bajos Ministerio de Relaciones Exteriores de los Pa\u00edses Bajos \/ DGIS, Pa\u00edses Bajos Ministerio Federal del Ambiente, Conservaci\u00f3n de la Naturaleza y Seguridad Nuclear (BMUB) \u2013 Iniciativa Internacional del Clima (IKI), Alemania Canadian Wildlife Service \/ CWS, Canad\u00e1 Fundaci\u00f3n Avina Argentina Coca Cola Argentina Aguas Danone de Argentina S.A., Argentina Convenci\u00f3n Ramsar, [&hellip;]","og_url":"https:\/\/lac.wetlands.org\/en\/our-network\/donors\/","og_site_name":"Wetlands International LAC","article_publisher":"https:\/\/www.facebook.com\/fundacion.humedales\/","article_modified_time":"2024-07-04T18:10:32+00:00","og_image":[{"width":1920,"height":499,"url":"https:\/\/lac.wetlands.org\/en\/wp-content\/uploads\/sites\/4\/2016\/09\/IMG_4363-e1457959605135.jpg","type":"image\/jpeg"}],"twitter_card":"summary_large_image","twitter_site":"@wetlands_lac","twitter_misc":{"Est. reading time":"1 minute"},"schema":{"@context":"https:\/\/schema.org","@graph":[{"@type":"WebPage","@id":"https:\/\/lac.wetlands.org\/en\/our-network\/donors\/","url":"https:\/\/lac.wetlands.org\/en\/our-network\/donors\/","name":"Donors - Wetlands International LAC","isPartOf":{"@id":"https:\/\/lac.wetlands.org\/en\/#website"},"primaryImageOfPage":{"@id":"https:\/\/lac.wetlands.org\/en\/our-network\/donors\/#primaryimage"},"image":{"@id":"https:\/\/lac.wetlands.org\/en\/our-network\/donors\/#primaryimage"},"thumbnailUrl":"https:\/\/lac.wetlands.org\/en\/wp-content\/uploads\/sites\/4\/2016\/09\/IMG_4363-e1457959605135.jpg","datePublished":"2015-11-17T16:30:24+00:00","dateModified":"2024-07-04T18:10:32+00:00","breadcrumb":{"@id":"https:\/\/lac.wetlands.org\/en\/our-network\/donors\/#breadcrumb"},"inLanguage":"en-US","potentialAction":[{"@type":"ReadAction","target":["https:\/\/lac.wetlands.org\/en\/our-network\/donors\/"]}]},{"@type":"ImageObject","inLanguage":"en-US","@id":"https:\/\/lac.wetlands.org\/en\/our-network\/donors\/#primaryimage","url":"https:\/\/lac.wetlands.org\/en\/wp-content\/uploads\/sites\/4\/2016\/09\/IMG_4363-e1457959605135.jpg","contentUrl":"https:\/\/lac.wetlands.org\/en\/wp-content\/uploads\/sites\/4\/2016\/09\/IMG_4363-e1457959605135.jpg","width":1920,"height":499},{"@type":"BreadcrumbList","@id":"https:\/\/lac.wetlands.org\/en\/our-network\/donors\/#breadcrumb","itemListElement":[{"@type":"ListItem","position":1,"name":"Home","item":"https:\/\/lac.wetlands.org\/en\/"},{"@type":"ListItem","position":2,"name":"Our Network","item":"https:\/\/lac.wetlands.org\/en\/our-network\/"},{"@type":"ListItem","position":3,"name":"Donors"}]},{"@type":"WebSite","@id":"https:\/\/lac.wetlands.org\/en\/#website","url":"https:\/\/lac.wetlands.org\/en\/","name":"Wetlands International LAC","description":"To inspire and mobilise society to safeguard and restore wetlands for people and nature.","publisher":{"@id":"https:\/\/lac.wetlands.org\/en\/#organization"},"potentialAction":[{"@type":"SearchAction","target":{"@type":"EntryPoint","urlTemplate":"https:\/\/lac.wetlands.org\/en\/?s={search_term_string}"},"query-input":{"@type":"PropertyValueSpecification","valueRequired":true,"valueName":"search_term_string"}}],"inLanguage":"en-US"},{"@type":"Organization","@id":"https:\/\/lac.wetlands.org\/en\/#organization","name":"Wetlands International LAC","url":"https:\/\/lac.wetlands.org\/en\/","logo":{"@type":"ImageObject","inLanguage":"en-US","@id":"https:\/\/lac.wetlands.org\/en\/#\/schema\/logo\/image\/","url":"https:\/\/lac.wetlands.org\/en\/wp-content\/uploads\/sites\/4\/2024\/06\/Wetlands-International-logo-RGB-High-res-Transparente.png","contentUrl":"https:\/\/lac.wetlands.org\/en\/wp-content\/uploads\/sites\/4\/2024\/06\/Wetlands-International-logo-RGB-High-res-Transparente.png","width":1920,"height":949,"caption":"Wetlands International LAC"},"image":{"@id":"https:\/\/lac.wetlands.org\/en\/#\/schema\/logo\/image\/"},"sameAs":["https:\/\/www.facebook.com\/fundacion.humedales\/","https:\/\/x.com\/wetlands_lac","https:\/\/www.instagram.com\/lacwetlands\/","https:\/\/www.youtube.com\/c\/WetlandsInternationalLAC"]}]}},"_links":{"self":[{"href":"https:\/\/lac.wetlands.org\/en\/wp-json\/wp\/v2\/pages\/5368"}],"collection":[{"href":"https:\/\/lac.wetlands.org\/en\/wp-json\/wp\/v2\/pages"}],"about":[{"href":"https:\/\/lac.wetlands.org\/en\/wp-json\/wp\/v2\/types\/page"}],"author":[{"embeddable":true,"href":"https:\/\/lac.wetlands.org\/en\/wp-json\/wp\/v2\/users\/3"}],"replies":[{"embeddable":true,"href":"https:\/\/lac.wetlands.org\/en\/wp-json\/wp\/v2\/comments?post=5368"}],"version-history":[{"count":2,"href":"https:\/\/lac.wetlands.org\/en\/wp-json\/wp\/v2\/pages\/5368\/revisions"}],"predecessor-version":[{"id":5906,"href":"https:\/\/lac.wetlands.org\/en\/wp-json\/wp\/v2\/pages\/5368\/revisions\/5906"}],"up":[{"embeddable":true,"href":"https:\/\/lac.wetlands.org\/en\/wp-json\/wp\/v2\/pages\/5366"}],"wp:featuredmedia":[{"embeddable":true,"href":"https:\/\/lac.wetlands.org\/en\/wp-json\/wp\/v2\/media\/146"}],"wp:attachment":[{"href":"https:\/\/lac.wetlands.org\/en\/wp-json\/wp\/v2\/media?parent=5368"}],"wp:term":[{"taxonomy":"wl_issue","embeddable":true,"href":"https:\/\/lac.wetlands.org\/en\/wp-json\/wp\/v2\/wl_issue?post=5368"},{"taxonomy":"wl_topic","embeddable":true,"href":"https:\/\/lac.wetlands.org\/en\/wp-json\/wp\/v2\/wl_topic?post=5368"},{"taxonomy":"wl_type","embeddable":true,"href":"https:\/\/lac.wetlands.org\/en\/wp-json\/wp\/v2\/wl_type?post=5368"}],"curies":[{"name":"wp","href":"https:\/\/api.w.org\/{rel}","templated":true}]}}