{"id":5377,"date":"2017-06-13T15:52:30","date_gmt":"2017-06-13T18:52:30","guid":{"rendered":"https:\/\/lac.wetlands.org\/en\/healthy-wetland-nature\/neotropical-waterbird-census\/"},"modified":"2023-10-18T11:16:32","modified_gmt":"2023-10-18T14:16:32","slug":"neotropical-waterbird-census","status":"publish","type":"page","link":"https:\/\/lac.wetlands.org\/en\/our-approach\/healthy-wetland-nature\/neotropical-waterbird-census\/","title":{"rendered":"Neotropical Waterbird Census"},"content":{"rendered":"<p>El Censo Neotropical de Aves Acu\u00e1ticas (CNAA) es un programa de monitoreo a largo plazo, basado en conteos de aves acu\u00e1ticas que se realizan dos veces al a\u00f1o, en febrero y en julio, en\u00a0todos los\u00a0pa\u00edses de Am\u00e9rica del Sur.<\/p>\n<p><!--more--><\/p>\n<p>El Censo Neotropical de Aves Acu\u00e1ticas (CNAA) fue iniciado en 1990 por el Bur\u00f3 Internacional para el Estudio de las Aves Acu\u00e1ticas y los Humedales (IWRB) y continuado desde 1991 por Humedales para las Am\u00e9ricas (en la actualidad Wetlands International). El programa fue creado para recolectar informaci\u00f3n sobre n\u00fameros y distribuci\u00f3n de aves acu\u00e1ticas de la Regi\u00f3n Neotropical, como parte de los censos internacionales de aves acu\u00e1ticas coordinados por el IWRB y en respuesta al inter\u00e9s generado por la publicaci\u00f3n del Inventario de Humedales de la Regi\u00f3n Neotropical (Scott y Carbonell 1986).<\/p>\n<p>Menu:<\/p>\n<h3>Expansi\u00f3n<\/h3>\n<h3>Objetivos del CNAA<\/h3>\n<p>&nbsp;<\/p>\n<h3><img loading=\"lazy\" decoding=\"async\" src=\"https:\/\/lac.wetlands.org\/DesktopModules\/QuickImageRepository\/image.ashx?thumb=1&amp;w=300&amp;fileid=2668\" alt=\"\" width=\"0\" height=\"0\" align=\"right\" hspace=\"5\" vspace=\"5\" \/>Expansi\u00f3n<\/h3>\n<p>El CNAA se inici\u00f3 en el cono sur de Am\u00e9rica del Sur (Argentina, Chile y Uruguay) y su cobertura se fue expandiendo luego hacia el norte. En 1991 Brasil y Paraguay comenzaron a participar del programa, seguidos por Colombia y Per\u00fa en 1992, y por Bolivia y Ecuador en 1995. En el 2006 el Censo se implement\u00f3 en Venezuela y recientemente, en el 2008, se sumaron Surinam, Guyana, Guyana Francesa y Trinidad &amp; Tobago.<\/p>\n<p>M\u00e1s de 750 voluntarios de nueve pa\u00edses han participado del programa entre 1990 y 1995 (ver Carp 1991, Blanco y Canevari 1992, 1993, 1994, 1995; Blanco y Carbonell 2001). Transcurridos los quince primeros a\u00f1os, el CNAA est\u00e1 comenzando a demostrar su potencial para contribuir a la conservaci\u00f3n y manejo de los humedales y las aves acu\u00e1ticas (Blanco y Canevari 1996, 1997; Blanco y Carbonell 2001). Por un lado los censos han servido para identificar a varios de los sitios importantes para las aves acu\u00e1ticas en la regi\u00f3n, mientras que en\u00a0algunos pa\u00edses el programa constituye la \u00fanica estrategia coordinada para evaluar el estado actual de los humedales.<\/p>\n<h3>Objetivos del CNAA<\/h3>\n<p>Los objetivos del CNAA pueden resumirse como sigue:<\/p>\n<p>1) Contribuir al conocimiento y a la conservaci\u00f3n de los humedales y las aves acu\u00e1ticas, promoviendo la participaci\u00f3n local y la consolidaci\u00f3n de una red de instituciones y personas comprometidas con dicho fin.<\/p>\n<p>2) Contribuir a definir prioridades de investigaci\u00f3n y conservaci\u00f3n mediante la identificaci\u00f3n de humedales de importancia internacional o de sitios que albergan especies amenazadas, contribuyendo a la implementaci\u00f3n de tratados internacionales como la Convenci\u00f3n Ramsar o de los humedales, la Convenci\u00f3n de Biodiversidad y la Convenci\u00f3n de Bonn o de especies migratorias.<\/p>\n<p>3) Brindar el marco necesario para el monitoreo de los humedales de importancia internacional o regional, y en particular de los Sitios Ramsar, las Reservas de la RHRAP y las IBAs de Birdlife International.<\/p>\n<p>4) Estudiar la distribuci\u00f3n y la abundancia de las aves acu\u00e1ticas del Neotr\u00f3pico, aportando informaci\u00f3n de base para su conservaci\u00f3n y manejo.<\/p>\n","protected":false},"excerpt":{"rendered":"<p>El Censo Neotropical de Aves Acu\u00e1ticas (CNAA) es un programa de monitoreo a largo plazo, basado en conteos de aves acu\u00e1ticas que se realizan dos veces al a\u00f1o, en febrero y en julio, en\u00a0todos los\u00a0pa\u00edses de Am\u00e9rica del Sur.<\/p>\n","protected":false},"author":3,"featured_media":0,"parent":5340,"menu_order":0,"comment_status":"closed","ping_status":"closed","template":"","meta":{"_acf_changed":false,"_monsterinsights_skip_tracking":false,"_monsterinsights_sitenote_active":false,"_monsterinsights_sitenote_note":"","_monsterinsights_sitenote_category":0,"ep_exclude_from_search":false,"editor_notices":[],"footnotes":""},"wl_issue":[],"wl_topic":[23],"wl_type":[],"class_list":["post-5377","page","type-page","status-publish","hentry","wl_topic-neotropical-waterbird-census"],"acf":[],"yoast_head":"<!-- This site is optimized with the Yoast SEO plugin v27.4 - https:\/\/yoast.com\/product\/yoast-seo-wordpress\/ -->\n<title>Neotropical Waterbird Census - Wetlands International LAC<\/title>\n<meta name=\"robots\" content=\"index, follow, max-snippet:-1, max-image-preview:large, max-video-preview:-1\" \/>\n<link rel=\"canonical\" href=\"https:\/\/lac.wetlands.org\/en\/our-approach\/healthy-wetland-nature\/neotropical-waterbird-census\/\" \/>\n<meta property=\"og:locale\" content=\"en_US\" \/>\n<meta property=\"og:type\" content=\"article\" \/>\n<meta property=\"og:title\" content=\"Neotropical Waterbird Census - Wetlands International LAC\" \/>\n<meta property=\"og:description\" content=\"El Censo Neotropical de Aves Acu\u00e1ticas (CNAA) es un programa de monitoreo a largo plazo, basado en conteos de aves acu\u00e1ticas que se realizan dos veces al a\u00f1o, en febrero y en julio, en\u00a0todos los\u00a0pa\u00edses de Am\u00e9rica del Sur.\" \/>\n<meta property=\"og:url\" content=\"https:\/\/lac.wetlands.org\/en\/our-approach\/healthy-wetland-nature\/neotropical-waterbird-census\/\" \/>\n<meta property=\"og:site_name\" content=\"Wetlands International LAC\" \/>\n<meta property=\"article:publisher\" content=\"https:\/\/www.facebook.com\/fundacion.humedales\/\" \/>\n<meta property=\"article:modified_time\" content=\"2023-10-18T14:16:32+00:00\" \/>\n<meta property=\"og:image\" content=\"https:\/\/lac.wetlands.org\/DesktopModules\/QuickImageRepository\/image.ashx?thumb=1&amp;w=300&amp;fileid=2668\" \/>\n<meta name=\"twitter:card\" content=\"summary_large_image\" \/>\n<meta name=\"twitter:site\" content=\"@wetlands_lac\" \/>\n<meta name=\"twitter:label1\" content=\"Est. reading time\" \/>\n\t<meta name=\"twitter:data1\" content=\"2 minutes\" \/>\n<script type=\"application\/ld+json\" class=\"yoast-schema-graph\">{\"@context\":\"https:\\\/\\\/schema.org\",\"@graph\":[{\"@type\":\"WebPage\",\"@id\":\"https:\\\/\\\/lac.wetlands.org\\\/en\\\/our-approach\\\/healthy-wetland-nature\\\/neotropical-waterbird-census\\\/\",\"url\":\"https:\\\/\\\/lac.wetlands.org\\\/en\\\/our-approach\\\/healthy-wetland-nature\\\/neotropical-waterbird-census\\\/\",\"name\":\"Neotropical Waterbird Census - Wetlands International LAC\",\"isPartOf\":{\"@id\":\"https:\\\/\\\/lac.wetlands.org\\\/en\\\/#website\"},\"primaryImageOfPage\":{\"@id\":\"https:\\\/\\\/lac.wetlands.org\\\/en\\\/our-approach\\\/healthy-wetland-nature\\\/neotropical-waterbird-census\\\/#primaryimage\"},\"image\":{\"@id\":\"https:\\\/\\\/lac.wetlands.org\\\/en\\\/our-approach\\\/healthy-wetland-nature\\\/neotropical-waterbird-census\\\/#primaryimage\"},\"thumbnailUrl\":\"https:\\\/\\\/lac.wetlands.org\\\/DesktopModules\\\/QuickImageRepository\\\/image.ashx?thumb=1&amp;w=300&amp;fileid=2668\",\"datePublished\":\"2017-06-13T18:52:30+00:00\",\"dateModified\":\"2023-10-18T14:16:32+00:00\",\"breadcrumb\":{\"@id\":\"https:\\\/\\\/lac.wetlands.org\\\/en\\\/our-approach\\\/healthy-wetland-nature\\\/neotropical-waterbird-census\\\/#breadcrumb\"},\"inLanguage\":\"en-US\",\"potentialAction\":[{\"@type\":\"ReadAction\",\"target\":[\"https:\\\/\\\/lac.wetlands.org\\\/en\\\/our-approach\\\/healthy-wetland-nature\\\/neotropical-waterbird-census\\\/\"]}]},{\"@type\":\"ImageObject\",\"inLanguage\":\"en-US\",\"@id\":\"https:\\\/\\\/lac.wetlands.org\\\/en\\\/our-approach\\\/healthy-wetland-nature\\\/neotropical-waterbird-census\\\/#primaryimage\",\"url\":\"https:\\\/\\\/lac.wetlands.org\\\/DesktopModules\\\/QuickImageRepository\\\/image.ashx?thumb=1&amp;w=300&amp;fileid=2668\",\"contentUrl\":\"https:\\\/\\\/lac.wetlands.org\\\/DesktopModules\\\/QuickImageRepository\\\/image.ashx?thumb=1&amp;w=300&amp;fileid=2668\"},{\"@type\":\"BreadcrumbList\",\"@id\":\"https:\\\/\\\/lac.wetlands.org\\\/en\\\/our-approach\\\/healthy-wetland-nature\\\/neotropical-waterbird-census\\\/#breadcrumb\",\"itemListElement\":[{\"@type\":\"ListItem\",\"position\":1,\"name\":\"Home\",\"item\":\"https:\\\/\\\/lac.wetlands.org\\\/en\\\/\"},{\"@type\":\"ListItem\",\"position\":2,\"name\":\"Our Approach\",\"item\":\"https:\\\/\\\/lac.wetlands.org\\\/en\\\/our-approach\\\/\"},{\"@type\":\"ListItem\",\"position\":3,\"name\":\"Healthy Wetland Nature\",\"item\":\"https:\\\/\\\/lac.wetlands.org\\\/en\\\/our-approach\\\/healthy-wetland-nature\\\/\"},{\"@type\":\"ListItem\",\"position\":4,\"name\":\"Neotropical Waterbird Census\"}]},{\"@type\":\"WebSite\",\"@id\":\"https:\\\/\\\/lac.wetlands.org\\\/en\\\/#website\",\"url\":\"https:\\\/\\\/lac.wetlands.org\\\/en\\\/\",\"name\":\"Wetlands International LAC\",\"description\":\"To inspire and mobilise society to safeguard and restore wetlands for people and nature.\",\"publisher\":{\"@id\":\"https:\\\/\\\/lac.wetlands.org\\\/en\\\/#organization\"},\"potentialAction\":[{\"@type\":\"SearchAction\",\"target\":{\"@type\":\"EntryPoint\",\"urlTemplate\":\"https:\\\/\\\/lac.wetlands.org\\\/en\\\/?s={search_term_string}\"},\"query-input\":{\"@type\":\"PropertyValueSpecification\",\"valueRequired\":true,\"valueName\":\"search_term_string\"}}],\"inLanguage\":\"en-US\"},{\"@type\":\"Organization\",\"@id\":\"https:\\\/\\\/lac.wetlands.org\\\/en\\\/#organization\",\"name\":\"Wetlands International LAC\",\"url\":\"https:\\\/\\\/lac.wetlands.org\\\/en\\\/\",\"logo\":{\"@type\":\"ImageObject\",\"inLanguage\":\"en-US\",\"@id\":\"https:\\\/\\\/lac.wetlands.org\\\/en\\\/#\\\/schema\\\/logo\\\/image\\\/\",\"url\":\"https:\\\/\\\/lac.wetlands.org\\\/en\\\/wp-content\\\/uploads\\\/sites\\\/4\\\/2024\\\/06\\\/Wetlands-International-logo-RGB-High-res-Transparente.png\",\"contentUrl\":\"https:\\\/\\\/lac.wetlands.org\\\/en\\\/wp-content\\\/uploads\\\/sites\\\/4\\\/2024\\\/06\\\/Wetlands-International-logo-RGB-High-res-Transparente.png\",\"width\":1920,\"height\":949,\"caption\":\"Wetlands International LAC\"},\"image\":{\"@id\":\"https:\\\/\\\/lac.wetlands.org\\\/en\\\/#\\\/schema\\\/logo\\\/image\\\/\"},\"sameAs\":[\"https:\\\/\\\/www.facebook.com\\\/fundacion.humedales\\\/\",\"https:\\\/\\\/x.com\\\/wetlands_lac\",\"https:\\\/\\\/www.instagram.com\\\/lacwetlands\\\/\",\"https:\\\/\\\/www.youtube.com\\\/c\\\/WetlandsInternationalLAC\"]}]}<\/script>\n<!-- \/ Yoast SEO plugin. -->","yoast_head_json":{"title":"Neotropical Waterbird Census - Wetlands International LAC","robots":{"index":"index","follow":"follow","max-snippet":"max-snippet:-1","max-image-preview":"max-image-preview:large","max-video-preview":"max-video-preview:-1"},"canonical":"https:\/\/lac.wetlands.org\/en\/our-approach\/healthy-wetland-nature\/neotropical-waterbird-census\/","og_locale":"en_US","og_type":"article","og_title":"Neotropical Waterbird Census - Wetlands International LAC","og_description":"El Censo Neotropical de Aves Acu\u00e1ticas (CNAA) es un programa de monitoreo a largo plazo, basado en conteos de aves acu\u00e1ticas que se realizan dos veces al a\u00f1o, en febrero y en julio, en\u00a0todos los\u00a0pa\u00edses de Am\u00e9rica del Sur.","og_url":"https:\/\/lac.wetlands.org\/en\/our-approach\/healthy-wetland-nature\/neotropical-waterbird-census\/","og_site_name":"Wetlands International LAC","article_publisher":"https:\/\/www.facebook.com\/fundacion.humedales\/","article_modified_time":"2023-10-18T14:16:32+00:00","og_image":[{"url":"https:\/\/lac.wetlands.org\/DesktopModules\/QuickImageRepository\/image.ashx?thumb=1&amp;w=300&amp;fileid=2668","type":"","width":"","height":""}],"twitter_card":"summary_large_image","twitter_site":"@wetlands_lac","twitter_misc":{"Est. reading time":"2 minutes"},"schema":{"@context":"https:\/\/schema.org","@graph":[{"@type":"WebPage","@id":"https:\/\/lac.wetlands.org\/en\/our-approach\/healthy-wetland-nature\/neotropical-waterbird-census\/","url":"https:\/\/lac.wetlands.org\/en\/our-approach\/healthy-wetland-nature\/neotropical-waterbird-census\/","name":"Neotropical Waterbird Census - Wetlands International LAC","isPartOf":{"@id":"https:\/\/lac.wetlands.org\/en\/#website"},"primaryImageOfPage":{"@id":"https:\/\/lac.wetlands.org\/en\/our-approach\/healthy-wetland-nature\/neotropical-waterbird-census\/#primaryimage"},"image":{"@id":"https:\/\/lac.wetlands.org\/en\/our-approach\/healthy-wetland-nature\/neotropical-waterbird-census\/#primaryimage"},"thumbnailUrl":"https:\/\/lac.wetlands.org\/DesktopModules\/QuickImageRepository\/image.ashx?thumb=1&amp;w=300&amp;fileid=2668","datePublished":"2017-06-13T18:52:30+00:00","dateModified":"2023-10-18T14:16:32+00:00","breadcrumb":{"@id":"https:\/\/lac.wetlands.org\/en\/our-approach\/healthy-wetland-nature\/neotropical-waterbird-census\/#breadcrumb"},"inLanguage":"en-US","potentialAction":[{"@type":"ReadAction","target":["https:\/\/lac.wetlands.org\/en\/our-approach\/healthy-wetland-nature\/neotropical-waterbird-census\/"]}]},{"@type":"ImageObject","inLanguage":"en-US","@id":"https:\/\/lac.wetlands.org\/en\/our-approach\/healthy-wetland-nature\/neotropical-waterbird-census\/#primaryimage","url":"https:\/\/lac.wetlands.org\/DesktopModules\/QuickImageRepository\/image.ashx?thumb=1&amp;w=300&amp;fileid=2668","contentUrl":"https:\/\/lac.wetlands.org\/DesktopModules\/QuickImageRepository\/image.ashx?thumb=1&amp;w=300&amp;fileid=2668"},{"@type":"BreadcrumbList","@id":"https:\/\/lac.wetlands.org\/en\/our-approach\/healthy-wetland-nature\/neotropical-waterbird-census\/#breadcrumb","itemListElement":[{"@type":"ListItem","position":1,"name":"Home","item":"https:\/\/lac.wetlands.org\/en\/"},{"@type":"ListItem","position":2,"name":"Our Approach","item":"https:\/\/lac.wetlands.org\/en\/our-approach\/"},{"@type":"ListItem","position":3,"name":"Healthy Wetland Nature","item":"https:\/\/lac.wetlands.org\/en\/our-approach\/healthy-wetland-nature\/"},{"@type":"ListItem","position":4,"name":"Neotropical Waterbird Census"}]},{"@type":"WebSite","@id":"https:\/\/lac.wetlands.org\/en\/#website","url":"https:\/\/lac.wetlands.org\/en\/","name":"Wetlands International LAC","description":"To inspire and mobilise society to safeguard and restore wetlands for people and nature.","publisher":{"@id":"https:\/\/lac.wetlands.org\/en\/#organization"},"potentialAction":[{"@type":"SearchAction","target":{"@type":"EntryPoint","urlTemplate":"https:\/\/lac.wetlands.org\/en\/?s={search_term_string}"},"query-input":{"@type":"PropertyValueSpecification","valueRequired":true,"valueName":"search_term_string"}}],"inLanguage":"en-US"},{"@type":"Organization","@id":"https:\/\/lac.wetlands.org\/en\/#organization","name":"Wetlands International LAC","url":"https:\/\/lac.wetlands.org\/en\/","logo":{"@type":"ImageObject","inLanguage":"en-US","@id":"https:\/\/lac.wetlands.org\/en\/#\/schema\/logo\/image\/","url":"https:\/\/lac.wetlands.org\/en\/wp-content\/uploads\/sites\/4\/2024\/06\/Wetlands-International-logo-RGB-High-res-Transparente.png","contentUrl":"https:\/\/lac.wetlands.org\/en\/wp-content\/uploads\/sites\/4\/2024\/06\/Wetlands-International-logo-RGB-High-res-Transparente.png","width":1920,"height":949,"caption":"Wetlands International LAC"},"image":{"@id":"https:\/\/lac.wetlands.org\/en\/#\/schema\/logo\/image\/"},"sameAs":["https:\/\/www.facebook.com\/fundacion.humedales\/","https:\/\/x.com\/wetlands_lac","https:\/\/www.instagram.com\/lacwetlands\/","https:\/\/www.youtube.com\/c\/WetlandsInternationalLAC"]}]}},"_links":{"self":[{"href":"https:\/\/lac.wetlands.org\/en\/wp-json\/wp\/v2\/pages\/5377"}],"collection":[{"href":"https:\/\/lac.wetlands.org\/en\/wp-json\/wp\/v2\/pages"}],"about":[{"href":"https:\/\/lac.wetlands.org\/en\/wp-json\/wp\/v2\/types\/page"}],"author":[{"embeddable":true,"href":"https:\/\/lac.wetlands.org\/en\/wp-json\/wp\/v2\/users\/3"}],"replies":[{"embeddable":true,"href":"https:\/\/lac.wetlands.org\/en\/wp-json\/wp\/v2\/comments?post=5377"}],"version-history":[{"count":1,"href":"https:\/\/lac.wetlands.org\/en\/wp-json\/wp\/v2\/pages\/5377\/revisions"}],"predecessor-version":[{"id":5717,"href":"https:\/\/lac.wetlands.org\/en\/wp-json\/wp\/v2\/pages\/5377\/revisions\/5717"}],"up":[{"embeddable":true,"href":"https:\/\/lac.wetlands.org\/en\/wp-json\/wp\/v2\/pages\/5340"}],"wp:attachment":[{"href":"https:\/\/lac.wetlands.org\/en\/wp-json\/wp\/v2\/media?parent=5377"}],"wp:term":[{"taxonomy":"wl_issue","embeddable":true,"href":"https:\/\/lac.wetlands.org\/en\/wp-json\/wp\/v2\/wl_issue?post=5377"},{"taxonomy":"wl_topic","embeddable":true,"href":"https:\/\/lac.wetlands.org\/en\/wp-json\/wp\/v2\/wl_topic?post=5377"},{"taxonomy":"wl_type","embeddable":true,"href":"https:\/\/lac.wetlands.org\/en\/wp-json\/wp\/v2\/wl_type?post=5377"}],"curies":[{"name":"wp","href":"https:\/\/api.w.org\/{rel}","templated":true}]}}