{"id":4,"date":"2023-04-26T12:24:52","date_gmt":"2023-04-26T12:24:52","guid":{"rendered":"https:\/\/template.wetlands-prod.level-level.nl\/?page_id=4"},"modified":"2026-03-20T16:14:33","modified_gmt":"2026-03-20T20:14:33","slug":"home","status":"publish","type":"page","link":"https:\/\/lac.wetlands.org\/pt-br\/","title":{"rendered":"In\u00edcio"},"content":{"rendered":"\n\n\t<div class=\"alignfull\" data-name=\"acf\/block-homepage-hero\">\n\t\t<div class=\"hero-homepage\">\n\t<div class=\"hero-homepage__image\">\n\t\t<img loading=\"lazy\" decoding=\"async\" width=\"1024\" height=\"682\" src=\"https:\/\/lac.wetlands.org\/pt-br\/wp-content\/uploads\/sites\/5\/2025\/11\/DJI_0986-Jeferson-Prado-1024x682.jpg\" class=\"lg:hidden\" alt=\"\" srcset=\"https:\/\/lac.wetlands.org\/pt-br\/wp-content\/uploads\/sites\/5\/2025\/11\/DJI_0986-Jeferson-Prado-1024x682.jpg 1024w, https:\/\/lac.wetlands.org\/pt-br\/wp-content\/uploads\/sites\/5\/2025\/11\/DJI_0986-Jeferson-Prado-300x200.jpg 300w, https:\/\/lac.wetlands.org\/pt-br\/wp-content\/uploads\/sites\/5\/2025\/11\/DJI_0986-Jeferson-Prado-768x512.jpg 768w, https:\/\/lac.wetlands.org\/pt-br\/wp-content\/uploads\/sites\/5\/2025\/11\/DJI_0986-Jeferson-Prado-1536x1023.jpg 1536w, https:\/\/lac.wetlands.org\/pt-br\/wp-content\/uploads\/sites\/5\/2025\/11\/DJI_0986-Jeferson-Prado-2048x1365.jpg 2048w\" sizes=\"(max-width: 1024px) 100vw, 1024px\" \/>\n\t\t<img loading=\"lazy\" decoding=\"async\" width=\"1920\" height=\"1050\" src=\"https:\/\/lac.wetlands.org\/pt-br\/wp-content\/uploads\/sites\/5\/2025\/11\/DJI_0986-Jeferson-Prado-1920x1050.jpg\" class=\"hidden lg:block\" alt=\"\" \/>\n\t<\/div>\n\n\t<div class=\"hero-homepage__wave\" aria-hidden=\"true\">\n\t\t<svg viewBox=\"0 0 1440 179\" fill=\"none\" xmlns=\"http:\/\/www.w3.org\/2000\/svg\" role=\"presentation\"><path fill-rule=\"evenodd\" clip-rule=\"evenodd\" d=\"M1440 178.867V4.07s-220.04-39.016-657.632 124.549c-96.732 36.158-188.929 50.243-273.869 50.248H1440Zm-931.588 0H0V4.07s209.155 174.78 508.412 174.797Z\" fill=\"var(--base-50)\"\/><\/svg>\n\t<\/div>\n<\/div>\n\n\t<div class=\"hero-homepage__content\">\n\t\t\t<div class=\"text-blob\">\n\t\t<div class=\"text-blob__inner\">\n\t\t\t\t\t\t<h1 class=\"text-blob__text\">\n\t\t\t\tWetlands International Brasil na COP15 CMS\n\t\t\t<\/h1>\n\n\t\t\t\t\t\t\t<div class=\"text-blob__button\">\n\t\t\t\t\t<div class=\"text-blob__button-shape\">\n\t\t\t\t\t\t<svg width=\"186\" height=\"148\" viewBox=\"0 0 186 148\" fill=\"none\" xmlns=\"http:\/\/www.w3.org\/2000\/svg\"><path d=\"M3.324 113.342C42.417 35.33 24.328 2.718 76.317.158c52.352.893 78.641 33.868 90.985 47.834 48.51 54.887-8.882 96.046-60.871 98.606-65.803 3.24-117.707-4.126-103.109-33.256Z\" fill=\"#CEE5EE\"\/><\/svg>\n\t\t\t\t\t<\/div>\n\n\t\t\t\t\t\n\n\t<a\n\t\thref=\"https&#x3A;&#x2F;&#x2F;lac.wetlands.org&#x2F;pt-br&#x2F;mupan-e-wetlands-international-brasil-realizam-eventos-e-exposicao-sobre-areas-umidas-durante-a-cop15-cms-em-campo-grande&#x2F;\"\n\t\tclass=\"btn btn--primary\"\n\t\t\t\t\t\t\t>\n\t\t\n\t\t\t\t\t<span class=\"btn__text\">\n\t\t\t\tSaiba Mais\n\n\t\t\t\t\t\t\t<\/span>\n\t\t\n\t\t\t\t\t\t\t<span class=\"btn__icon\">\n\t\t<span class=\"icon-inline icon-arrow-right\" aria-hidden=\"true\"><svg width=\"24\" height=\"24\" viewBox=\"0 0 24 24\" fill=\"none\" xmlns=\"http:\/\/www.w3.org\/2000\/svg\"><path d=\"M20.03 7.72a.75.75 0 1 0-1.06 1.06l2.47 2.47H.75a.75.75 0 0 0 0 1.5h20.69l-2.47 2.47a.75.75 0 1 0 1.06 1.06l3.75-3.75a.747.747 0 0 0 0-1.06l-3.75-3.75Z\" fill=\"#1A1A1A\"\/><\/svg>\n<\/span>\n\t<\/span>\n\t\n\t\t\t<\/a>\n\t\t\t\t<\/div>\n\t\t\t\t\t<\/div>\n\t<\/div>\n\t<\/div>\n\t<\/div>\n\n\n\n<p><\/p>\n\n\n\n\t<div class=\"alignwide\" data-name=\"acf\/block-introduction\">\n\t\t<div class=\"grid-narrow\">\n\t\t\t<div class=\"col-span-full md:col-start-2 md:col-span-4 lg:col-start-4 lg:col-span-6\">\n\t\t\t\t<div class=\"flex flex-col gap-4 md:text-center\">\n\t\t\t\t\t<h2 class=\"block-title-big\">O que s\u00e3o \u00e1reas \u00famidas?<\/h2>\n\n\t\t\t\t\t<div class=\"entry-content\">\n\t\t\t\t\t\t<p>\u00c1reas \u00famidas ocorrem onde a \u00e1gua encontra a terra. Esses habitats \u00fanicos incluem manguezais, turfeiras, p\u00e2ntanos, rios e lagos, deltas, plan\u00edcies aluviais, florestas inundadas, campos de arroz e at\u00e9 recifes de corais. \u00c1reas \u00famidas saud\u00e1veis s\u00e3o fundamentais para a resolu\u00e7\u00e3o das crises interligadas do clima, da biodiversidade e da \u00e1gua.<\/p>\n<p>A Wetlands International \u00e9 uma organiza\u00e7\u00e3o global sem fins lucrativos dedicada \u00e0 conserva\u00e7\u00e3o e restaura\u00e7\u00e3o das \u00e1reas \u00famidas. Nossa vis\u00e3o \u00e9 um mundo onde as \u00e1reas \u00famidas sejam valorizadas e cuidadas pela sua beleza, pelas vidas sustentam e pelos recursos que fornecem.<\/p>\n\n\t\t\t\t\t<\/div>\n\n\t\t\t\t\t\t\t\t\t<\/div>\n\t\t\t<\/div>\n\t\t<\/div>\n\t<\/div>\n\n\n\n\t<div class=\"alignwide\" data-name=\"acf\/block-case-studies\">\n\t\t\t\t\t<h2 class=\"screen-reader-text\">A list of case studies<\/h2>\n\t\t\n\t\t<div class=\"flex flex-col gap-4\">\n\n\t\t\t\n\t\t\t<ul class=\"grid-narrow gap-y-4 sm:gap-y-8\">\n\t\t\t\t\n\t\t\t\t\t\t\t\t\t\t \t\t\t\t\t\n\t\t\t\t\t\t\t\t\t\t\t\t\t\t\t\t\t \t\t\t\t\t\t\t\t\t\t\t\n\t\t\t\t\t<li class=\"col-span-full lg:mb-16\">\n\t\t\t\t\t\t\t\t\t\t\t\t<div class=\"teaser-case-study teaser-case-study--inline\">\n\t<div class=\"flex flex-col md:grid md:grid-cols-12 md:items-center\">\n\t\t\t<div class=\"md:col-span-12 md:col-start-1 md:row-span-full lg:col-span-9 lg:col-start-1\">\n\t\t\t\t<div class=\"teaser-case-study__image-thumbnail\">\n\t\t\t\t\t<img loading=\"lazy\" decoding=\"async\" width=\"958\" height=\"634\" src=\"https:\/\/lac.wetlands.org\/pt-br\/wp-content\/uploads\/sites\/5\/2018\/05\/Aprovada-a-Estrategia-Nacional-de-Areas-Umidas_foto-Jose-Sabino-958x634.jpg\" class=\"attachment-case_study_inline size-case_study_inline\" alt=\"\" \/>\n\t\t\t\t<\/div>\n\t\t\t<\/div>\n\t\t<div class=\"md:col-span-8 lg:col-span-7 md:col-start-3 lg:col-start-6 md:row-span-full\">\n\t\t\t<div class=\"teaser-case-study__inner\">\n\t\t\t\t<div class=\"flex flex-col gap-4 lg:gap-6\">\n\t\t\t\t\t\t\t\t\t\t<h3 class=\"teaser-case-study__title\">Programa Corredor Azul \u2022 Pantanal<\/h3>\n\n\t\t\t\t\t<p>Conectando pessoas, natureza e economias ao longo do sistema Paran\u00e1-Paraguai de \u00c1reas \u00damidas&nbsp; O que \u00e9 o Programa Corredor Azul? O Programa Corredor Azul teve in\u00edcio em 2017 e tem como objetivo preservar a sa\u00fade e a conectividade do sistema Paran\u00e1-Paraguai de \u00e1reas \u00famidas como patrim\u00f4nio natural fundamental para o desenvolvimento sustent\u00e1vel da regi\u00e3o e [&hellip;]<\/p>\n\n\n\t\t\t\t\t<div>\n\t\t\t\t\t\t\n\n\t<a\n\t\thref=\"https&#x3A;&#x2F;&#x2F;lac.wetlands.org&#x2F;pt-br&#x2F;estudo-de-caso&#x2F;programa-corredor-azul-conectando-gente-naturaleza-economias-lo-largo-del-sistema-humedales-parana-paraguay&#x2F;\"\n\t\tclass=\"btn btn--secondary\"\n\t\t\t\t\taria-label=\"Read&#x20;case&#x20;study&#x3A;&#x20;Programa&#x20;Corredor&#x20;Azul&#x20;&#x2022;&#x20;Pantanal\"\n\t\t\t\t\t\t\t>\n\t\t\n\t\t\t\t\t<span class=\"btn__text\">\n\t\t\t\tRead case study\n\n\t\t\t\t\t\t\t<\/span>\n\t\t\n\t\t\t\t\t\t\t<span class=\"btn__icon\">\n\t\t<span class=\"icon-inline icon-arrow-right\" aria-hidden=\"true\"><svg width=\"24\" height=\"24\" viewBox=\"0 0 24 24\" fill=\"none\" xmlns=\"http:\/\/www.w3.org\/2000\/svg\"><path d=\"M20.03 7.72a.75.75 0 1 0-1.06 1.06l2.47 2.47H.75a.75.75 0 0 0 0 1.5h20.69l-2.47 2.47a.75.75 0 1 0 1.06 1.06l3.75-3.75a.747.747 0 0 0 0-1.06l-3.75-3.75Z\" fill=\"#1A1A1A\"\/><\/svg>\n<\/span>\n\t<\/span>\n\t\n\t\t\t<\/a>\n\t\t\t\t\t<\/div>\n\t\t\t\t<\/div>\n\t\t\t<\/div>\n\t\t<\/div>\n\t<\/div>\n<\/div>\n\t\t\t\t\t<\/li>\n\t\t\t\t\t\t\t<\/ul>\n\n\t\t\t\n\t\t<\/div>\n\t<\/div>\n\n\n\n\t<div class=\"alignwide\" data-name=\"acf\/block-insights\">\n\t\t<div class=\"flex flex-col gap-4\">\n\n\t\t\t<h2 class=\"block-title\">Not\u00edcias<\/h2>\n\n\t\t\t\n\t\t\t<ul class=\"grid grid-cols-2 gap-4 sm:gap-8 sm:gap-y-6\">\n\t\t\t\t\t\t\t\t\t\n\t\t\t\t\t\t\t\t\t\t\t\t\t\t\t\n\t\t\t\t\t\t\t\t\t\t\t\t\t\t\t\t\t\t\t\t\t\t\t\t\t\t\t\t\n\t\t\t\t\t<li class=\"col-span-2 row-span-3 lg:col-span-1\">\n\t\t\t\t\t\t<div class=\"teaser-insight \">\n\n\t<div class=\"teaser-insight__thumbnail teaser-insight__thumbnail--large\">\n\t\t<img loading=\"lazy\" decoding=\"async\" width=\"1024\" height=\"683\" src=\"https:\/\/lac.wetlands.org\/pt-br\/wp-content\/uploads\/sites\/5\/2026\/03\/IMG_0883-1024x683.jpeg\" class=\"attachment-large size-large\" alt=\"\" srcset=\"https:\/\/lac.wetlands.org\/pt-br\/wp-content\/uploads\/sites\/5\/2026\/03\/IMG_0883-1024x683.jpeg 1024w, https:\/\/lac.wetlands.org\/pt-br\/wp-content\/uploads\/sites\/5\/2026\/03\/IMG_0883-300x200.jpeg 300w, https:\/\/lac.wetlands.org\/pt-br\/wp-content\/uploads\/sites\/5\/2026\/03\/IMG_0883-768x512.jpeg 768w, https:\/\/lac.wetlands.org\/pt-br\/wp-content\/uploads\/sites\/5\/2026\/03\/IMG_0883-1536x1025.jpeg 1536w, https:\/\/lac.wetlands.org\/pt-br\/wp-content\/uploads\/sites\/5\/2026\/03\/IMG_0883.jpeg 2048w\" sizes=\"(max-width: 1024px) 100vw, 1024px\" \/>\n\t<\/div>\n\n\t<div class=\"teaser-insight__inner\">\n\t\t<div class=\"flex flex-col gap-4\">\n\n\t\t\t\t\t\t<h3 class=\"teaser-insight__title\">\n\t\t\t\t<a href=\"https:\/\/lac.wetlands.org\/pt-br\/carta-entregue-ao-presidente-da-cop15-cms-reforca-urgencia-na-protecao-do-pantanal\/\" class=\"teaser-insight__link\">\n\t\t\t\t\tCarta entregue ao presidente da COP15 CMS refor\u00e7a urg\u00eancia na prote\u00e7\u00e3o do Pantanal\n\t\t\t\t<\/a>\n\t\t\t<\/h3>\n\n\t\t\t<div class=\"flex items-center gap-2\">\n\t\t\t\t\t\t\t\t\t<div>\n\t\t\t\t\t\t<span class=\"screen-reader-text\">Published as:<\/span>\n\t\t\t\t\t\t\t<div class=\"badge\">\n\t\tNews\n\t<\/div>\n\t\t\t\t\t<\/div>\n\t\t\t\t\n\t\t\t\t<div class=\"teaser-insight__date\">\n\t\t\t\t\t<span class=\"screen-reader-text\">Published on:<\/span>\n\t\t\t\t\t<time datetime=\"2026-03-30\">30 de mar\u00e7o de 2026<\/time>\n\t\t\t\t<\/div>\n\t\t\t<\/div>\n\t\t<\/div>\n\t<\/div>\n<\/div>\n\t\t\t\t\t<\/li>\n\t\t\t\t\t\t\t\t\t\n\t\t\t\t\t\t\t\t\t\t\t\t\t\t\t\n\t\t\t\t\t\n\t\t\t\t\t<li class=\"\">\n\t\t\t\t\t\t<div class=\"teaser-insight teaser-insight--inline\">\n\n\t<div class=\"teaser-insight__thumbnail \">\n\t\t<img loading=\"lazy\" decoding=\"async\" width=\"1024\" height=\"590\" src=\"https:\/\/lac.wetlands.org\/pt-br\/wp-content\/uploads\/sites\/5\/2026\/03\/bioculturais5-scaled-e1774716654804-1024x590.jpg\" class=\"attachment-large size-large\" alt=\"\" srcset=\"https:\/\/lac.wetlands.org\/pt-br\/wp-content\/uploads\/sites\/5\/2026\/03\/bioculturais5-scaled-e1774716654804-1024x590.jpg 1024w, https:\/\/lac.wetlands.org\/pt-br\/wp-content\/uploads\/sites\/5\/2026\/03\/bioculturais5-scaled-e1774716654804-300x173.jpg 300w, https:\/\/lac.wetlands.org\/pt-br\/wp-content\/uploads\/sites\/5\/2026\/03\/bioculturais5-scaled-e1774716654804-768x443.jpg 768w, https:\/\/lac.wetlands.org\/pt-br\/wp-content\/uploads\/sites\/5\/2026\/03\/bioculturais5-scaled-e1774716654804-1536x886.jpg 1536w, https:\/\/lac.wetlands.org\/pt-br\/wp-content\/uploads\/sites\/5\/2026\/03\/bioculturais5-scaled-e1774716654804-2048x1181.jpg 2048w\" sizes=\"(max-width: 1024px) 100vw, 1024px\" \/>\n\t<\/div>\n\n\t<div class=\"teaser-insight__inner\">\n\t\t<div class=\"flex flex-col gap-4\">\n\n\t\t\t\t\t\t<h3 class=\"teaser-insight__title\">\n\t\t\t\t<a href=\"https:\/\/lac.wetlands.org\/pt-br\/especialistas-defendem-uniao-entre-ciencia-e-comunidades-para-evitar-colapso-das-areas-umidas\/\" class=\"teaser-insight__link\">\n\t\t\t\t\tEspecialistas defendem uni\u00e3o entre ci\u00eancia e comunidades para evitar colapso das \u00e1reas \u00famidas\u00a0\n\t\t\t\t<\/a>\n\t\t\t<\/h3>\n\n\t\t\t<div class=\"flex items-center gap-2\">\n\t\t\t\t\t\t\t\t\t<div>\n\t\t\t\t\t\t<span class=\"screen-reader-text\">Published as:<\/span>\n\t\t\t\t\t\t\t<div class=\"badge\">\n\t\tNews\n\t<\/div>\n\t\t\t\t\t<\/div>\n\t\t\t\t\n\t\t\t\t<div class=\"teaser-insight__date\">\n\t\t\t\t\t<span class=\"screen-reader-text\">Published on:<\/span>\n\t\t\t\t\t<time datetime=\"2026-03-28\">28 de mar\u00e7o de 2026<\/time>\n\t\t\t\t<\/div>\n\t\t\t<\/div>\n\t\t<\/div>\n\t<\/div>\n<\/div>\n\t\t\t\t\t<\/li>\n\t\t\t\t\t\t\t\t\t\n\t\t\t\t\t\t\t\t\t\t\t\t\t\t\t\n\t\t\t\t\t\n\t\t\t\t\t<li class=\"\">\n\t\t\t\t\t\t<div class=\"teaser-insight teaser-insight--inline\">\n\n\t<div class=\"teaser-insight__thumbnail \">\n\t\t<img loading=\"lazy\" decoding=\"async\" width=\"1024\" height=\"630\" src=\"https:\/\/lac.wetlands.org\/pt-br\/wp-content\/uploads\/sites\/5\/2026\/03\/WhatsApp-Image-2026-03-25-at-13.25.21-1-e1774473194191-1024x630.jpeg\" class=\"attachment-large size-large\" alt=\"\" srcset=\"https:\/\/lac.wetlands.org\/pt-br\/wp-content\/uploads\/sites\/5\/2026\/03\/WhatsApp-Image-2026-03-25-at-13.25.21-1-e1774473194191-1024x630.jpeg 1024w, https:\/\/lac.wetlands.org\/pt-br\/wp-content\/uploads\/sites\/5\/2026\/03\/WhatsApp-Image-2026-03-25-at-13.25.21-1-e1774473194191-300x184.jpeg 300w, https:\/\/lac.wetlands.org\/pt-br\/wp-content\/uploads\/sites\/5\/2026\/03\/WhatsApp-Image-2026-03-25-at-13.25.21-1-e1774473194191-768x472.jpeg 768w, https:\/\/lac.wetlands.org\/pt-br\/wp-content\/uploads\/sites\/5\/2026\/03\/WhatsApp-Image-2026-03-25-at-13.25.21-1-e1774473194191.jpeg 1280w\" sizes=\"(max-width: 1024px) 100vw, 1024px\" \/>\n\t<\/div>\n\n\t<div class=\"teaser-insight__inner\">\n\t\t<div class=\"flex flex-col gap-4\">\n\n\t\t\t\t\t\t<h3 class=\"teaser-insight__title\">\n\t\t\t\t<a href=\"https:\/\/lac.wetlands.org\/pt-br\/painel-sobre-o-fogo-destaca-tecnologias-de-monitoramento-no-pantanal-e-da-protagonismo-a-brigadistas-indigenas-durante-cop15\/\" class=\"teaser-insight__link\">\n\t\t\t\t\tPainel sobre o fogo destaca tecnologias de monitoramento no Pantanal e d\u00e1 protagonismo a brigadistas ind\u00edgenas\u00a0 durante COP15\u00a0\n\t\t\t\t<\/a>\n\t\t\t<\/h3>\n\n\t\t\t<div class=\"flex items-center gap-2\">\n\t\t\t\t\t\t\t\t\t<div>\n\t\t\t\t\t\t<span class=\"screen-reader-text\">Published as:<\/span>\n\t\t\t\t\t\t\t<div class=\"badge\">\n\t\tNews\n\t<\/div>\n\t\t\t\t\t<\/div>\n\t\t\t\t\n\t\t\t\t<div class=\"teaser-insight__date\">\n\t\t\t\t\t<span class=\"screen-reader-text\">Published on:<\/span>\n\t\t\t\t\t<time datetime=\"2026-03-25\">25 de mar\u00e7o de 2026<\/time>\n\t\t\t\t<\/div>\n\t\t\t<\/div>\n\t\t<\/div>\n\t<\/div>\n<\/div>\n\t\t\t\t\t<\/li>\n\t\t\t\t\t\t\t<\/ul>\n\t\t<\/div>\n\t<\/div>\n\n\n\n\t<div class=\"aligncenter\" data-name=\"acf\/block-buttons\">\n\t\t<ul class=\"flex flex-wrap items-center gap-4\">\n\t\t\t\t\t\t\t<li>\n\t\t\t\t\t\t\t\t\t\t\n\n\t<a\n\t\thref=\"https&#x3A;&#x2F;&#x2F;lac.wetlands.org&#x2F;pt-br&#x2F;noticias&#x2F;\"\n\t\tclass=\"btn btn--ghost&#x20;btn--full\"\n\t\t\t\t\t\t\t>\n\t\t\n\t\t\t\t\t<span class=\"btn__text\">\n\t\t\t\tMais not\u00edcias\n\n\t\t\t\t\t\t\t<\/span>\n\t\t\n\t\t\t\t\t\t\n\t\t\t<\/a>\n\t\t\t\t<\/li>\n\t\t\t\t\t<\/ul>\n\t<\/div>\n","protected":false},"excerpt":{"rendered":"","protected":false},"author":29,"featured_media":7841,"parent":2,"menu_order":0,"comment_status":"closed","ping_status":"closed","template":"","meta":{"_acf_changed":false,"_monsterinsights_skip_tracking":false,"_monsterinsights_sitenote_active":false,"_monsterinsights_sitenote_note":"","_monsterinsights_sitenote_category":0,"ep_exclude_from_search":false,"editor_notices":[],"footnotes":""},"wl_issue":[],"wl_topic":[4],"wl_type":[],"class_list":["post-4","page","type-page","status-publish","has-post-thumbnail","hentry","wl_topic-corredor-azul"],"acf":[],"yoast_head":"<!-- This site is optimized with the Yoast SEO plugin v27.2 - https:\/\/yoast.com\/product\/yoast-seo-wordpress\/ -->\n<title>In\u00edcio - Wetlands International Brazil<\/title>\n<meta name=\"robots\" content=\"index, follow, max-snippet:-1, max-image-preview:large, max-video-preview:-1\" \/>\n<link rel=\"canonical\" href=\"https:\/\/lac.wetlands.org\/pt-br\/\" \/>\n<meta property=\"og:locale\" content=\"pt_BR\" \/>\n<meta property=\"og:type\" content=\"article\" \/>\n<meta property=\"og:title\" content=\"In\u00edcio - Wetlands International Brazil\" \/>\n<meta property=\"og:url\" content=\"https:\/\/lac.wetlands.org\/pt-br\/\" \/>\n<meta property=\"og:site_name\" content=\"Wetlands International Brazil\" \/>\n<meta property=\"article:publisher\" content=\"https:\/\/www.facebook.com\/WetlandsIntBR\" \/>\n<meta property=\"article:modified_time\" content=\"2026-03-20T20:14:33+00:00\" \/>\n<meta property=\"og:image\" content=\"https:\/\/lac.wetlands.org\/pt-br\/wp-content\/uploads\/sites\/5\/2025\/11\/DJI_0986-Jeferson-Prado-scaled.jpg\" \/>\n\t<meta property=\"og:image:width\" content=\"2560\" \/>\n\t<meta property=\"og:image:height\" content=\"1706\" \/>\n\t<meta property=\"og:image:type\" content=\"image\/jpeg\" \/>\n<meta name=\"twitter:card\" content=\"summary_large_image\" \/>\n<meta name=\"twitter:label1\" content=\"Est. tempo de leitura\" \/>\n\t<meta name=\"twitter:data1\" content=\"1 minuto\" \/>\n<script type=\"application\/ld+json\" class=\"yoast-schema-graph\">{\"@context\":\"https:\/\/schema.org\",\"@graph\":[{\"@type\":\"WebPage\",\"@id\":\"https:\/\/lac.wetlands.org\/pt-br\/\",\"url\":\"https:\/\/lac.wetlands.org\/pt-br\/\",\"name\":\"In\u00edcio - Wetlands International Brazil\",\"isPartOf\":{\"@id\":\"https:\/\/lac.wetlands.org\/pt-br\/#website\"},\"primaryImageOfPage\":{\"@id\":\"https:\/\/lac.wetlands.org\/pt-br\/#primaryimage\"},\"image\":{\"@id\":\"https:\/\/lac.wetlands.org\/pt-br\/#primaryimage\"},\"thumbnailUrl\":\"https:\/\/lac.wetlands.org\/pt-br\/wp-content\/uploads\/sites\/5\/2025\/11\/DJI_0986-Jeferson-Prado-scaled.jpg\",\"datePublished\":\"2023-04-26T12:24:52+00:00\",\"dateModified\":\"2026-03-20T20:14:33+00:00\",\"breadcrumb\":{\"@id\":\"https:\/\/lac.wetlands.org\/pt-br\/#breadcrumb\"},\"inLanguage\":\"pt-BR\",\"potentialAction\":[{\"@type\":\"ReadAction\",\"target\":[\"https:\/\/lac.wetlands.org\/pt-br\/\"]}]},{\"@type\":\"ImageObject\",\"inLanguage\":\"pt-BR\",\"@id\":\"https:\/\/lac.wetlands.org\/pt-br\/#primaryimage\",\"url\":\"https:\/\/lac.wetlands.org\/pt-br\/wp-content\/uploads\/sites\/5\/2025\/11\/DJI_0986-Jeferson-Prado-scaled.jpg\",\"contentUrl\":\"https:\/\/lac.wetlands.org\/pt-br\/wp-content\/uploads\/sites\/5\/2025\/11\/DJI_0986-Jeferson-Prado-scaled.jpg\",\"width\":2560,\"height\":1706},{\"@type\":\"BreadcrumbList\",\"@id\":\"https:\/\/lac.wetlands.org\/pt-br\/#breadcrumb\",\"itemListElement\":[{\"@type\":\"ListItem\",\"position\":1,\"name\":\"Home\",\"item\":\"https:\/\/lac.wetlands.org\/pt-br\/\"},{\"@type\":\"ListItem\",\"position\":2,\"name\":\"Sample Page\",\"item\":\"https:\/\/lac.wetlands.org\/pt-br\/sample-page\/\"},{\"@type\":\"ListItem\",\"position\":3,\"name\":\"In\u00edcio\"}]},{\"@type\":\"WebSite\",\"@id\":\"https:\/\/lac.wetlands.org\/pt-br\/#website\",\"url\":\"https:\/\/lac.wetlands.org\/pt-br\/\",\"name\":\"Wetlands International Brazil\",\"description\":\"Para inspirar e mobilizar a sociedade a proteger e restaurar as \u00e1reas \u00famidas para as pessoas e a natureza.\",\"publisher\":{\"@id\":\"https:\/\/lac.wetlands.org\/pt-br\/#organization\"},\"potentialAction\":[{\"@type\":\"SearchAction\",\"target\":{\"@type\":\"EntryPoint\",\"urlTemplate\":\"https:\/\/lac.wetlands.org\/pt-br\/?s={search_term_string}\"},\"query-input\":{\"@type\":\"PropertyValueSpecification\",\"valueRequired\":true,\"valueName\":\"search_term_string\"}}],\"inLanguage\":\"pt-BR\"},{\"@type\":\"Organization\",\"@id\":\"https:\/\/lac.wetlands.org\/pt-br\/#organization\",\"name\":\"Wetlands International Brazil\",\"url\":\"https:\/\/lac.wetlands.org\/pt-br\/\",\"logo\":{\"@type\":\"ImageObject\",\"inLanguage\":\"pt-BR\",\"@id\":\"https:\/\/lac.wetlands.org\/pt-br\/#\/schema\/logo\/image\/\",\"url\":\"https:\/\/lac.wetlands.org\/pt-br\/wp-content\/uploads\/sites\/5\/2024\/07\/Wetlands-International-logo-RGB-High-res-Transparente.png\",\"contentUrl\":\"https:\/\/lac.wetlands.org\/pt-br\/wp-content\/uploads\/sites\/5\/2024\/07\/Wetlands-International-logo-RGB-High-res-Transparente.png\",\"width\":1920,\"height\":949,\"caption\":\"Wetlands International Brazil\"},\"image\":{\"@id\":\"https:\/\/lac.wetlands.org\/pt-br\/#\/schema\/logo\/image\/\"},\"sameAs\":[\"https:\/\/www.facebook.com\/WetlandsIntBR\",\"https:\/\/www.instagram.com\/wetlandsintbr\/?hl=pt-br\/\",\"https:\/\/www.youtube.com\/channel\/UCQ0t8SqNdRY164b1jd2Vr5w\"]}]}<\/script>\n<!-- \/ Yoast SEO plugin. -->","yoast_head_json":{"title":"In\u00edcio - Wetlands International Brazil","robots":{"index":"index","follow":"follow","max-snippet":"max-snippet:-1","max-image-preview":"max-image-preview:large","max-video-preview":"max-video-preview:-1"},"canonical":"https:\/\/lac.wetlands.org\/pt-br\/","og_locale":"pt_BR","og_type":"article","og_title":"In\u00edcio - Wetlands International Brazil","og_url":"https:\/\/lac.wetlands.org\/pt-br\/","og_site_name":"Wetlands International Brazil","article_publisher":"https:\/\/www.facebook.com\/WetlandsIntBR","article_modified_time":"2026-03-20T20:14:33+00:00","og_image":[{"width":2560,"height":1706,"url":"https:\/\/lac.wetlands.org\/pt-br\/wp-content\/uploads\/sites\/5\/2025\/11\/DJI_0986-Jeferson-Prado-scaled.jpg","type":"image\/jpeg"}],"twitter_card":"summary_large_image","twitter_misc":{"Est. tempo de leitura":"1 minuto"},"schema":{"@context":"https:\/\/schema.org","@graph":[{"@type":"WebPage","@id":"https:\/\/lac.wetlands.org\/pt-br\/","url":"https:\/\/lac.wetlands.org\/pt-br\/","name":"In\u00edcio - Wetlands International Brazil","isPartOf":{"@id":"https:\/\/lac.wetlands.org\/pt-br\/#website"},"primaryImageOfPage":{"@id":"https:\/\/lac.wetlands.org\/pt-br\/#primaryimage"},"image":{"@id":"https:\/\/lac.wetlands.org\/pt-br\/#primaryimage"},"thumbnailUrl":"https:\/\/lac.wetlands.org\/pt-br\/wp-content\/uploads\/sites\/5\/2025\/11\/DJI_0986-Jeferson-Prado-scaled.jpg","datePublished":"2023-04-26T12:24:52+00:00","dateModified":"2026-03-20T20:14:33+00:00","breadcrumb":{"@id":"https:\/\/lac.wetlands.org\/pt-br\/#breadcrumb"},"inLanguage":"pt-BR","potentialAction":[{"@type":"ReadAction","target":["https:\/\/lac.wetlands.org\/pt-br\/"]}]},{"@type":"ImageObject","inLanguage":"pt-BR","@id":"https:\/\/lac.wetlands.org\/pt-br\/#primaryimage","url":"https:\/\/lac.wetlands.org\/pt-br\/wp-content\/uploads\/sites\/5\/2025\/11\/DJI_0986-Jeferson-Prado-scaled.jpg","contentUrl":"https:\/\/lac.wetlands.org\/pt-br\/wp-content\/uploads\/sites\/5\/2025\/11\/DJI_0986-Jeferson-Prado-scaled.jpg","width":2560,"height":1706},{"@type":"BreadcrumbList","@id":"https:\/\/lac.wetlands.org\/pt-br\/#breadcrumb","itemListElement":[{"@type":"ListItem","position":1,"name":"Home","item":"https:\/\/lac.wetlands.org\/pt-br\/"},{"@type":"ListItem","position":2,"name":"Sample Page","item":"https:\/\/lac.wetlands.org\/pt-br\/sample-page\/"},{"@type":"ListItem","position":3,"name":"In\u00edcio"}]},{"@type":"WebSite","@id":"https:\/\/lac.wetlands.org\/pt-br\/#website","url":"https:\/\/lac.wetlands.org\/pt-br\/","name":"Wetlands International Brazil","description":"Para inspirar e mobilizar a sociedade a proteger e restaurar as \u00e1reas \u00famidas para as pessoas e a natureza.","publisher":{"@id":"https:\/\/lac.wetlands.org\/pt-br\/#organization"},"potentialAction":[{"@type":"SearchAction","target":{"@type":"EntryPoint","urlTemplate":"https:\/\/lac.wetlands.org\/pt-br\/?s={search_term_string}"},"query-input":{"@type":"PropertyValueSpecification","valueRequired":true,"valueName":"search_term_string"}}],"inLanguage":"pt-BR"},{"@type":"Organization","@id":"https:\/\/lac.wetlands.org\/pt-br\/#organization","name":"Wetlands International Brazil","url":"https:\/\/lac.wetlands.org\/pt-br\/","logo":{"@type":"ImageObject","inLanguage":"pt-BR","@id":"https:\/\/lac.wetlands.org\/pt-br\/#\/schema\/logo\/image\/","url":"https:\/\/lac.wetlands.org\/pt-br\/wp-content\/uploads\/sites\/5\/2024\/07\/Wetlands-International-logo-RGB-High-res-Transparente.png","contentUrl":"https:\/\/lac.wetlands.org\/pt-br\/wp-content\/uploads\/sites\/5\/2024\/07\/Wetlands-International-logo-RGB-High-res-Transparente.png","width":1920,"height":949,"caption":"Wetlands International Brazil"},"image":{"@id":"https:\/\/lac.wetlands.org\/pt-br\/#\/schema\/logo\/image\/"},"sameAs":["https:\/\/www.facebook.com\/WetlandsIntBR","https:\/\/www.instagram.com\/wetlandsintbr\/?hl=pt-br\/","https:\/\/www.youtube.com\/channel\/UCQ0t8SqNdRY164b1jd2Vr5w"]}]}},"_links":{"self":[{"href":"https:\/\/lac.wetlands.org\/pt-br\/wp-json\/wp\/v2\/pages\/4"}],"collection":[{"href":"https:\/\/lac.wetlands.org\/pt-br\/wp-json\/wp\/v2\/pages"}],"about":[{"href":"https:\/\/lac.wetlands.org\/pt-br\/wp-json\/wp\/v2\/types\/page"}],"author":[{"embeddable":true,"href":"https:\/\/lac.wetlands.org\/pt-br\/wp-json\/wp\/v2\/users\/29"}],"replies":[{"embeddable":true,"href":"https:\/\/lac.wetlands.org\/pt-br\/wp-json\/wp\/v2\/comments?post=4"}],"version-history":[{"count":65,"href":"https:\/\/lac.wetlands.org\/pt-br\/wp-json\/wp\/v2\/pages\/4\/revisions"}],"predecessor-version":[{"id":8074,"href":"https:\/\/lac.wetlands.org\/pt-br\/wp-json\/wp\/v2\/pages\/4\/revisions\/8074"}],"up":[{"embeddable":true,"href":"https:\/\/lac.wetlands.org\/pt-br\/wp-json\/wp\/v2\/pages\/2"}],"wp:featuredmedia":[{"embeddable":true,"href":"https:\/\/lac.wetlands.org\/pt-br\/wp-json\/wp\/v2\/media\/7841"}],"wp:attachment":[{"href":"https:\/\/lac.wetlands.org\/pt-br\/wp-json\/wp\/v2\/media?parent=4"}],"wp:term":[{"taxonomy":"wl_issue","embeddable":true,"href":"https:\/\/lac.wetlands.org\/pt-br\/wp-json\/wp\/v2\/wl_issue?post=4"},{"taxonomy":"wl_topic","embeddable":true,"href":"https:\/\/lac.wetlands.org\/pt-br\/wp-json\/wp\/v2\/wl_topic?post=4"},{"taxonomy":"wl_type","embeddable":true,"href":"https:\/\/lac.wetlands.org\/pt-br\/wp-json\/wp\/v2\/wl_type?post=4"}],"curies":[{"name":"wp","href":"https:\/\/api.w.org\/{rel}","templated":true}]}}