{"id":5817,"date":"2024-06-06T15:13:39","date_gmt":"2024-06-06T19:13:39","guid":{"rendered":"https:\/\/lac.wetlands.org\/pt-br\/?page_id=5817"},"modified":"2026-01-13T15:57:10","modified_gmt":"2026-01-13T19:57:10","slug":"conheca-nossa-equipe","status":"publish","type":"page","link":"https:\/\/lac.wetlands.org\/pt-br\/quem-somos\/conheca-nossa-equipe\/","title":{"rendered":"Conhe\u00e7a nossa equipe"},"content":{"rendered":"\n\t<div class=\"alignwide\" data-name=\"acf\/block-team\">\n\t\t\t\t\t<h2 class=\"screen-reader-text\">A list of team members<\/h2>\n\t\t\n\t\t<div class=\"flex flex-col gap-4\">\n\n\t\t\t\n\t\t\t<ul class=\"grid grid-cols-2 gap-4 sm:gap-8 md:grid-cols-4\">\n\t\t\t\t\t\t\t\t\t\n\t\t\t\t\t<li class=\"\">\n\t\t\t\t\t\t<div class=\"teaser-team\">\n\t<div class=\"teaser-team__thumbnail\">\n\t\t<img loading=\"lazy\" decoding=\"async\" width=\"832\" height=\"572\" src=\"https:\/\/lac.wetlands.org\/pt-br\/wp-content\/uploads\/sites\/5\/2024\/06\/RAFAELA-1-e1757369903366-832x572.jpg\" class=\"attachment-teaser size-teaser\" alt=\"\" \/>\n\t<\/div>\n\n\t<div class=\"teaser-team__inner\">\n\t\t<div class=\"flex flex-col gap-1\">\n\n\t\t\t\t\t\t<h3 class=\"teaser-team__title\">\n\t\t\t\tRafaela Nicola\n\t\t\t<\/h3>\n\n\t\t\t\t\t\t\t<div class=\"teaser-team__function\">\n\t\t\t\t\tDiretora Executiva do escrit\u00f3rio Brasil\n\t\t\t\t<\/div>\n\t\t\t\t\t<\/div>\n\t<\/div>\n<\/div>\n\t\t\t\t\t<\/li>\n\t\t\t\t\t\t\t\t\t\n\t\t\t\t\t<li class=\"\">\n\t\t\t\t\t\t<div class=\"teaser-team\">\n\t<div class=\"teaser-team__thumbnail\">\n\t\t<img loading=\"lazy\" decoding=\"async\" width=\"832\" height=\"572\" src=\"https:\/\/lac.wetlands.org\/pt-br\/wp-content\/uploads\/sites\/5\/2024\/06\/AUREA-e1757370281413-832x572.jpg\" class=\"attachment-teaser size-teaser\" alt=\"\" \/>\n\t<\/div>\n\n\t<div class=\"teaser-team__inner\">\n\t\t<div class=\"flex flex-col gap-1\">\n\n\t\t\t\t\t\t<h3 class=\"teaser-team__title\">\n\t\t\t\t\u00c1urea Garcia\n\t\t\t<\/h3>\n\n\t\t\t\t\t\t\t<div class=\"teaser-team__function\">\n\t\t\t\t\tCoordenadora de Pol\u00edticas\n\t\t\t\t<\/div>\n\t\t\t\t\t<\/div>\n\t<\/div>\n<\/div>\n\t\t\t\t\t<\/li>\n\t\t\t\t\t\t\t\t\t\n\t\t\t\t\t<li class=\"\">\n\t\t\t\t\t\t<div class=\"teaser-team\">\n\t<div class=\"teaser-team__thumbnail\">\n\t\t<img loading=\"lazy\" decoding=\"async\" width=\"700\" height=\"470\" src=\"https:\/\/lac.wetlands.org\/pt-br\/wp-content\/uploads\/sites\/5\/2025\/07\/ANA-CARLA.png\" class=\"attachment-teaser size-teaser\" alt=\"\" srcset=\"https:\/\/lac.wetlands.org\/pt-br\/wp-content\/uploads\/sites\/5\/2025\/07\/ANA-CARLA.png 700w, https:\/\/lac.wetlands.org\/pt-br\/wp-content\/uploads\/sites\/5\/2025\/07\/ANA-CARLA-300x201.png 300w\" sizes=\"(max-width: 700px) 100vw, 700px\" \/>\n\t<\/div>\n\n\t<div class=\"teaser-team__inner\">\n\t\t<div class=\"flex flex-col gap-1\">\n\n\t\t\t\t\t\t<h3 class=\"teaser-team__title\">\n\t\t\t\tAna Carla Albuquerque\n\t\t\t<\/h3>\n\n\t\t\t\t\t\t\t<div class=\"teaser-team__function\">\n\t\t\t\t\tOficial t\u00e9cnica\n\t\t\t\t<\/div>\n\t\t\t\t\t<\/div>\n\t<\/div>\n<\/div>\n\t\t\t\t\t<\/li>\n\t\t\t\t\t\t\t\t\t\n\t\t\t\t\t<li class=\"\">\n\t\t\t\t\t\t<div class=\"teaser-team\">\n\t<div class=\"teaser-team__thumbnail\">\n\t\t<img loading=\"lazy\" decoding=\"async\" width=\"700\" height=\"470\" src=\"https:\/\/lac.wetlands.org\/pt-br\/wp-content\/uploads\/sites\/5\/2025\/07\/EDMUNDO.png\" class=\"attachment-teaser size-teaser\" alt=\"\" srcset=\"https:\/\/lac.wetlands.org\/pt-br\/wp-content\/uploads\/sites\/5\/2025\/07\/EDMUNDO.png 700w, https:\/\/lac.wetlands.org\/pt-br\/wp-content\/uploads\/sites\/5\/2025\/07\/EDMUNDO-300x201.png 300w\" sizes=\"(max-width: 700px) 100vw, 700px\" \/>\n\t<\/div>\n\n\t<div class=\"teaser-team__inner\">\n\t\t<div class=\"flex flex-col gap-1\">\n\n\t\t\t\t\t\t<h3 class=\"teaser-team__title\">\n\t\t\t\tEdmundo Dantez\n\t\t\t<\/h3>\n\n\t\t\t\t\t\t\t<div class=\"teaser-team__function\">\n\t\t\t\t\tOficial t\u00e9cnico\n\t\t\t\t<\/div>\n\t\t\t\t\t<\/div>\n\t<\/div>\n<\/div>\n\t\t\t\t\t<\/li>\n\t\t\t\t\t\t\t\t\t\n\t\t\t\t\t<li class=\"\">\n\t\t\t\t\t\t<div class=\"teaser-team\">\n\t<div class=\"teaser-team__thumbnail\">\n\t\t<img loading=\"lazy\" decoding=\"async\" width=\"700\" height=\"470\" src=\"https:\/\/lac.wetlands.org\/pt-br\/wp-content\/uploads\/sites\/5\/2025\/07\/LETICIA.png\" class=\"attachment-teaser size-teaser\" alt=\"\" srcset=\"https:\/\/lac.wetlands.org\/pt-br\/wp-content\/uploads\/sites\/5\/2025\/07\/LETICIA.png 700w, https:\/\/lac.wetlands.org\/pt-br\/wp-content\/uploads\/sites\/5\/2025\/07\/LETICIA-300x201.png 300w\" sizes=\"(max-width: 700px) 100vw, 700px\" \/>\n\t<\/div>\n\n\t<div class=\"teaser-team__inner\">\n\t\t<div class=\"flex flex-col gap-1\">\n\n\t\t\t\t\t\t<h3 class=\"teaser-team__title\">\n\t\t\t\tLet\u00edcia Larcher\n\t\t\t<\/h3>\n\n\t\t\t\t\t\t\t<div class=\"teaser-team__function\">\n\t\t\t\t\tGestora de projetos\n\t\t\t\t<\/div>\n\t\t\t\t\t<\/div>\n\t<\/div>\n<\/div>\n\t\t\t\t\t<\/li>\n\t\t\t\t\t\t\t\t\t\n\t\t\t\t\t<li class=\"\">\n\t\t\t\t\t\t<div class=\"teaser-team\">\n\t<div class=\"teaser-team__thumbnail\">\n\t\t<img loading=\"lazy\" decoding=\"async\" width=\"700\" height=\"470\" src=\"https:\/\/lac.wetlands.org\/pt-br\/wp-content\/uploads\/sites\/5\/2025\/07\/ROSAN.png\" class=\"attachment-teaser size-teaser\" alt=\"\" srcset=\"https:\/\/lac.wetlands.org\/pt-br\/wp-content\/uploads\/sites\/5\/2025\/07\/ROSAN.png 700w, https:\/\/lac.wetlands.org\/pt-br\/wp-content\/uploads\/sites\/5\/2025\/07\/ROSAN-300x201.png 300w\" sizes=\"(max-width: 700px) 100vw, 700px\" \/>\n\t<\/div>\n\n\t<div class=\"teaser-team__inner\">\n\t\t<div class=\"flex flex-col gap-1\">\n\n\t\t\t\t\t\t<h3 class=\"teaser-team__title\">\n\t\t\t\tRosan Fernandes\n\t\t\t<\/h3>\n\n\t\t\t\t\t\t\t<div class=\"teaser-team__function\">\n\t\t\t\t\tGestor de projetos\n\t\t\t\t<\/div>\n\t\t\t\t\t<\/div>\n\t<\/div>\n<\/div>\n\t\t\t\t\t<\/li>\n\t\t\t\t\t\t\t\t\t\n\t\t\t\t\t<li class=\"\">\n\t\t\t\t\t\t<div class=\"teaser-team\">\n\t<div class=\"teaser-team__thumbnail\">\n\t\t<img loading=\"lazy\" decoding=\"async\" width=\"832\" height=\"572\" src=\"https:\/\/lac.wetlands.org\/pt-br\/wp-content\/uploads\/sites\/5\/2025\/07\/LILIAN-Perfil-horiz-832x572.jpg\" class=\"attachment-teaser size-teaser\" alt=\"\" \/>\n\t<\/div>\n\n\t<div class=\"teaser-team__inner\">\n\t\t<div class=\"flex flex-col gap-1\">\n\n\t\t\t\t\t\t<h3 class=\"teaser-team__title\">\n\t\t\t\tL\u00edlian Pereira\n\t\t\t<\/h3>\n\n\t\t\t\t\t\t\t<div class=\"teaser-team__function\">\n\t\t\t\t\tCoordenadora do Componente Modos de Vida\n\t\t\t\t<\/div>\n\t\t\t\t\t<\/div>\n\t<\/div>\n<\/div>\n\t\t\t\t\t<\/li>\n\t\t\t\t\t\t\t\t\t\n\t\t\t\t\t<li class=\"\">\n\t\t\t\t\t\t<div class=\"teaser-team\">\n\t<div class=\"teaser-team__thumbnail\">\n\t\t<img loading=\"lazy\" decoding=\"async\" width=\"832\" height=\"572\" src=\"https:\/\/lac.wetlands.org\/pt-br\/wp-content\/uploads\/sites\/5\/2026\/01\/TIAGO-832x572.jpg\" class=\"attachment-teaser size-teaser\" alt=\"\" \/>\n\t<\/div>\n\n\t<div class=\"teaser-team__inner\">\n\t\t<div class=\"flex flex-col gap-1\">\n\n\t\t\t\t\t\t<h3 class=\"teaser-team__title\">\n\t\t\t\tTiago Toma\n\t\t\t<\/h3>\n\n\t\t\t\t\t\t\t<div class=\"teaser-team__function\">\n\t\t\t\t\tConsultor\n\t\t\t\t<\/div>\n\t\t\t\t\t<\/div>\n\t<\/div>\n<\/div>\n\t\t\t\t\t<\/li>\n\t\t\t\t\t\t\t\t\t\n\t\t\t\t\t<li class=\"\">\n\t\t\t\t\t\t<div class=\"teaser-team\">\n\t<div class=\"teaser-team__thumbnail\">\n\t\t<img loading=\"lazy\" decoding=\"async\" width=\"700\" height=\"470\" src=\"https:\/\/lac.wetlands.org\/pt-br\/wp-content\/uploads\/sites\/5\/2024\/06\/KARINE.png\" class=\"attachment-teaser size-teaser\" alt=\"\" srcset=\"https:\/\/lac.wetlands.org\/pt-br\/wp-content\/uploads\/sites\/5\/2024\/06\/KARINE.png 700w, https:\/\/lac.wetlands.org\/pt-br\/wp-content\/uploads\/sites\/5\/2024\/06\/KARINE-300x201.png 300w\" sizes=\"(max-width: 700px) 100vw, 700px\" \/>\n\t<\/div>\n\n\t<div class=\"teaser-team__inner\">\n\t\t<div class=\"flex flex-col gap-1\">\n\n\t\t\t\t\t\t<h3 class=\"teaser-team__title\">\n\t\t\t\tKarine Dias\n\t\t\t<\/h3>\n\n\t\t\t\t\t\t\t<div class=\"teaser-team__function\">\n\t\t\t\t\tConsultora de Comunica\u00e7\u00e3o\n\t\t\t\t<\/div>\n\t\t\t\t\t<\/div>\n\t<\/div>\n<\/div>\n\t\t\t\t\t<\/li>\n\t\t\t\t\t\t\t\t\t\n\t\t\t\t\t<li class=\"\">\n\t\t\t\t\t\t<div class=\"teaser-team\">\n\t<div class=\"teaser-team__thumbnail\">\n\t\t<img loading=\"lazy\" decoding=\"async\" width=\"700\" height=\"470\" src=\"https:\/\/lac.wetlands.org\/pt-br\/wp-content\/uploads\/sites\/5\/2025\/07\/LIGIA-2.png\" class=\"attachment-teaser size-teaser\" alt=\"\" srcset=\"https:\/\/lac.wetlands.org\/pt-br\/wp-content\/uploads\/sites\/5\/2025\/07\/LIGIA-2.png 700w, https:\/\/lac.wetlands.org\/pt-br\/wp-content\/uploads\/sites\/5\/2025\/07\/LIGIA-2-300x201.png 300w\" sizes=\"(max-width: 700px) 100vw, 700px\" \/>\n\t<\/div>\n\n\t<div class=\"teaser-team__inner\">\n\t\t<div class=\"flex flex-col gap-1\">\n\n\t\t\t\t\t\t<h3 class=\"teaser-team__title\">\n\t\t\t\tLigia Baraldi\n\t\t\t<\/h3>\n\n\t\t\t\t\t\t\t<div class=\"teaser-team__function\">\n\t\t\t\t\tCoordenadora de Comunica\u00e7\u00e3o\n\t\t\t\t<\/div>\n\t\t\t\t\t<\/div>\n\t<\/div>\n<\/div>\n\t\t\t\t\t<\/li>\n\t\t\t\t\t\t\t\t\t\n\t\t\t\t\t<li class=\"\">\n\t\t\t\t\t\t<div class=\"teaser-team\">\n\t<div class=\"teaser-team__thumbnail\">\n\t\t<img loading=\"lazy\" decoding=\"async\" width=\"700\" height=\"470\" src=\"https:\/\/lac.wetlands.org\/pt-br\/wp-content\/uploads\/sites\/5\/2025\/07\/LENNON.png\" class=\"attachment-teaser size-teaser\" alt=\"\" srcset=\"https:\/\/lac.wetlands.org\/pt-br\/wp-content\/uploads\/sites\/5\/2025\/07\/LENNON.png 700w, https:\/\/lac.wetlands.org\/pt-br\/wp-content\/uploads\/sites\/5\/2025\/07\/LENNON-300x201.png 300w\" sizes=\"(max-width: 700px) 100vw, 700px\" \/>\n\t<\/div>\n\n\t<div class=\"teaser-team__inner\">\n\t\t<div class=\"flex flex-col gap-1\">\n\n\t\t\t\t\t\t<h3 class=\"teaser-team__title\">\n\t\t\t\tLennon Godoi\n\t\t\t<\/h3>\n\n\t\t\t\t\t\t\t<div class=\"teaser-team__function\">\n\t\t\t\t\tAnalista de Comunica\u00e7\u00e3o\n\t\t\t\t<\/div>\n\t\t\t\t\t<\/div>\n\t<\/div>\n<\/div>\n\t\t\t\t\t<\/li>\n\t\t\t\t\t\t\t\t\t\n\t\t\t\t\t<li class=\"\">\n\t\t\t\t\t\t<div class=\"teaser-team\">\n\t<div class=\"teaser-team__thumbnail\">\n\t\t<img loading=\"lazy\" decoding=\"async\" width=\"832\" height=\"572\" src=\"https:\/\/lac.wetlands.org\/pt-br\/wp-content\/uploads\/sites\/5\/2026\/01\/DELIANE-Perfil-832x572.jpg\" class=\"attachment-teaser size-teaser\" alt=\"\" \/>\n\t<\/div>\n\n\t<div class=\"teaser-team__inner\">\n\t\t<div class=\"flex flex-col gap-1\">\n\n\t\t\t\t\t\t<h3 class=\"teaser-team__title\">\n\t\t\t\tDeliane Oliveira\n\t\t\t<\/h3>\n\n\t\t\t\t\t\t\t<div class=\"teaser-team__function\">\n\t\t\t\t\tAssessora de Comunica\u00e7\u00e3o\n\t\t\t\t<\/div>\n\t\t\t\t\t<\/div>\n\t<\/div>\n<\/div>\n\t\t\t\t\t<\/li>\n\t\t\t\t\t\t\t\t\t\n\t\t\t\t\t<li class=\"\">\n\t\t\t\t\t\t<div class=\"teaser-team\">\n\t<div class=\"teaser-team__thumbnail\">\n\t\t<img loading=\"lazy\" decoding=\"async\" width=\"700\" height=\"470\" src=\"https:\/\/lac.wetlands.org\/pt-br\/wp-content\/uploads\/sites\/5\/2025\/07\/KELLER.png\" class=\"attachment-teaser size-teaser\" alt=\"\" srcset=\"https:\/\/lac.wetlands.org\/pt-br\/wp-content\/uploads\/sites\/5\/2025\/07\/KELLER.png 700w, https:\/\/lac.wetlands.org\/pt-br\/wp-content\/uploads\/sites\/5\/2025\/07\/KELLER-300x201.png 300w\" sizes=\"(max-width: 700px) 100vw, 700px\" \/>\n\t<\/div>\n\n\t<div class=\"teaser-team__inner\">\n\t\t<div class=\"flex flex-col gap-1\">\n\n\t\t\t\t\t\t<h3 class=\"teaser-team__title\">\n\t\t\t\tKeller Gomes\n\t\t\t<\/h3>\n\n\t\t\t\t\t\t\t<div class=\"teaser-team__function\">\n\t\t\t\t\tDiretora Administrativo-financeira da Mupan\n\t\t\t\t<\/div>\n\t\t\t\t\t<\/div>\n\t<\/div>\n<\/div>\n\t\t\t\t\t<\/li>\n\t\t\t\t\t\t\t\t\t\n\t\t\t\t\t<li class=\"\">\n\t\t\t\t\t\t<div class=\"teaser-team\">\n\t<div class=\"teaser-team__thumbnail\">\n\t\t<img loading=\"lazy\" decoding=\"async\" width=\"832\" height=\"572\" src=\"https:\/\/lac.wetlands.org\/pt-br\/wp-content\/uploads\/sites\/5\/2025\/07\/DANIELE-Perfil-832x572.jpg\" class=\"attachment-teaser size-teaser\" alt=\"\" \/>\n\t<\/div>\n\n\t<div class=\"teaser-team__inner\">\n\t\t<div class=\"flex flex-col gap-1\">\n\n\t\t\t\t\t\t<h3 class=\"teaser-team__title\">\n\t\t\t\tDaniele Malhada\n\t\t\t<\/h3>\n\n\t\t\t\t\t\t\t<div class=\"teaser-team__function\">\n\t\t\t\t\tAdministrativo-financeiro\n\t\t\t\t<\/div>\n\t\t\t\t\t<\/div>\n\t<\/div>\n<\/div>\n\t\t\t\t\t<\/li>\n\t\t\t\t\t\t\t\t\t\n\t\t\t\t\t<li class=\"\">\n\t\t\t\t\t\t<div class=\"teaser-team\">\n\t<div class=\"teaser-team__thumbnail\">\n\t\t<img loading=\"lazy\" decoding=\"async\" width=\"832\" height=\"572\" src=\"https:\/\/lac.wetlands.org\/pt-br\/wp-content\/uploads\/sites\/5\/2025\/07\/NAUM-Perfil-832x572.jpg\" class=\"attachment-teaser size-teaser\" alt=\"\" \/>\n\t<\/div>\n\n\t<div class=\"teaser-team__inner\">\n\t\t<div class=\"flex flex-col gap-1\">\n\n\t\t\t\t\t\t<h3 class=\"teaser-team__title\">\n\t\t\t\tNaim Ant\u00f4nio da Silva\n\t\t\t<\/h3>\n\n\t\t\t\t\t\t\t<div class=\"teaser-team__function\">\n\t\t\t\t\tAdministrativo-financeiro\n\t\t\t\t<\/div>\n\t\t\t\t\t<\/div>\n\t<\/div>\n<\/div>\n\t\t\t\t\t<\/li>\n\t\t\t\t\t\t\t\t\t\n\t\t\t\t\t<li class=\"\">\n\t\t\t\t\t\t<div class=\"teaser-team\">\n\t<div class=\"teaser-team__thumbnail\">\n\t\t<img loading=\"lazy\" decoding=\"async\" width=\"832\" height=\"572\" src=\"https:\/\/lac.wetlands.org\/pt-br\/wp-content\/uploads\/sites\/5\/2025\/10\/RODRIGO-e1759325641712-832x572.png\" class=\"attachment-teaser size-teaser\" alt=\"\" \/>\n\t<\/div>\n\n\t<div class=\"teaser-team__inner\">\n\t\t<div class=\"flex flex-col gap-1\">\n\n\t\t\t\t\t\t<h3 class=\"teaser-team__title\">\n\t\t\t\tPedro \u00a0Rodrigo Silva\n\t\t\t<\/h3>\n\n\t\t\t\t\t\t\t<div class=\"teaser-team__function\">\n\t\t\t\t\tOficial de log\u00edstica e opera\u00e7\u00f5es\n\t\t\t\t<\/div>\n\t\t\t\t\t<\/div>\n\t<\/div>\n<\/div>\n\t\t\t\t\t<\/li>\n\t\t\t\t\t\t\t<\/ul>\n\n\t\t\t\n\t\t<\/div>\n\t<\/div>\n","protected":false},"excerpt":{"rendered":"","protected":false},"author":29,"featured_media":6785,"parent":5840,"menu_order":1,"comment_status":"closed","ping_status":"closed","template":"","meta":{"_acf_changed":false,"_monsterinsights_skip_tracking":false,"_monsterinsights_sitenote_active":false,"_monsterinsights_sitenote_note":"","_monsterinsights_sitenote_category":0,"ep_exclude_from_search":false,"editor_notices":[],"footnotes":""},"wl_issue":[],"wl_topic":[],"wl_type":[],"class_list":["post-5817","page","type-page","status-publish","has-post-thumbnail","hentry"],"acf":[],"yoast_head":"<!-- This site is optimized with the Yoast SEO plugin v27.4 - https:\/\/yoast.com\/product\/yoast-seo-wordpress\/ -->\n<title>Conhe\u00e7a nossa equipe - Wetlands International Brazil<\/title>\n<meta name=\"robots\" content=\"index, follow, max-snippet:-1, max-image-preview:large, max-video-preview:-1\" \/>\n<link rel=\"canonical\" href=\"https:\/\/lac.wetlands.org\/pt-br\/quem-somos\/conheca-nossa-equipe\/\" \/>\n<meta property=\"og:locale\" content=\"pt_BR\" \/>\n<meta property=\"og:type\" content=\"article\" \/>\n<meta property=\"og:title\" content=\"Conhe\u00e7a nossa equipe - Wetlands International Brazil\" \/>\n<meta property=\"og:url\" content=\"https:\/\/lac.wetlands.org\/pt-br\/quem-somos\/conheca-nossa-equipe\/\" \/>\n<meta property=\"og:site_name\" content=\"Wetlands International Brazil\" \/>\n<meta property=\"article:publisher\" content=\"https:\/\/www.facebook.com\/WetlandsIntBR\" \/>\n<meta property=\"article:modified_time\" content=\"2026-01-13T19:57:10+00:00\" \/>\n<meta property=\"og:image\" content=\"https:\/\/lac.wetlands.org\/pt-br\/wp-content\/uploads\/sites\/5\/2025\/03\/Image-1-1.png\" \/>\n\t<meta property=\"og:image:width\" content=\"2048\" \/>\n\t<meta property=\"og:image:height\" content=\"1152\" \/>\n\t<meta property=\"og:image:type\" content=\"image\/png\" \/>\n<meta name=\"twitter:card\" content=\"summary_large_image\" \/>\n<meta name=\"twitter:label1\" content=\"Est. tempo de leitura\" \/>\n\t<meta name=\"twitter:data1\" content=\"1 minuto\" \/>\n<script type=\"application\/ld+json\" class=\"yoast-schema-graph\">{\"@context\":\"https:\\\/\\\/schema.org\",\"@graph\":[{\"@type\":\"WebPage\",\"@id\":\"https:\\\/\\\/lac.wetlands.org\\\/pt-br\\\/quem-somos\\\/conheca-nossa-equipe\\\/\",\"url\":\"https:\\\/\\\/lac.wetlands.org\\\/pt-br\\\/quem-somos\\\/conheca-nossa-equipe\\\/\",\"name\":\"Conhe\u00e7a nossa equipe - Wetlands International Brazil\",\"isPartOf\":{\"@id\":\"https:\\\/\\\/lac.wetlands.org\\\/pt-br\\\/#website\"},\"primaryImageOfPage\":{\"@id\":\"https:\\\/\\\/lac.wetlands.org\\\/pt-br\\\/quem-somos\\\/conheca-nossa-equipe\\\/#primaryimage\"},\"image\":{\"@id\":\"https:\\\/\\\/lac.wetlands.org\\\/pt-br\\\/quem-somos\\\/conheca-nossa-equipe\\\/#primaryimage\"},\"thumbnailUrl\":\"https:\\\/\\\/lac.wetlands.org\\\/pt-br\\\/wp-content\\\/uploads\\\/sites\\\/5\\\/2025\\\/03\\\/Image-1-1.png\",\"datePublished\":\"2024-06-06T19:13:39+00:00\",\"dateModified\":\"2026-01-13T19:57:10+00:00\",\"breadcrumb\":{\"@id\":\"https:\\\/\\\/lac.wetlands.org\\\/pt-br\\\/quem-somos\\\/conheca-nossa-equipe\\\/#breadcrumb\"},\"inLanguage\":\"pt-BR\",\"potentialAction\":[{\"@type\":\"ReadAction\",\"target\":[\"https:\\\/\\\/lac.wetlands.org\\\/pt-br\\\/quem-somos\\\/conheca-nossa-equipe\\\/\"]}]},{\"@type\":\"ImageObject\",\"inLanguage\":\"pt-BR\",\"@id\":\"https:\\\/\\\/lac.wetlands.org\\\/pt-br\\\/quem-somos\\\/conheca-nossa-equipe\\\/#primaryimage\",\"url\":\"https:\\\/\\\/lac.wetlands.org\\\/pt-br\\\/wp-content\\\/uploads\\\/sites\\\/5\\\/2025\\\/03\\\/Image-1-1.png\",\"contentUrl\":\"https:\\\/\\\/lac.wetlands.org\\\/pt-br\\\/wp-content\\\/uploads\\\/sites\\\/5\\\/2025\\\/03\\\/Image-1-1.png\",\"width\":2048,\"height\":1152},{\"@type\":\"BreadcrumbList\",\"@id\":\"https:\\\/\\\/lac.wetlands.org\\\/pt-br\\\/quem-somos\\\/conheca-nossa-equipe\\\/#breadcrumb\",\"itemListElement\":[{\"@type\":\"ListItem\",\"position\":1,\"name\":\"Home\",\"item\":\"https:\\\/\\\/lac.wetlands.org\\\/pt-br\\\/\"},{\"@type\":\"ListItem\",\"position\":2,\"name\":\"Quem somos\",\"item\":\"https:\\\/\\\/lac.wetlands.org\\\/pt-br\\\/quem-somos\\\/\"},{\"@type\":\"ListItem\",\"position\":3,\"name\":\"Conhe\u00e7a nossa equipe\"}]},{\"@type\":\"WebSite\",\"@id\":\"https:\\\/\\\/lac.wetlands.org\\\/pt-br\\\/#website\",\"url\":\"https:\\\/\\\/lac.wetlands.org\\\/pt-br\\\/\",\"name\":\"Wetlands International Brazil\",\"description\":\"Para inspirar e mobilizar a sociedade a proteger e restaurar as \u00e1reas \u00famidas para as pessoas e a natureza.\",\"publisher\":{\"@id\":\"https:\\\/\\\/lac.wetlands.org\\\/pt-br\\\/#organization\"},\"potentialAction\":[{\"@type\":\"SearchAction\",\"target\":{\"@type\":\"EntryPoint\",\"urlTemplate\":\"https:\\\/\\\/lac.wetlands.org\\\/pt-br\\\/?s={search_term_string}\"},\"query-input\":{\"@type\":\"PropertyValueSpecification\",\"valueRequired\":true,\"valueName\":\"search_term_string\"}}],\"inLanguage\":\"pt-BR\"},{\"@type\":\"Organization\",\"@id\":\"https:\\\/\\\/lac.wetlands.org\\\/pt-br\\\/#organization\",\"name\":\"Wetlands International Brazil\",\"url\":\"https:\\\/\\\/lac.wetlands.org\\\/pt-br\\\/\",\"logo\":{\"@type\":\"ImageObject\",\"inLanguage\":\"pt-BR\",\"@id\":\"https:\\\/\\\/lac.wetlands.org\\\/pt-br\\\/#\\\/schema\\\/logo\\\/image\\\/\",\"url\":\"https:\\\/\\\/lac.wetlands.org\\\/pt-br\\\/wp-content\\\/uploads\\\/sites\\\/5\\\/2024\\\/07\\\/Wetlands-International-logo-RGB-High-res-Transparente.png\",\"contentUrl\":\"https:\\\/\\\/lac.wetlands.org\\\/pt-br\\\/wp-content\\\/uploads\\\/sites\\\/5\\\/2024\\\/07\\\/Wetlands-International-logo-RGB-High-res-Transparente.png\",\"width\":1920,\"height\":949,\"caption\":\"Wetlands International Brazil\"},\"image\":{\"@id\":\"https:\\\/\\\/lac.wetlands.org\\\/pt-br\\\/#\\\/schema\\\/logo\\\/image\\\/\"},\"sameAs\":[\"https:\\\/\\\/www.facebook.com\\\/WetlandsIntBR\",\"https:\\\/\\\/www.instagram.com\\\/wetlandsintbr\\\/?hl=pt-br\\\/\",\"https:\\\/\\\/www.youtube.com\\\/channel\\\/UCQ0t8SqNdRY164b1jd2Vr5w\"]}]}<\/script>\n<!-- \/ Yoast SEO plugin. -->","yoast_head_json":{"title":"Conhe\u00e7a nossa equipe - Wetlands International Brazil","robots":{"index":"index","follow":"follow","max-snippet":"max-snippet:-1","max-image-preview":"max-image-preview:large","max-video-preview":"max-video-preview:-1"},"canonical":"https:\/\/lac.wetlands.org\/pt-br\/quem-somos\/conheca-nossa-equipe\/","og_locale":"pt_BR","og_type":"article","og_title":"Conhe\u00e7a nossa equipe - Wetlands International Brazil","og_url":"https:\/\/lac.wetlands.org\/pt-br\/quem-somos\/conheca-nossa-equipe\/","og_site_name":"Wetlands International Brazil","article_publisher":"https:\/\/www.facebook.com\/WetlandsIntBR","article_modified_time":"2026-01-13T19:57:10+00:00","og_image":[{"width":2048,"height":1152,"url":"https:\/\/lac.wetlands.org\/pt-br\/wp-content\/uploads\/sites\/5\/2025\/03\/Image-1-1.png","type":"image\/png"}],"twitter_card":"summary_large_image","twitter_misc":{"Est. tempo de leitura":"1 minuto"},"schema":{"@context":"https:\/\/schema.org","@graph":[{"@type":"WebPage","@id":"https:\/\/lac.wetlands.org\/pt-br\/quem-somos\/conheca-nossa-equipe\/","url":"https:\/\/lac.wetlands.org\/pt-br\/quem-somos\/conheca-nossa-equipe\/","name":"Conhe\u00e7a nossa equipe - Wetlands International Brazil","isPartOf":{"@id":"https:\/\/lac.wetlands.org\/pt-br\/#website"},"primaryImageOfPage":{"@id":"https:\/\/lac.wetlands.org\/pt-br\/quem-somos\/conheca-nossa-equipe\/#primaryimage"},"image":{"@id":"https:\/\/lac.wetlands.org\/pt-br\/quem-somos\/conheca-nossa-equipe\/#primaryimage"},"thumbnailUrl":"https:\/\/lac.wetlands.org\/pt-br\/wp-content\/uploads\/sites\/5\/2025\/03\/Image-1-1.png","datePublished":"2024-06-06T19:13:39+00:00","dateModified":"2026-01-13T19:57:10+00:00","breadcrumb":{"@id":"https:\/\/lac.wetlands.org\/pt-br\/quem-somos\/conheca-nossa-equipe\/#breadcrumb"},"inLanguage":"pt-BR","potentialAction":[{"@type":"ReadAction","target":["https:\/\/lac.wetlands.org\/pt-br\/quem-somos\/conheca-nossa-equipe\/"]}]},{"@type":"ImageObject","inLanguage":"pt-BR","@id":"https:\/\/lac.wetlands.org\/pt-br\/quem-somos\/conheca-nossa-equipe\/#primaryimage","url":"https:\/\/lac.wetlands.org\/pt-br\/wp-content\/uploads\/sites\/5\/2025\/03\/Image-1-1.png","contentUrl":"https:\/\/lac.wetlands.org\/pt-br\/wp-content\/uploads\/sites\/5\/2025\/03\/Image-1-1.png","width":2048,"height":1152},{"@type":"BreadcrumbList","@id":"https:\/\/lac.wetlands.org\/pt-br\/quem-somos\/conheca-nossa-equipe\/#breadcrumb","itemListElement":[{"@type":"ListItem","position":1,"name":"Home","item":"https:\/\/lac.wetlands.org\/pt-br\/"},{"@type":"ListItem","position":2,"name":"Quem somos","item":"https:\/\/lac.wetlands.org\/pt-br\/quem-somos\/"},{"@type":"ListItem","position":3,"name":"Conhe\u00e7a nossa equipe"}]},{"@type":"WebSite","@id":"https:\/\/lac.wetlands.org\/pt-br\/#website","url":"https:\/\/lac.wetlands.org\/pt-br\/","name":"Wetlands International Brazil","description":"Para inspirar e mobilizar a sociedade a proteger e restaurar as \u00e1reas \u00famidas para as pessoas e a natureza.","publisher":{"@id":"https:\/\/lac.wetlands.org\/pt-br\/#organization"},"potentialAction":[{"@type":"SearchAction","target":{"@type":"EntryPoint","urlTemplate":"https:\/\/lac.wetlands.org\/pt-br\/?s={search_term_string}"},"query-input":{"@type":"PropertyValueSpecification","valueRequired":true,"valueName":"search_term_string"}}],"inLanguage":"pt-BR"},{"@type":"Organization","@id":"https:\/\/lac.wetlands.org\/pt-br\/#organization","name":"Wetlands International Brazil","url":"https:\/\/lac.wetlands.org\/pt-br\/","logo":{"@type":"ImageObject","inLanguage":"pt-BR","@id":"https:\/\/lac.wetlands.org\/pt-br\/#\/schema\/logo\/image\/","url":"https:\/\/lac.wetlands.org\/pt-br\/wp-content\/uploads\/sites\/5\/2024\/07\/Wetlands-International-logo-RGB-High-res-Transparente.png","contentUrl":"https:\/\/lac.wetlands.org\/pt-br\/wp-content\/uploads\/sites\/5\/2024\/07\/Wetlands-International-logo-RGB-High-res-Transparente.png","width":1920,"height":949,"caption":"Wetlands International Brazil"},"image":{"@id":"https:\/\/lac.wetlands.org\/pt-br\/#\/schema\/logo\/image\/"},"sameAs":["https:\/\/www.facebook.com\/WetlandsIntBR","https:\/\/www.instagram.com\/wetlandsintbr\/?hl=pt-br\/","https:\/\/www.youtube.com\/channel\/UCQ0t8SqNdRY164b1jd2Vr5w"]}]}},"_links":{"self":[{"href":"https:\/\/lac.wetlands.org\/pt-br\/wp-json\/wp\/v2\/pages\/5817"}],"collection":[{"href":"https:\/\/lac.wetlands.org\/pt-br\/wp-json\/wp\/v2\/pages"}],"about":[{"href":"https:\/\/lac.wetlands.org\/pt-br\/wp-json\/wp\/v2\/types\/page"}],"author":[{"embeddable":true,"href":"https:\/\/lac.wetlands.org\/pt-br\/wp-json\/wp\/v2\/users\/29"}],"replies":[{"embeddable":true,"href":"https:\/\/lac.wetlands.org\/pt-br\/wp-json\/wp\/v2\/comments?post=5817"}],"version-history":[{"count":11,"href":"https:\/\/lac.wetlands.org\/pt-br\/wp-json\/wp\/v2\/pages\/5817\/revisions"}],"predecessor-version":[{"id":7898,"href":"https:\/\/lac.wetlands.org\/pt-br\/wp-json\/wp\/v2\/pages\/5817\/revisions\/7898"}],"up":[{"embeddable":true,"href":"https:\/\/lac.wetlands.org\/pt-br\/wp-json\/wp\/v2\/pages\/5840"}],"wp:featuredmedia":[{"embeddable":true,"href":"https:\/\/lac.wetlands.org\/pt-br\/wp-json\/wp\/v2\/media\/6785"}],"wp:attachment":[{"href":"https:\/\/lac.wetlands.org\/pt-br\/wp-json\/wp\/v2\/media?parent=5817"}],"wp:term":[{"taxonomy":"wl_issue","embeddable":true,"href":"https:\/\/lac.wetlands.org\/pt-br\/wp-json\/wp\/v2\/wl_issue?post=5817"},{"taxonomy":"wl_topic","embeddable":true,"href":"https:\/\/lac.wetlands.org\/pt-br\/wp-json\/wp\/v2\/wl_topic?post=5817"},{"taxonomy":"wl_type","embeddable":true,"href":"https:\/\/lac.wetlands.org\/pt-br\/wp-json\/wp\/v2\/wl_type?post=5817"}],"curies":[{"name":"wp","href":"https:\/\/api.w.org\/{rel}","templated":true}]}}