{"id":5840,"date":"2024-06-06T16:32:34","date_gmt":"2024-06-06T20:32:34","guid":{"rendered":"https:\/\/lac.wetlands.org\/pt-br\/?page_id=5840"},"modified":"2026-03-18T14:24:50","modified_gmt":"2026-03-18T18:24:50","slug":"quem-somos","status":"publish","type":"page","link":"https:\/\/lac.wetlands.org\/pt-br\/quem-somos\/","title":{"rendered":"Quem somos"},"content":{"rendered":"\n<p>A Wetlands International trabalha a n\u00edvel global, regional e nacional para alcan\u00e7ar a conserva\u00e7\u00e3o e a utiliza\u00e7\u00e3o racional das \u00e1reas \u00famidas, como uma contribui\u00e7\u00e3o para o desenvolvimento sustent\u00e1vel.<\/p>\n\n\n\n<p>A Wetlands International \u00e9 uma organiza\u00e7\u00e3o de conserva\u00e7\u00e3o global sem fins lucrativos que opera com base cient\u00edfica e produz ferramentas e informa\u00e7\u00f5es para fornecer assist\u00eancia ao desenvolvimento e implementa\u00e7\u00e3o pelos governos das pol\u00edticas, conven\u00e7\u00f5es e tratados necess\u00e1rios para alcan\u00e7ar a conserva\u00e7\u00e3o das \u00e1reas \u00famidas.<\/p>\n\n\n\n<h3 class=\"wp-block-heading\">Fonte de refer\u00eancia<\/h3>\n\n\n\n<p>Somos uma fonte especializada de consulta sobre quest\u00f5es relacionadas com \u00e1reas \u00famidas e a\u00e7\u00f5es priorit\u00e1rias para a sua conserva\u00e7\u00e3o e uso racional, fornecendo an\u00e1lises cient\u00edficas e a nossa experi\u00eancia em programas de conserva\u00e7\u00e3o e gest\u00e3o a n\u00edvel global e nacional. Nosso trabalho responde \u00e0s necessidades expressas por governos, setores produtivos, comunidades locais e outras partes interessadas.<\/p>\n\n\n\n<p>Ao abordar as principais necessidades globais de conserva\u00e7\u00e3o de zonas h\u00famidas, agimos como um catalisador para a coopera\u00e7\u00e3o intersetorial, parcerias e desenvolvimento de redes. Procuramos combinar as nossas capacidades com as de outras organiza\u00e7\u00f5es parceiras, atrav\u00e9s de colabora\u00e7\u00e3o inter-regional e programas multissectoriais que demonstrem solu\u00e7\u00f5es inovadoras para problemas de gest\u00e3o de zonas h\u00famidas in situ.<\/p>\n\n\n\n<h3 class=\"wp-block-heading\">Escrit\u00f3rios<\/h3>\n\n\n\n<p>Atuamos atrav\u00e9s de 18 escrit\u00f3rios localizados na \u00c1frica, Am\u00e9rica Latina, \u00c1sia, Europa e Oceania, com sede localizada na cidade de Ede na Holanda. Nosso trabalho \u00e9 baseado em uma ampla rede de grupos especializados e milhares de volunt\u00e1rios.<\/p>\n\n\n\n<h3 class=\"wp-block-heading\">Estrat\u00e9gica global<\/h3>\n\n\n\n<p>O documento de Estrat\u00e9gia 2015-2025 \u00e9 o guia para o trabalho que a Wetlands International realiza em todo o mundo. Define as ambi\u00e7\u00f5es da organiza\u00e7\u00e3o em termos do que pretende alcan\u00e7ar para as pessoas e a natureza, e como e onde pretende continuar a trabalhar.<\/p>\n","protected":false},"excerpt":{"rendered":"<p>A Wetlands International trabalha a n\u00edvel global, regional e nacional para alcan\u00e7ar a conserva\u00e7\u00e3o e a utiliza\u00e7\u00e3o racional das \u00e1reas \u00famidas, como uma contribui\u00e7\u00e3o para o desenvolvimento sustent\u00e1vel. A Wetlands International \u00e9 uma organiza\u00e7\u00e3o de conserva\u00e7\u00e3o global sem fins lucrativos que opera com base cient\u00edfica e produz ferramentas e informa\u00e7\u00f5es para fornecer assist\u00eancia ao desenvolvimento [&hellip;]<\/p>\n","protected":false},"author":29,"featured_media":0,"parent":0,"menu_order":0,"comment_status":"closed","ping_status":"closed","template":"","meta":{"_acf_changed":false,"_monsterinsights_skip_tracking":false,"_monsterinsights_sitenote_active":false,"_monsterinsights_sitenote_note":"","_monsterinsights_sitenote_category":0,"ep_exclude_from_search":false,"editor_notices":[],"footnotes":""},"wl_issue":[],"wl_topic":[],"wl_type":[],"class_list":["post-5840","page","type-page","status-publish","hentry"],"acf":[],"yoast_head":"<!-- This site is optimized with the Yoast SEO plugin v27.4 - https:\/\/yoast.com\/product\/yoast-seo-wordpress\/ -->\n<title>Quem somos - Wetlands International Brazil<\/title>\n<meta name=\"robots\" content=\"index, follow, max-snippet:-1, max-image-preview:large, max-video-preview:-1\" \/>\n<link rel=\"canonical\" href=\"https:\/\/lac.wetlands.org\/pt-br\/quem-somos\/\" \/>\n<meta property=\"og:locale\" content=\"pt_BR\" \/>\n<meta property=\"og:type\" content=\"article\" \/>\n<meta property=\"og:title\" content=\"Quem somos - Wetlands International Brazil\" \/>\n<meta property=\"og:description\" content=\"A Wetlands International trabalha a n\u00edvel global, regional e nacional para alcan\u00e7ar a conserva\u00e7\u00e3o e a utiliza\u00e7\u00e3o racional das \u00e1reas \u00famidas, como uma contribui\u00e7\u00e3o para o desenvolvimento sustent\u00e1vel. A Wetlands International \u00e9 uma organiza\u00e7\u00e3o de conserva\u00e7\u00e3o global sem fins lucrativos que opera com base cient\u00edfica e produz ferramentas e informa\u00e7\u00f5es para fornecer assist\u00eancia ao desenvolvimento [&hellip;]\" \/>\n<meta property=\"og:url\" content=\"https:\/\/lac.wetlands.org\/pt-br\/quem-somos\/\" \/>\n<meta property=\"og:site_name\" content=\"Wetlands International Brazil\" \/>\n<meta property=\"article:publisher\" content=\"https:\/\/www.facebook.com\/WetlandsIntBR\" \/>\n<meta property=\"article:modified_time\" content=\"2026-03-18T18:24:50+00:00\" \/>\n<meta property=\"og:image\" content=\"https:\/\/lac.wetlands.org\/pt-br\/wp-content\/uploads\/sites\/5\/2018\/05\/Aprovada-a-Estrategia-Nacional-de-Areas-Umidas_foto-Jose-Sabino-scaled.jpg\" \/>\n\t<meta property=\"og:image:width\" content=\"2560\" \/>\n\t<meta property=\"og:image:height\" content=\"1833\" \/>\n\t<meta property=\"og:image:type\" content=\"image\/jpeg\" \/>\n<meta name=\"twitter:card\" content=\"summary_large_image\" \/>\n<meta name=\"twitter:label1\" content=\"Est. tempo de leitura\" \/>\n\t<meta name=\"twitter:data1\" content=\"2 minutos\" \/>\n<script type=\"application\/ld+json\" class=\"yoast-schema-graph\">{\"@context\":\"https:\\\/\\\/schema.org\",\"@graph\":[{\"@type\":\"WebPage\",\"@id\":\"https:\\\/\\\/lac.wetlands.org\\\/pt-br\\\/quem-somos\\\/\",\"url\":\"https:\\\/\\\/lac.wetlands.org\\\/pt-br\\\/quem-somos\\\/\",\"name\":\"Quem somos - Wetlands International Brazil\",\"isPartOf\":{\"@id\":\"https:\\\/\\\/lac.wetlands.org\\\/pt-br\\\/#website\"},\"datePublished\":\"2024-06-06T20:32:34+00:00\",\"dateModified\":\"2026-03-18T18:24:50+00:00\",\"breadcrumb\":{\"@id\":\"https:\\\/\\\/lac.wetlands.org\\\/pt-br\\\/quem-somos\\\/#breadcrumb\"},\"inLanguage\":\"pt-BR\",\"potentialAction\":[{\"@type\":\"ReadAction\",\"target\":[\"https:\\\/\\\/lac.wetlands.org\\\/pt-br\\\/quem-somos\\\/\"]}]},{\"@type\":\"BreadcrumbList\",\"@id\":\"https:\\\/\\\/lac.wetlands.org\\\/pt-br\\\/quem-somos\\\/#breadcrumb\",\"itemListElement\":[{\"@type\":\"ListItem\",\"position\":1,\"name\":\"Home\",\"item\":\"https:\\\/\\\/lac.wetlands.org\\\/pt-br\\\/\"},{\"@type\":\"ListItem\",\"position\":2,\"name\":\"Quem somos\"}]},{\"@type\":\"WebSite\",\"@id\":\"https:\\\/\\\/lac.wetlands.org\\\/pt-br\\\/#website\",\"url\":\"https:\\\/\\\/lac.wetlands.org\\\/pt-br\\\/\",\"name\":\"Wetlands International Brazil\",\"description\":\"Para inspirar e mobilizar a sociedade a proteger e restaurar as \u00e1reas \u00famidas para as pessoas e a natureza.\",\"publisher\":{\"@id\":\"https:\\\/\\\/lac.wetlands.org\\\/pt-br\\\/#organization\"},\"potentialAction\":[{\"@type\":\"SearchAction\",\"target\":{\"@type\":\"EntryPoint\",\"urlTemplate\":\"https:\\\/\\\/lac.wetlands.org\\\/pt-br\\\/?s={search_term_string}\"},\"query-input\":{\"@type\":\"PropertyValueSpecification\",\"valueRequired\":true,\"valueName\":\"search_term_string\"}}],\"inLanguage\":\"pt-BR\"},{\"@type\":\"Organization\",\"@id\":\"https:\\\/\\\/lac.wetlands.org\\\/pt-br\\\/#organization\",\"name\":\"Wetlands International Brazil\",\"url\":\"https:\\\/\\\/lac.wetlands.org\\\/pt-br\\\/\",\"logo\":{\"@type\":\"ImageObject\",\"inLanguage\":\"pt-BR\",\"@id\":\"https:\\\/\\\/lac.wetlands.org\\\/pt-br\\\/#\\\/schema\\\/logo\\\/image\\\/\",\"url\":\"https:\\\/\\\/lac.wetlands.org\\\/pt-br\\\/wp-content\\\/uploads\\\/sites\\\/5\\\/2024\\\/07\\\/Wetlands-International-logo-RGB-High-res-Transparente.png\",\"contentUrl\":\"https:\\\/\\\/lac.wetlands.org\\\/pt-br\\\/wp-content\\\/uploads\\\/sites\\\/5\\\/2024\\\/07\\\/Wetlands-International-logo-RGB-High-res-Transparente.png\",\"width\":1920,\"height\":949,\"caption\":\"Wetlands International Brazil\"},\"image\":{\"@id\":\"https:\\\/\\\/lac.wetlands.org\\\/pt-br\\\/#\\\/schema\\\/logo\\\/image\\\/\"},\"sameAs\":[\"https:\\\/\\\/www.facebook.com\\\/WetlandsIntBR\",\"https:\\\/\\\/www.instagram.com\\\/wetlandsintbr\\\/?hl=pt-br\\\/\",\"https:\\\/\\\/www.youtube.com\\\/channel\\\/UCQ0t8SqNdRY164b1jd2Vr5w\"]}]}<\/script>\n<!-- \/ Yoast SEO plugin. -->","yoast_head_json":{"title":"Quem somos - Wetlands International Brazil","robots":{"index":"index","follow":"follow","max-snippet":"max-snippet:-1","max-image-preview":"max-image-preview:large","max-video-preview":"max-video-preview:-1"},"canonical":"https:\/\/lac.wetlands.org\/pt-br\/quem-somos\/","og_locale":"pt_BR","og_type":"article","og_title":"Quem somos - Wetlands International Brazil","og_description":"A Wetlands International trabalha a n\u00edvel global, regional e nacional para alcan\u00e7ar a conserva\u00e7\u00e3o e a utiliza\u00e7\u00e3o racional das \u00e1reas \u00famidas, como uma contribui\u00e7\u00e3o para o desenvolvimento sustent\u00e1vel. A Wetlands International \u00e9 uma organiza\u00e7\u00e3o de conserva\u00e7\u00e3o global sem fins lucrativos que opera com base cient\u00edfica e produz ferramentas e informa\u00e7\u00f5es para fornecer assist\u00eancia ao desenvolvimento [&hellip;]","og_url":"https:\/\/lac.wetlands.org\/pt-br\/quem-somos\/","og_site_name":"Wetlands International Brazil","article_publisher":"https:\/\/www.facebook.com\/WetlandsIntBR","article_modified_time":"2026-03-18T18:24:50+00:00","og_image":[{"width":2560,"height":1833,"url":"https:\/\/lac.wetlands.org\/pt-br\/wp-content\/uploads\/sites\/5\/2018\/05\/Aprovada-a-Estrategia-Nacional-de-Areas-Umidas_foto-Jose-Sabino-scaled.jpg","type":"image\/jpeg"}],"twitter_card":"summary_large_image","twitter_misc":{"Est. tempo de leitura":"2 minutos"},"schema":{"@context":"https:\/\/schema.org","@graph":[{"@type":"WebPage","@id":"https:\/\/lac.wetlands.org\/pt-br\/quem-somos\/","url":"https:\/\/lac.wetlands.org\/pt-br\/quem-somos\/","name":"Quem somos - Wetlands International Brazil","isPartOf":{"@id":"https:\/\/lac.wetlands.org\/pt-br\/#website"},"datePublished":"2024-06-06T20:32:34+00:00","dateModified":"2026-03-18T18:24:50+00:00","breadcrumb":{"@id":"https:\/\/lac.wetlands.org\/pt-br\/quem-somos\/#breadcrumb"},"inLanguage":"pt-BR","potentialAction":[{"@type":"ReadAction","target":["https:\/\/lac.wetlands.org\/pt-br\/quem-somos\/"]}]},{"@type":"BreadcrumbList","@id":"https:\/\/lac.wetlands.org\/pt-br\/quem-somos\/#breadcrumb","itemListElement":[{"@type":"ListItem","position":1,"name":"Home","item":"https:\/\/lac.wetlands.org\/pt-br\/"},{"@type":"ListItem","position":2,"name":"Quem somos"}]},{"@type":"WebSite","@id":"https:\/\/lac.wetlands.org\/pt-br\/#website","url":"https:\/\/lac.wetlands.org\/pt-br\/","name":"Wetlands International Brazil","description":"Para inspirar e mobilizar a sociedade a proteger e restaurar as \u00e1reas \u00famidas para as pessoas e a natureza.","publisher":{"@id":"https:\/\/lac.wetlands.org\/pt-br\/#organization"},"potentialAction":[{"@type":"SearchAction","target":{"@type":"EntryPoint","urlTemplate":"https:\/\/lac.wetlands.org\/pt-br\/?s={search_term_string}"},"query-input":{"@type":"PropertyValueSpecification","valueRequired":true,"valueName":"search_term_string"}}],"inLanguage":"pt-BR"},{"@type":"Organization","@id":"https:\/\/lac.wetlands.org\/pt-br\/#organization","name":"Wetlands International Brazil","url":"https:\/\/lac.wetlands.org\/pt-br\/","logo":{"@type":"ImageObject","inLanguage":"pt-BR","@id":"https:\/\/lac.wetlands.org\/pt-br\/#\/schema\/logo\/image\/","url":"https:\/\/lac.wetlands.org\/pt-br\/wp-content\/uploads\/sites\/5\/2024\/07\/Wetlands-International-logo-RGB-High-res-Transparente.png","contentUrl":"https:\/\/lac.wetlands.org\/pt-br\/wp-content\/uploads\/sites\/5\/2024\/07\/Wetlands-International-logo-RGB-High-res-Transparente.png","width":1920,"height":949,"caption":"Wetlands International Brazil"},"image":{"@id":"https:\/\/lac.wetlands.org\/pt-br\/#\/schema\/logo\/image\/"},"sameAs":["https:\/\/www.facebook.com\/WetlandsIntBR","https:\/\/www.instagram.com\/wetlandsintbr\/?hl=pt-br\/","https:\/\/www.youtube.com\/channel\/UCQ0t8SqNdRY164b1jd2Vr5w"]}]}},"_links":{"self":[{"href":"https:\/\/lac.wetlands.org\/pt-br\/wp-json\/wp\/v2\/pages\/5840"}],"collection":[{"href":"https:\/\/lac.wetlands.org\/pt-br\/wp-json\/wp\/v2\/pages"}],"about":[{"href":"https:\/\/lac.wetlands.org\/pt-br\/wp-json\/wp\/v2\/types\/page"}],"author":[{"embeddable":true,"href":"https:\/\/lac.wetlands.org\/pt-br\/wp-json\/wp\/v2\/users\/29"}],"replies":[{"embeddable":true,"href":"https:\/\/lac.wetlands.org\/pt-br\/wp-json\/wp\/v2\/comments?post=5840"}],"version-history":[{"count":2,"href":"https:\/\/lac.wetlands.org\/pt-br\/wp-json\/wp\/v2\/pages\/5840\/revisions"}],"predecessor-version":[{"id":8047,"href":"https:\/\/lac.wetlands.org\/pt-br\/wp-json\/wp\/v2\/pages\/5840\/revisions\/8047"}],"wp:attachment":[{"href":"https:\/\/lac.wetlands.org\/pt-br\/wp-json\/wp\/v2\/media?parent=5840"}],"wp:term":[{"taxonomy":"wl_issue","embeddable":true,"href":"https:\/\/lac.wetlands.org\/pt-br\/wp-json\/wp\/v2\/wl_issue?post=5840"},{"taxonomy":"wl_topic","embeddable":true,"href":"https:\/\/lac.wetlands.org\/pt-br\/wp-json\/wp\/v2\/wl_topic?post=5840"},{"taxonomy":"wl_type","embeddable":true,"href":"https:\/\/lac.wetlands.org\/pt-br\/wp-json\/wp\/v2\/wl_type?post=5840"}],"curies":[{"name":"wp","href":"https:\/\/api.w.org\/{rel}","templated":true}]}}