{"id":5869,"date":"2024-06-07T16:09:35","date_gmt":"2024-06-07T20:09:35","guid":{"rendered":"https:\/\/lac.wetlands.org\/pt-br\/?page_id=5869"},"modified":"2026-03-18T14:24:00","modified_gmt":"2026-03-18T18:24:00","slug":"missao-e-visao","status":"publish","type":"page","link":"https:\/\/lac.wetlands.org\/pt-br\/quem-somos\/missao-e-visao\/","title":{"rendered":"Miss\u00e3o e Vis\u00e3o"},"content":{"rendered":"\n<p>Em todas as regi\u00f5es do mundo, a taxa de perda e degrada\u00e7\u00e3o de \u00e1reas \u00famidas, como lagos, p\u00e2ntanos e rios, est\u00e1 a acelerar. Estamos profundamente preocupados com o impacto desta perda n\u00e3o s\u00f3 na natureza, mas tamb\u00e9m nas pessoas que dependem das \u00e1reas \u00famidas para obter \u00e1gua, peixe e outros meios de subsist\u00eancia, bem como para a resili\u00eancia a fen\u00f4menos meteorol\u00f3gicos extremos, e para fazer face ao desafio das altera\u00e7\u00f5es clim\u00e1ticas. Acreditamos que podemos parar e reverter esta tend\u00eancia negativa.<\/p>\n\n\n\n<h3 class=\"wp-block-heading\">Nossa vis\u00e3o<\/h3>\n\n\n\n<p>\u00c9 um mundo em que as \u00e1reas \u00famidas s\u00e3o valorizadas e cuidadas pela sua beleza, pela vida que sustentam e pelos recursos que fornecem.<\/p>\n\n\n\n<h3 class=\"wp-block-heading\">Nossa miss\u00e3o<\/h3>\n\n\n\n<p>Trata-se de preservar e restaurar as \u00e1reas \u00famidas, os seus recursos e a biodiversidade.<\/p>\n\n\n\n<h3 class=\"wp-block-heading\">Nosso objetivo<\/h3>\n\n\n\n<p>\u00c9 que as \u00e1reas \u00famidas sejam utilizados e restaurados de maneira racional pela fun\u00e7\u00e3o que desempenham para melhorar o bem-estar humano e os meios de vida locais \u2013 conservar a biodiversidade, manter o ciclo da \u00e1gua e reduzir a mudan\u00e7a clim\u00e1tica e seus impacto<\/p>\n\n\n\n<h3 class=\"wp-block-heading\">Nossa estrat\u00e9gia<\/h3>\n\n\n\n<p>A Inten\u00e7\u00e3o Estrat\u00e9gica (2015-2025) define a forma como trabalhamos como organiza\u00e7\u00e3o e os objetivos que nos propusemos para os pr\u00f3ximos anos.<\/p>\n\n\n\n<figure class=\"wp-block-image\"><img decoding=\"async\" src=\"https:\/\/lac.wetlands.org\/wp-content\/uploads\/sites\/3\/2017\/04\/2017-04-21-13_30_59-Strategic-Intent-Spanish-2015-2025-Final-CMYK_SINGLE-PAGES.pdf-Adobe-Acrobat-R.jpg\" alt=\"\" \/><\/figure>\n\n\n\n<h3 class=\"wp-block-heading\">Inten\u00e7\u00e3o Estrat\u00e9gica 2015-2025<\/h3>\n\n\n\n<p><a href=\"https:\/\/lac.wetlands.org\/download\/4429\/?tmstv=1717789962\">Baixar (pdf, 4,09 MB)<\/a><\/p>\n\n\n\n<h3 class=\"wp-block-heading\">Por um clima neutro!<\/h3>\n\n\n\n<p>A Wetlands International tamb\u00e9m est\u00e1 comprometida em ser uma organiza\u00e7\u00e3o verde internamente. Trabalhamos continuamente para reduzir a nossa pr\u00f3pria pegada. \u00c9 por isso que tentamos evitar viagens a\u00e9reas. Com o Grupo Climate Neutral, compensamos as emiss\u00f5es de carbono se utilizarmos um avi\u00e3o. Para a produ\u00e7\u00e3o dos nossos materiais impressos, sempre que poss\u00edvel utilizamos preferencialmente papel 100% reciclado e com certifica\u00e7\u00e3o FSC.<\/p>\n","protected":false},"excerpt":{"rendered":"<p>Em todas as regi\u00f5es do mundo, a taxa de perda e degrada\u00e7\u00e3o de \u00e1reas \u00famidas, como lagos, p\u00e2ntanos e rios, est\u00e1 a acelerar. Estamos profundamente preocupados com o impacto desta perda n\u00e3o s\u00f3 na natureza, mas tamb\u00e9m nas pessoas que dependem das \u00e1reas \u00famidas para obter \u00e1gua, peixe e outros meios de subsist\u00eancia, bem como [&hellip;]<\/p>\n","protected":false},"author":29,"featured_media":5875,"parent":5840,"menu_order":0,"comment_status":"closed","ping_status":"closed","template":"","meta":{"_acf_changed":false,"_monsterinsights_skip_tracking":false,"_monsterinsights_sitenote_active":false,"_monsterinsights_sitenote_note":"","_monsterinsights_sitenote_category":0,"ep_exclude_from_search":false,"editor_notices":[],"footnotes":""},"wl_issue":[],"wl_topic":[],"wl_type":[],"class_list":["post-5869","page","type-page","status-publish","has-post-thumbnail","hentry"],"acf":[],"yoast_head":"<!-- This site is optimized with the Yoast SEO plugin v27.4 - https:\/\/yoast.com\/product\/yoast-seo-wordpress\/ -->\n<title>Miss\u00e3o e Vis\u00e3o - Wetlands International Brazil<\/title>\n<meta name=\"robots\" content=\"index, follow, max-snippet:-1, max-image-preview:large, max-video-preview:-1\" \/>\n<link rel=\"canonical\" href=\"https:\/\/lac.wetlands.org\/pt-br\/quem-somos\/missao-e-visao\/\" \/>\n<meta property=\"og:locale\" content=\"pt_BR\" \/>\n<meta property=\"og:type\" content=\"article\" \/>\n<meta property=\"og:title\" content=\"Miss\u00e3o e Vis\u00e3o - Wetlands International Brazil\" \/>\n<meta property=\"og:description\" content=\"Em todas as regi\u00f5es do mundo, a taxa de perda e degrada\u00e7\u00e3o de \u00e1reas \u00famidas, como lagos, p\u00e2ntanos e rios, est\u00e1 a acelerar. Estamos profundamente preocupados com o impacto desta perda n\u00e3o s\u00f3 na natureza, mas tamb\u00e9m nas pessoas que dependem das \u00e1reas \u00famidas para obter \u00e1gua, peixe e outros meios de subsist\u00eancia, bem como [&hellip;]\" \/>\n<meta property=\"og:url\" content=\"https:\/\/lac.wetlands.org\/pt-br\/quem-somos\/missao-e-visao\/\" \/>\n<meta property=\"og:site_name\" content=\"Wetlands International Brazil\" \/>\n<meta property=\"article:publisher\" content=\"https:\/\/www.facebook.com\/WetlandsIntBR\" \/>\n<meta property=\"article:modified_time\" content=\"2026-03-18T18:24:00+00:00\" \/>\n<meta property=\"og:image\" content=\"https:\/\/lac.wetlands.org\/pt-br\/wp-content\/uploads\/sites\/5\/2024\/06\/Onca-pintada_Jose-Sabino-Agradecimento-Wetlands-International-e-Mupan-1-480x322-2-e1717792491584.jpg\" \/>\n\t<meta property=\"og:image:width\" content=\"480\" \/>\n\t<meta property=\"og:image:height\" content=\"295\" \/>\n\t<meta property=\"og:image:type\" content=\"image\/jpeg\" \/>\n<meta name=\"twitter:card\" content=\"summary_large_image\" \/>\n<meta name=\"twitter:label1\" content=\"Est. tempo de leitura\" \/>\n\t<meta name=\"twitter:data1\" content=\"2 minutos\" \/>\n<script type=\"application\/ld+json\" class=\"yoast-schema-graph\">{\"@context\":\"https:\\\/\\\/schema.org\",\"@graph\":[{\"@type\":\"WebPage\",\"@id\":\"https:\\\/\\\/lac.wetlands.org\\\/pt-br\\\/quem-somos\\\/missao-e-visao\\\/\",\"url\":\"https:\\\/\\\/lac.wetlands.org\\\/pt-br\\\/quem-somos\\\/missao-e-visao\\\/\",\"name\":\"Miss\u00e3o e Vis\u00e3o - Wetlands International Brazil\",\"isPartOf\":{\"@id\":\"https:\\\/\\\/lac.wetlands.org\\\/pt-br\\\/#website\"},\"primaryImageOfPage\":{\"@id\":\"https:\\\/\\\/lac.wetlands.org\\\/pt-br\\\/quem-somos\\\/missao-e-visao\\\/#primaryimage\"},\"image\":{\"@id\":\"https:\\\/\\\/lac.wetlands.org\\\/pt-br\\\/quem-somos\\\/missao-e-visao\\\/#primaryimage\"},\"thumbnailUrl\":\"https:\\\/\\\/lac.wetlands.org\\\/pt-br\\\/wp-content\\\/uploads\\\/sites\\\/5\\\/2024\\\/06\\\/Onca-pintada_Jose-Sabino-Agradecimento-Wetlands-International-e-Mupan-1-480x322-2-e1717792491584.jpg\",\"datePublished\":\"2024-06-07T20:09:35+00:00\",\"dateModified\":\"2026-03-18T18:24:00+00:00\",\"breadcrumb\":{\"@id\":\"https:\\\/\\\/lac.wetlands.org\\\/pt-br\\\/quem-somos\\\/missao-e-visao\\\/#breadcrumb\"},\"inLanguage\":\"pt-BR\",\"potentialAction\":[{\"@type\":\"ReadAction\",\"target\":[\"https:\\\/\\\/lac.wetlands.org\\\/pt-br\\\/quem-somos\\\/missao-e-visao\\\/\"]}]},{\"@type\":\"ImageObject\",\"inLanguage\":\"pt-BR\",\"@id\":\"https:\\\/\\\/lac.wetlands.org\\\/pt-br\\\/quem-somos\\\/missao-e-visao\\\/#primaryimage\",\"url\":\"https:\\\/\\\/lac.wetlands.org\\\/pt-br\\\/wp-content\\\/uploads\\\/sites\\\/5\\\/2024\\\/06\\\/Onca-pintada_Jose-Sabino-Agradecimento-Wetlands-International-e-Mupan-1-480x322-2-e1717792491584.jpg\",\"contentUrl\":\"https:\\\/\\\/lac.wetlands.org\\\/pt-br\\\/wp-content\\\/uploads\\\/sites\\\/5\\\/2024\\\/06\\\/Onca-pintada_Jose-Sabino-Agradecimento-Wetlands-International-e-Mupan-1-480x322-2-e1717792491584.jpg\",\"width\":480,\"height\":295},{\"@type\":\"BreadcrumbList\",\"@id\":\"https:\\\/\\\/lac.wetlands.org\\\/pt-br\\\/quem-somos\\\/missao-e-visao\\\/#breadcrumb\",\"itemListElement\":[{\"@type\":\"ListItem\",\"position\":1,\"name\":\"Home\",\"item\":\"https:\\\/\\\/lac.wetlands.org\\\/pt-br\\\/\"},{\"@type\":\"ListItem\",\"position\":2,\"name\":\"Quem somos\",\"item\":\"https:\\\/\\\/lac.wetlands.org\\\/pt-br\\\/quem-somos\\\/\"},{\"@type\":\"ListItem\",\"position\":3,\"name\":\"Miss\u00e3o e Vis\u00e3o\"}]},{\"@type\":\"WebSite\",\"@id\":\"https:\\\/\\\/lac.wetlands.org\\\/pt-br\\\/#website\",\"url\":\"https:\\\/\\\/lac.wetlands.org\\\/pt-br\\\/\",\"name\":\"Wetlands International Brazil\",\"description\":\"Para inspirar e mobilizar a sociedade a proteger e restaurar as \u00e1reas \u00famidas para as pessoas e a natureza.\",\"publisher\":{\"@id\":\"https:\\\/\\\/lac.wetlands.org\\\/pt-br\\\/#organization\"},\"potentialAction\":[{\"@type\":\"SearchAction\",\"target\":{\"@type\":\"EntryPoint\",\"urlTemplate\":\"https:\\\/\\\/lac.wetlands.org\\\/pt-br\\\/?s={search_term_string}\"},\"query-input\":{\"@type\":\"PropertyValueSpecification\",\"valueRequired\":true,\"valueName\":\"search_term_string\"}}],\"inLanguage\":\"pt-BR\"},{\"@type\":\"Organization\",\"@id\":\"https:\\\/\\\/lac.wetlands.org\\\/pt-br\\\/#organization\",\"name\":\"Wetlands International Brazil\",\"url\":\"https:\\\/\\\/lac.wetlands.org\\\/pt-br\\\/\",\"logo\":{\"@type\":\"ImageObject\",\"inLanguage\":\"pt-BR\",\"@id\":\"https:\\\/\\\/lac.wetlands.org\\\/pt-br\\\/#\\\/schema\\\/logo\\\/image\\\/\",\"url\":\"https:\\\/\\\/lac.wetlands.org\\\/pt-br\\\/wp-content\\\/uploads\\\/sites\\\/5\\\/2024\\\/07\\\/Wetlands-International-logo-RGB-High-res-Transparente.png\",\"contentUrl\":\"https:\\\/\\\/lac.wetlands.org\\\/pt-br\\\/wp-content\\\/uploads\\\/sites\\\/5\\\/2024\\\/07\\\/Wetlands-International-logo-RGB-High-res-Transparente.png\",\"width\":1920,\"height\":949,\"caption\":\"Wetlands International Brazil\"},\"image\":{\"@id\":\"https:\\\/\\\/lac.wetlands.org\\\/pt-br\\\/#\\\/schema\\\/logo\\\/image\\\/\"},\"sameAs\":[\"https:\\\/\\\/www.facebook.com\\\/WetlandsIntBR\",\"https:\\\/\\\/www.instagram.com\\\/wetlandsintbr\\\/?hl=pt-br\\\/\",\"https:\\\/\\\/www.youtube.com\\\/channel\\\/UCQ0t8SqNdRY164b1jd2Vr5w\"]}]}<\/script>\n<!-- \/ Yoast SEO plugin. -->","yoast_head_json":{"title":"Miss\u00e3o e Vis\u00e3o - Wetlands International Brazil","robots":{"index":"index","follow":"follow","max-snippet":"max-snippet:-1","max-image-preview":"max-image-preview:large","max-video-preview":"max-video-preview:-1"},"canonical":"https:\/\/lac.wetlands.org\/pt-br\/quem-somos\/missao-e-visao\/","og_locale":"pt_BR","og_type":"article","og_title":"Miss\u00e3o e Vis\u00e3o - Wetlands International Brazil","og_description":"Em todas as regi\u00f5es do mundo, a taxa de perda e degrada\u00e7\u00e3o de \u00e1reas \u00famidas, como lagos, p\u00e2ntanos e rios, est\u00e1 a acelerar. Estamos profundamente preocupados com o impacto desta perda n\u00e3o s\u00f3 na natureza, mas tamb\u00e9m nas pessoas que dependem das \u00e1reas \u00famidas para obter \u00e1gua, peixe e outros meios de subsist\u00eancia, bem como [&hellip;]","og_url":"https:\/\/lac.wetlands.org\/pt-br\/quem-somos\/missao-e-visao\/","og_site_name":"Wetlands International Brazil","article_publisher":"https:\/\/www.facebook.com\/WetlandsIntBR","article_modified_time":"2026-03-18T18:24:00+00:00","og_image":[{"width":480,"height":295,"url":"https:\/\/lac.wetlands.org\/pt-br\/wp-content\/uploads\/sites\/5\/2024\/06\/Onca-pintada_Jose-Sabino-Agradecimento-Wetlands-International-e-Mupan-1-480x322-2-e1717792491584.jpg","type":"image\/jpeg"}],"twitter_card":"summary_large_image","twitter_misc":{"Est. tempo de leitura":"2 minutos"},"schema":{"@context":"https:\/\/schema.org","@graph":[{"@type":"WebPage","@id":"https:\/\/lac.wetlands.org\/pt-br\/quem-somos\/missao-e-visao\/","url":"https:\/\/lac.wetlands.org\/pt-br\/quem-somos\/missao-e-visao\/","name":"Miss\u00e3o e Vis\u00e3o - Wetlands International Brazil","isPartOf":{"@id":"https:\/\/lac.wetlands.org\/pt-br\/#website"},"primaryImageOfPage":{"@id":"https:\/\/lac.wetlands.org\/pt-br\/quem-somos\/missao-e-visao\/#primaryimage"},"image":{"@id":"https:\/\/lac.wetlands.org\/pt-br\/quem-somos\/missao-e-visao\/#primaryimage"},"thumbnailUrl":"https:\/\/lac.wetlands.org\/pt-br\/wp-content\/uploads\/sites\/5\/2024\/06\/Onca-pintada_Jose-Sabino-Agradecimento-Wetlands-International-e-Mupan-1-480x322-2-e1717792491584.jpg","datePublished":"2024-06-07T20:09:35+00:00","dateModified":"2026-03-18T18:24:00+00:00","breadcrumb":{"@id":"https:\/\/lac.wetlands.org\/pt-br\/quem-somos\/missao-e-visao\/#breadcrumb"},"inLanguage":"pt-BR","potentialAction":[{"@type":"ReadAction","target":["https:\/\/lac.wetlands.org\/pt-br\/quem-somos\/missao-e-visao\/"]}]},{"@type":"ImageObject","inLanguage":"pt-BR","@id":"https:\/\/lac.wetlands.org\/pt-br\/quem-somos\/missao-e-visao\/#primaryimage","url":"https:\/\/lac.wetlands.org\/pt-br\/wp-content\/uploads\/sites\/5\/2024\/06\/Onca-pintada_Jose-Sabino-Agradecimento-Wetlands-International-e-Mupan-1-480x322-2-e1717792491584.jpg","contentUrl":"https:\/\/lac.wetlands.org\/pt-br\/wp-content\/uploads\/sites\/5\/2024\/06\/Onca-pintada_Jose-Sabino-Agradecimento-Wetlands-International-e-Mupan-1-480x322-2-e1717792491584.jpg","width":480,"height":295},{"@type":"BreadcrumbList","@id":"https:\/\/lac.wetlands.org\/pt-br\/quem-somos\/missao-e-visao\/#breadcrumb","itemListElement":[{"@type":"ListItem","position":1,"name":"Home","item":"https:\/\/lac.wetlands.org\/pt-br\/"},{"@type":"ListItem","position":2,"name":"Quem somos","item":"https:\/\/lac.wetlands.org\/pt-br\/quem-somos\/"},{"@type":"ListItem","position":3,"name":"Miss\u00e3o e Vis\u00e3o"}]},{"@type":"WebSite","@id":"https:\/\/lac.wetlands.org\/pt-br\/#website","url":"https:\/\/lac.wetlands.org\/pt-br\/","name":"Wetlands International Brazil","description":"Para inspirar e mobilizar a sociedade a proteger e restaurar as \u00e1reas \u00famidas para as pessoas e a natureza.","publisher":{"@id":"https:\/\/lac.wetlands.org\/pt-br\/#organization"},"potentialAction":[{"@type":"SearchAction","target":{"@type":"EntryPoint","urlTemplate":"https:\/\/lac.wetlands.org\/pt-br\/?s={search_term_string}"},"query-input":{"@type":"PropertyValueSpecification","valueRequired":true,"valueName":"search_term_string"}}],"inLanguage":"pt-BR"},{"@type":"Organization","@id":"https:\/\/lac.wetlands.org\/pt-br\/#organization","name":"Wetlands International Brazil","url":"https:\/\/lac.wetlands.org\/pt-br\/","logo":{"@type":"ImageObject","inLanguage":"pt-BR","@id":"https:\/\/lac.wetlands.org\/pt-br\/#\/schema\/logo\/image\/","url":"https:\/\/lac.wetlands.org\/pt-br\/wp-content\/uploads\/sites\/5\/2024\/07\/Wetlands-International-logo-RGB-High-res-Transparente.png","contentUrl":"https:\/\/lac.wetlands.org\/pt-br\/wp-content\/uploads\/sites\/5\/2024\/07\/Wetlands-International-logo-RGB-High-res-Transparente.png","width":1920,"height":949,"caption":"Wetlands International Brazil"},"image":{"@id":"https:\/\/lac.wetlands.org\/pt-br\/#\/schema\/logo\/image\/"},"sameAs":["https:\/\/www.facebook.com\/WetlandsIntBR","https:\/\/www.instagram.com\/wetlandsintbr\/?hl=pt-br\/","https:\/\/www.youtube.com\/channel\/UCQ0t8SqNdRY164b1jd2Vr5w"]}]}},"_links":{"self":[{"href":"https:\/\/lac.wetlands.org\/pt-br\/wp-json\/wp\/v2\/pages\/5869"}],"collection":[{"href":"https:\/\/lac.wetlands.org\/pt-br\/wp-json\/wp\/v2\/pages"}],"about":[{"href":"https:\/\/lac.wetlands.org\/pt-br\/wp-json\/wp\/v2\/types\/page"}],"author":[{"embeddable":true,"href":"https:\/\/lac.wetlands.org\/pt-br\/wp-json\/wp\/v2\/users\/29"}],"replies":[{"embeddable":true,"href":"https:\/\/lac.wetlands.org\/pt-br\/wp-json\/wp\/v2\/comments?post=5869"}],"version-history":[{"count":3,"href":"https:\/\/lac.wetlands.org\/pt-br\/wp-json\/wp\/v2\/pages\/5869\/revisions"}],"predecessor-version":[{"id":8046,"href":"https:\/\/lac.wetlands.org\/pt-br\/wp-json\/wp\/v2\/pages\/5869\/revisions\/8046"}],"up":[{"embeddable":true,"href":"https:\/\/lac.wetlands.org\/pt-br\/wp-json\/wp\/v2\/pages\/5840"}],"wp:featuredmedia":[{"embeddable":true,"href":"https:\/\/lac.wetlands.org\/pt-br\/wp-json\/wp\/v2\/media\/5875"}],"wp:attachment":[{"href":"https:\/\/lac.wetlands.org\/pt-br\/wp-json\/wp\/v2\/media?parent=5869"}],"wp:term":[{"taxonomy":"wl_issue","embeddable":true,"href":"https:\/\/lac.wetlands.org\/pt-br\/wp-json\/wp\/v2\/wl_issue?post=5869"},{"taxonomy":"wl_topic","embeddable":true,"href":"https:\/\/lac.wetlands.org\/pt-br\/wp-json\/wp\/v2\/wl_topic?post=5869"},{"taxonomy":"wl_type","embeddable":true,"href":"https:\/\/lac.wetlands.org\/pt-br\/wp-json\/wp\/v2\/wl_type?post=5869"}],"curies":[{"name":"wp","href":"https:\/\/api.w.org\/{rel}","templated":true}]}}