{"id":5877,"date":"2024-06-07T16:45:46","date_gmt":"2024-06-07T20:45:46","guid":{"rendered":"https:\/\/lac.wetlands.org\/pt-br\/?page_id=5877"},"modified":"2024-10-13T20:32:27","modified_gmt":"2024-10-14T00:32:27","slug":"como-trabalhamos","status":"publish","type":"page","link":"https:\/\/lac.wetlands.org\/pt-br\/quem-somos\/como-trabalhamos\/","title":{"rendered":"Como trabalhamos"},"content":{"rendered":"\n<p>As \u00e1reas \u00famidas s\u00e3o t\u00e3o vitais para o planeta quanto as florestas tropicais. \u00c9 por isso que nos dedicamos \u00e0 sua conserva\u00e7\u00e3o e restauro. Fazemo-lo compreendendo e abordando as causas subjacentes \u00e0 perda e degrada\u00e7\u00e3o de \u00e1reas \u00famidas. O nosso conhecimento b\u00e1sico e trabalho de defesa permitem-nos tomar medidas para salvaguardar e restaurar \u00e1reas \u00famidass e utiliz\u00e1-las de forma sustent\u00e1vel.<\/p>\n\n\n\n<h3 class=\"wp-block-heading\">\u00c1reas \u00famidas na paisagem<\/h3>\n\n\n\n<p>A nossa abordagem \u00e0 conserva\u00e7\u00e3o e utiliza\u00e7\u00e3o racional das \u00e1reas \u00famidas reflecte a natureza din\u00e2mica das \u00e1reas \u00famidas e a sua ampla liga\u00e7\u00e3o \u00e0 paisagem e \u00e0s comunidades \u2013 as \u00e1reas \u00famidas t\u00eam uma longa hist\u00f3ria de utiliza\u00e7\u00e3o humana e fortes liga\u00e7\u00f5es culturais que continuam a moldar esta utiliza\u00e7\u00e3o. Ter em conta estas liga\u00e7\u00f5es \u00e9 uma dimens\u00e3o fundamental para a conserva\u00e7\u00e3o e restaura\u00e7\u00e3o de \u00e1reas \u00famidas.<\/p>\n\n\n\n<h3 class=\"wp-block-heading\">Conhecimento, pol\u00edtica e pr\u00e1tica<\/h3>\n\n\n\n<p>Conectamos conhecimento t\u00e9cnico, di\u00e1logo pol\u00edtico e projetos pr\u00e1ticos na \u00e1rea. A utiliza\u00e7\u00e3o do conhecimento cient\u00edfico torna-nos uma fonte de informa\u00e7\u00e3o, enquanto projetos de demonstra\u00e7\u00e3o poderosos inspiram as pessoas a agir. Defendemos e empenhamo-nos na promo\u00e7\u00e3o de temas para os quais desenvolvemos conhecimento e experi\u00eancia. Utilizamo-los para estimular governos e empresas a desenvolver e implementar pol\u00edticas eficazes em todas as escalas, desde o local at\u00e9 ao global.<\/p>\n\n\n\n<h3 class=\"wp-block-heading\">Capacitar as comunidades locais<\/h3>\n\n\n\n<p>A nossa experi\u00eancia mostra que as pol\u00edticas e os investimentos podem ser fortemente influenciados por um processo ascendente. Ao trabalhar com parceiros locais e capacitar as comunidades locais cujas vidas est\u00e3o intimamente ligadas \u00e0s \u00e1reas \u00famidas, capacitamos a sociedade civil com o conhecimento e as compet\u00eancias necess\u00e1rias para interagir de forma mais eficaz com os governos e o sector privado, cujas decis\u00f5es s\u00e3o geralmente definidas a n\u00edvel nacional e at\u00e9 mesmo internacionalmente os afetam.<\/p>\n\n\n\n<h3 class=\"wp-block-heading\">Alian\u00e7as estrat\u00e9gicas<\/h3>\n\n\n\n<p>Para provocar mudan\u00e7as significativas, precisamos que os governos, o sector privado e a sociedade civil actuem individual e colectivamente. Trabalhamos de forma cr\u00edtica e construtiva com o setor empresarial para melhorar a sustentabilidade do seu desempenho, particularmente em rela\u00e7\u00e3o \u00e0s \u00e1reas \u00famidas e \u00e0 \u00e1gua. Tamb\u00e9m estabelecemos parcerias como um meio de permitir que os sectores p\u00fablico e privado protejam e restaurem \u00e1reas \u00famidas.<\/p>\n\n\n\n<h3 class=\"wp-block-heading\">Conectando o local ao global<\/h3>\n\n\n\n<p>Ao conectar o nosso trabalho entre escrit\u00f3rios e redes de parceiros, combinamos experi\u00eancias e sucessos locais e aumentamos o nosso impacto nas pol\u00edticas, pr\u00e1ticas e investimentos nacionais, regionais e globais.<\/p>\n\n\n\n<h3 class=\"wp-block-heading\">Trabalhando para o longo prazo<\/h3>\n\n\n\n<p>Aprendemos que, embora possamos demonstrar sucessos de pequena escala em apenas alguns anos, conduzindo a mudan\u00e7as positivas para as pessoas e para os sistemas de \u00e1reas \u00famidas, isso leva tempo, muitas vezes d\u00e9cadas. Por isso acreditamos num trabalho a longo prazo nas principais \u00e1reas \u00famidas.<\/p>\n\n\n\n<h3 class=\"wp-block-heading\"><a href=\"https:\/\/lac.wetlands.org\/pt-br\/nosso-foco\/\">Veja como trabalhamos na pr\u00e1tica.<\/a><\/h3>\n","protected":false},"excerpt":{"rendered":"<p>As \u00e1reas \u00famidas s\u00e3o t\u00e3o vitais para o planeta quanto as florestas tropicais. \u00c9 por isso que nos dedicamos \u00e0 sua conserva\u00e7\u00e3o e restauro. Fazemo-lo compreendendo e abordando as causas subjacentes \u00e0 perda e degrada\u00e7\u00e3o de \u00e1reas \u00famidas. O nosso conhecimento b\u00e1sico e trabalho de defesa permitem-nos tomar medidas para salvaguardar e restaurar \u00e1reas \u00famidass [&hellip;]<\/p>\n","protected":false},"author":29,"featured_media":0,"parent":5840,"menu_order":0,"comment_status":"closed","ping_status":"closed","template":"","meta":{"_acf_changed":false,"_monsterinsights_skip_tracking":false,"_monsterinsights_sitenote_active":false,"_monsterinsights_sitenote_note":"","_monsterinsights_sitenote_category":0,"ep_exclude_from_search":false,"editor_notices":[],"footnotes":""},"wl_issue":[],"wl_topic":[],"wl_type":[],"class_list":["post-5877","page","type-page","status-publish","hentry"],"acf":[],"yoast_head":"<!-- This site is optimized with the Yoast SEO plugin v27.4 - https:\/\/yoast.com\/product\/yoast-seo-wordpress\/ -->\n<title>Como trabalhamos - Wetlands International Brazil<\/title>\n<meta name=\"robots\" content=\"index, follow, max-snippet:-1, max-image-preview:large, max-video-preview:-1\" \/>\n<link rel=\"canonical\" href=\"https:\/\/lac.wetlands.org\/pt-br\/quem-somos\/como-trabalhamos\/\" \/>\n<meta property=\"og:locale\" content=\"pt_BR\" \/>\n<meta property=\"og:type\" content=\"article\" \/>\n<meta property=\"og:title\" content=\"Como trabalhamos - Wetlands International Brazil\" \/>\n<meta property=\"og:description\" content=\"As \u00e1reas \u00famidas s\u00e3o t\u00e3o vitais para o planeta quanto as florestas tropicais. \u00c9 por isso que nos dedicamos \u00e0 sua conserva\u00e7\u00e3o e restauro. Fazemo-lo compreendendo e abordando as causas subjacentes \u00e0 perda e degrada\u00e7\u00e3o de \u00e1reas \u00famidas. O nosso conhecimento b\u00e1sico e trabalho de defesa permitem-nos tomar medidas para salvaguardar e restaurar \u00e1reas \u00famidass [&hellip;]\" \/>\n<meta property=\"og:url\" content=\"https:\/\/lac.wetlands.org\/pt-br\/quem-somos\/como-trabalhamos\/\" \/>\n<meta property=\"og:site_name\" content=\"Wetlands International Brazil\" \/>\n<meta property=\"article:publisher\" content=\"https:\/\/www.facebook.com\/WetlandsIntBR\" \/>\n<meta property=\"article:modified_time\" content=\"2024-10-14T00:32:27+00:00\" \/>\n<meta property=\"og:image\" content=\"https:\/\/lac.wetlands.org\/pt-br\/wp-content\/uploads\/sites\/5\/2018\/05\/Aprovada-a-Estrategia-Nacional-de-Areas-Umidas_foto-Jose-Sabino-scaled.jpg\" \/>\n\t<meta property=\"og:image:width\" content=\"2560\" \/>\n\t<meta property=\"og:image:height\" content=\"1833\" \/>\n\t<meta property=\"og:image:type\" content=\"image\/jpeg\" \/>\n<meta name=\"twitter:card\" content=\"summary_large_image\" \/>\n<meta name=\"twitter:label1\" content=\"Est. tempo de leitura\" \/>\n\t<meta name=\"twitter:data1\" content=\"3 minutos\" \/>\n<script type=\"application\/ld+json\" class=\"yoast-schema-graph\">{\"@context\":\"https:\\\/\\\/schema.org\",\"@graph\":[{\"@type\":\"WebPage\",\"@id\":\"https:\\\/\\\/lac.wetlands.org\\\/pt-br\\\/quem-somos\\\/como-trabalhamos\\\/\",\"url\":\"https:\\\/\\\/lac.wetlands.org\\\/pt-br\\\/quem-somos\\\/como-trabalhamos\\\/\",\"name\":\"Como trabalhamos - Wetlands International Brazil\",\"isPartOf\":{\"@id\":\"https:\\\/\\\/lac.wetlands.org\\\/pt-br\\\/#website\"},\"datePublished\":\"2024-06-07T20:45:46+00:00\",\"dateModified\":\"2024-10-14T00:32:27+00:00\",\"breadcrumb\":{\"@id\":\"https:\\\/\\\/lac.wetlands.org\\\/pt-br\\\/quem-somos\\\/como-trabalhamos\\\/#breadcrumb\"},\"inLanguage\":\"pt-BR\",\"potentialAction\":[{\"@type\":\"ReadAction\",\"target\":[\"https:\\\/\\\/lac.wetlands.org\\\/pt-br\\\/quem-somos\\\/como-trabalhamos\\\/\"]}]},{\"@type\":\"BreadcrumbList\",\"@id\":\"https:\\\/\\\/lac.wetlands.org\\\/pt-br\\\/quem-somos\\\/como-trabalhamos\\\/#breadcrumb\",\"itemListElement\":[{\"@type\":\"ListItem\",\"position\":1,\"name\":\"Home\",\"item\":\"https:\\\/\\\/lac.wetlands.org\\\/pt-br\\\/\"},{\"@type\":\"ListItem\",\"position\":2,\"name\":\"Quem somos\",\"item\":\"https:\\\/\\\/lac.wetlands.org\\\/pt-br\\\/quem-somos\\\/\"},{\"@type\":\"ListItem\",\"position\":3,\"name\":\"Como trabalhamos\"}]},{\"@type\":\"WebSite\",\"@id\":\"https:\\\/\\\/lac.wetlands.org\\\/pt-br\\\/#website\",\"url\":\"https:\\\/\\\/lac.wetlands.org\\\/pt-br\\\/\",\"name\":\"Wetlands International Brazil\",\"description\":\"Para inspirar e mobilizar a sociedade a proteger e restaurar as \u00e1reas \u00famidas para as pessoas e a natureza.\",\"publisher\":{\"@id\":\"https:\\\/\\\/lac.wetlands.org\\\/pt-br\\\/#organization\"},\"potentialAction\":[{\"@type\":\"SearchAction\",\"target\":{\"@type\":\"EntryPoint\",\"urlTemplate\":\"https:\\\/\\\/lac.wetlands.org\\\/pt-br\\\/?s={search_term_string}\"},\"query-input\":{\"@type\":\"PropertyValueSpecification\",\"valueRequired\":true,\"valueName\":\"search_term_string\"}}],\"inLanguage\":\"pt-BR\"},{\"@type\":\"Organization\",\"@id\":\"https:\\\/\\\/lac.wetlands.org\\\/pt-br\\\/#organization\",\"name\":\"Wetlands International Brazil\",\"url\":\"https:\\\/\\\/lac.wetlands.org\\\/pt-br\\\/\",\"logo\":{\"@type\":\"ImageObject\",\"inLanguage\":\"pt-BR\",\"@id\":\"https:\\\/\\\/lac.wetlands.org\\\/pt-br\\\/#\\\/schema\\\/logo\\\/image\\\/\",\"url\":\"https:\\\/\\\/lac.wetlands.org\\\/pt-br\\\/wp-content\\\/uploads\\\/sites\\\/5\\\/2024\\\/07\\\/Wetlands-International-logo-RGB-High-res-Transparente.png\",\"contentUrl\":\"https:\\\/\\\/lac.wetlands.org\\\/pt-br\\\/wp-content\\\/uploads\\\/sites\\\/5\\\/2024\\\/07\\\/Wetlands-International-logo-RGB-High-res-Transparente.png\",\"width\":1920,\"height\":949,\"caption\":\"Wetlands International Brazil\"},\"image\":{\"@id\":\"https:\\\/\\\/lac.wetlands.org\\\/pt-br\\\/#\\\/schema\\\/logo\\\/image\\\/\"},\"sameAs\":[\"https:\\\/\\\/www.facebook.com\\\/WetlandsIntBR\",\"https:\\\/\\\/www.instagram.com\\\/wetlandsintbr\\\/?hl=pt-br\\\/\",\"https:\\\/\\\/www.youtube.com\\\/channel\\\/UCQ0t8SqNdRY164b1jd2Vr5w\"]}]}<\/script>\n<!-- \/ Yoast SEO plugin. -->","yoast_head_json":{"title":"Como trabalhamos - Wetlands International Brazil","robots":{"index":"index","follow":"follow","max-snippet":"max-snippet:-1","max-image-preview":"max-image-preview:large","max-video-preview":"max-video-preview:-1"},"canonical":"https:\/\/lac.wetlands.org\/pt-br\/quem-somos\/como-trabalhamos\/","og_locale":"pt_BR","og_type":"article","og_title":"Como trabalhamos - Wetlands International Brazil","og_description":"As \u00e1reas \u00famidas s\u00e3o t\u00e3o vitais para o planeta quanto as florestas tropicais. \u00c9 por isso que nos dedicamos \u00e0 sua conserva\u00e7\u00e3o e restauro. Fazemo-lo compreendendo e abordando as causas subjacentes \u00e0 perda e degrada\u00e7\u00e3o de \u00e1reas \u00famidas. O nosso conhecimento b\u00e1sico e trabalho de defesa permitem-nos tomar medidas para salvaguardar e restaurar \u00e1reas \u00famidass [&hellip;]","og_url":"https:\/\/lac.wetlands.org\/pt-br\/quem-somos\/como-trabalhamos\/","og_site_name":"Wetlands International Brazil","article_publisher":"https:\/\/www.facebook.com\/WetlandsIntBR","article_modified_time":"2024-10-14T00:32:27+00:00","og_image":[{"width":2560,"height":1833,"url":"https:\/\/lac.wetlands.org\/pt-br\/wp-content\/uploads\/sites\/5\/2018\/05\/Aprovada-a-Estrategia-Nacional-de-Areas-Umidas_foto-Jose-Sabino-scaled.jpg","type":"image\/jpeg"}],"twitter_card":"summary_large_image","twitter_misc":{"Est. tempo de leitura":"3 minutos"},"schema":{"@context":"https:\/\/schema.org","@graph":[{"@type":"WebPage","@id":"https:\/\/lac.wetlands.org\/pt-br\/quem-somos\/como-trabalhamos\/","url":"https:\/\/lac.wetlands.org\/pt-br\/quem-somos\/como-trabalhamos\/","name":"Como trabalhamos - Wetlands International Brazil","isPartOf":{"@id":"https:\/\/lac.wetlands.org\/pt-br\/#website"},"datePublished":"2024-06-07T20:45:46+00:00","dateModified":"2024-10-14T00:32:27+00:00","breadcrumb":{"@id":"https:\/\/lac.wetlands.org\/pt-br\/quem-somos\/como-trabalhamos\/#breadcrumb"},"inLanguage":"pt-BR","potentialAction":[{"@type":"ReadAction","target":["https:\/\/lac.wetlands.org\/pt-br\/quem-somos\/como-trabalhamos\/"]}]},{"@type":"BreadcrumbList","@id":"https:\/\/lac.wetlands.org\/pt-br\/quem-somos\/como-trabalhamos\/#breadcrumb","itemListElement":[{"@type":"ListItem","position":1,"name":"Home","item":"https:\/\/lac.wetlands.org\/pt-br\/"},{"@type":"ListItem","position":2,"name":"Quem somos","item":"https:\/\/lac.wetlands.org\/pt-br\/quem-somos\/"},{"@type":"ListItem","position":3,"name":"Como trabalhamos"}]},{"@type":"WebSite","@id":"https:\/\/lac.wetlands.org\/pt-br\/#website","url":"https:\/\/lac.wetlands.org\/pt-br\/","name":"Wetlands International Brazil","description":"Para inspirar e mobilizar a sociedade a proteger e restaurar as \u00e1reas \u00famidas para as pessoas e a natureza.","publisher":{"@id":"https:\/\/lac.wetlands.org\/pt-br\/#organization"},"potentialAction":[{"@type":"SearchAction","target":{"@type":"EntryPoint","urlTemplate":"https:\/\/lac.wetlands.org\/pt-br\/?s={search_term_string}"},"query-input":{"@type":"PropertyValueSpecification","valueRequired":true,"valueName":"search_term_string"}}],"inLanguage":"pt-BR"},{"@type":"Organization","@id":"https:\/\/lac.wetlands.org\/pt-br\/#organization","name":"Wetlands International Brazil","url":"https:\/\/lac.wetlands.org\/pt-br\/","logo":{"@type":"ImageObject","inLanguage":"pt-BR","@id":"https:\/\/lac.wetlands.org\/pt-br\/#\/schema\/logo\/image\/","url":"https:\/\/lac.wetlands.org\/pt-br\/wp-content\/uploads\/sites\/5\/2024\/07\/Wetlands-International-logo-RGB-High-res-Transparente.png","contentUrl":"https:\/\/lac.wetlands.org\/pt-br\/wp-content\/uploads\/sites\/5\/2024\/07\/Wetlands-International-logo-RGB-High-res-Transparente.png","width":1920,"height":949,"caption":"Wetlands International Brazil"},"image":{"@id":"https:\/\/lac.wetlands.org\/pt-br\/#\/schema\/logo\/image\/"},"sameAs":["https:\/\/www.facebook.com\/WetlandsIntBR","https:\/\/www.instagram.com\/wetlandsintbr\/?hl=pt-br\/","https:\/\/www.youtube.com\/channel\/UCQ0t8SqNdRY164b1jd2Vr5w"]}]}},"_links":{"self":[{"href":"https:\/\/lac.wetlands.org\/pt-br\/wp-json\/wp\/v2\/pages\/5877"}],"collection":[{"href":"https:\/\/lac.wetlands.org\/pt-br\/wp-json\/wp\/v2\/pages"}],"about":[{"href":"https:\/\/lac.wetlands.org\/pt-br\/wp-json\/wp\/v2\/types\/page"}],"author":[{"embeddable":true,"href":"https:\/\/lac.wetlands.org\/pt-br\/wp-json\/wp\/v2\/users\/29"}],"replies":[{"embeddable":true,"href":"https:\/\/lac.wetlands.org\/pt-br\/wp-json\/wp\/v2\/comments?post=5877"}],"version-history":[{"count":3,"href":"https:\/\/lac.wetlands.org\/pt-br\/wp-json\/wp\/v2\/pages\/5877\/revisions"}],"predecessor-version":[{"id":6388,"href":"https:\/\/lac.wetlands.org\/pt-br\/wp-json\/wp\/v2\/pages\/5877\/revisions\/6388"}],"up":[{"embeddable":true,"href":"https:\/\/lac.wetlands.org\/pt-br\/wp-json\/wp\/v2\/pages\/5840"}],"wp:attachment":[{"href":"https:\/\/lac.wetlands.org\/pt-br\/wp-json\/wp\/v2\/media?parent=5877"}],"wp:term":[{"taxonomy":"wl_issue","embeddable":true,"href":"https:\/\/lac.wetlands.org\/pt-br\/wp-json\/wp\/v2\/wl_issue?post=5877"},{"taxonomy":"wl_topic","embeddable":true,"href":"https:\/\/lac.wetlands.org\/pt-br\/wp-json\/wp\/v2\/wl_topic?post=5877"},{"taxonomy":"wl_type","embeddable":true,"href":"https:\/\/lac.wetlands.org\/pt-br\/wp-json\/wp\/v2\/wl_type?post=5877"}],"curies":[{"name":"wp","href":"https:\/\/api.w.org\/{rel}","templated":true}]}}