{"id":5881,"date":"2024-06-07T16:53:49","date_gmt":"2024-06-07T20:53:49","guid":{"rendered":"https:\/\/lac.wetlands.org\/pt-br\/?page_id=5881"},"modified":"2024-06-07T17:04:22","modified_gmt":"2024-06-07T21:04:22","slug":"contato","status":"publish","type":"page","link":"https:\/\/lac.wetlands.org\/pt-br\/quem-somos\/contato\/","title":{"rendered":"Contato"},"content":{"rendered":"\n<h3 class=\"wp-block-heading\">Argentina<\/h3>\n\n\n\n<p>Senhor Daniel Blanco<br>Cap. Gral. Ram\u00f3n Freire 1512 (1426)<br>Buenos Aires, Argentina<br>Tel: +54 11 45522200<br>deblanco@humedales.org.ar<br><a href=\"https:\/\/lac.wetlands.org\/\">www.wetlands.org\/lac<\/a><\/p>\n\n\n\n<h3 class=\"wp-block-heading\">Brasil<\/h3>\n\n\n\n<p>Sra. Rafaela Nicola<br>Rua Giocondo Orsi, 591, vila Vilas Boas, 79050-270<br>Campo Grande, MS, Brasil<br>Tel: +55 67 3045-5456 <br>rafaela.nicola@wetlands-brazil.org<br><a href=\"https:\/\/lac.wetlands.org\/\">www.wetlands.org\/lac<\/a><\/p>\n\n\n\n<h3 class=\"wp-block-heading\">Panam\u00e1<\/h3>\n\n\n\n<p>Sra. Mayllely Cabrera<br>Cidade de Saber, Edif\u00edcio 181, Of. 12 e 13,<br>Cidade do Panam\u00e1, Panam\u00e1<br>Panam\u00e1, Rep. do Panam\u00e1<br>Tel: +507 306-3171<br>panama@wetlands.org<br><a href=\"https:\/\/network.wetlands.org\/lac\">www.wetlands.org\/lac\u00a0<\/a><\/p>\n","protected":false},"excerpt":{"rendered":"<p>Argentina Senhor Daniel BlancoCap. Gral. Ram\u00f3n Freire 1512 (1426)Buenos Aires, ArgentinaTel: +54 11 45522200deblanco@humedales.org.arwww.wetlands.org\/lac Brasil Sra. Rafaela NicolaRua Giocondo Orsi, 591, vila Vilas Boas, 79050-270Campo Grande, MS, BrasilTel: +55 67 3045-5456 rafaela.nicola@wetlands-brazil.orgwww.wetlands.org\/lac Panam\u00e1 Sra. Mayllely CabreraCidade de Saber, Edif\u00edcio 181, Of. 12 e 13,Cidade do Panam\u00e1, Panam\u00e1Panam\u00e1, Rep. do Panam\u00e1Tel: +507 306-3171panama@wetlands.orgwww.wetlands.org\/lac\u00a0<\/p>\n","protected":false},"author":29,"featured_media":0,"parent":5840,"menu_order":0,"comment_status":"closed","ping_status":"closed","template":"","meta":{"_acf_changed":false,"_monsterinsights_skip_tracking":false,"_monsterinsights_sitenote_active":false,"_monsterinsights_sitenote_note":"","_monsterinsights_sitenote_category":0,"ep_exclude_from_search":false,"editor_notices":[],"footnotes":""},"wl_issue":[],"wl_topic":[],"wl_type":[],"class_list":["post-5881","page","type-page","status-publish","hentry"],"acf":[],"yoast_head":"<!-- This site is optimized with the Yoast SEO plugin v27.4 - https:\/\/yoast.com\/product\/yoast-seo-wordpress\/ -->\n<title>Contato - Wetlands International Brazil<\/title>\n<meta name=\"robots\" content=\"index, follow, max-snippet:-1, max-image-preview:large, max-video-preview:-1\" \/>\n<link rel=\"canonical\" href=\"https:\/\/lac.wetlands.org\/pt-br\/quem-somos\/contato\/\" \/>\n<meta property=\"og:locale\" content=\"pt_BR\" \/>\n<meta property=\"og:type\" content=\"article\" \/>\n<meta property=\"og:title\" content=\"Contato - Wetlands International Brazil\" \/>\n<meta property=\"og:description\" content=\"Argentina Senhor Daniel BlancoCap. Gral. Ram\u00f3n Freire 1512 (1426)Buenos Aires, ArgentinaTel: +54 11 45522200deblanco@humedales.org.arwww.wetlands.org\/lac Brasil Sra. Rafaela NicolaRua Giocondo Orsi, 591, vila Vilas Boas, 79050-270Campo Grande, MS, BrasilTel: +55 67 3045-5456 rafaela.nicola@wetlands-brazil.orgwww.wetlands.org\/lac Panam\u00e1 Sra. Mayllely CabreraCidade de Saber, Edif\u00edcio 181, Of. 12 e 13,Cidade do Panam\u00e1, Panam\u00e1Panam\u00e1, Rep. do Panam\u00e1Tel: +507 306-3171panama@wetlands.orgwww.wetlands.org\/lac\u00a0\" \/>\n<meta property=\"og:url\" content=\"https:\/\/lac.wetlands.org\/pt-br\/quem-somos\/contato\/\" \/>\n<meta property=\"og:site_name\" content=\"Wetlands International Brazil\" \/>\n<meta property=\"article:publisher\" content=\"https:\/\/www.facebook.com\/WetlandsIntBR\" \/>\n<meta property=\"article:modified_time\" content=\"2024-06-07T21:04:22+00:00\" \/>\n<meta property=\"og:image\" content=\"https:\/\/lac.wetlands.org\/pt-br\/wp-content\/uploads\/sites\/5\/2018\/05\/Aprovada-a-Estrategia-Nacional-de-Areas-Umidas_foto-Jose-Sabino-scaled.jpg\" \/>\n\t<meta property=\"og:image:width\" content=\"2560\" \/>\n\t<meta property=\"og:image:height\" content=\"1833\" \/>\n\t<meta property=\"og:image:type\" content=\"image\/jpeg\" \/>\n<meta name=\"twitter:card\" content=\"summary_large_image\" \/>\n<meta name=\"twitter:label1\" content=\"Est. tempo de leitura\" \/>\n\t<meta name=\"twitter:data1\" content=\"1 minuto\" \/>\n<script type=\"application\/ld+json\" class=\"yoast-schema-graph\">{\"@context\":\"https:\\\/\\\/schema.org\",\"@graph\":[{\"@type\":\"WebPage\",\"@id\":\"https:\\\/\\\/lac.wetlands.org\\\/pt-br\\\/quem-somos\\\/contato\\\/\",\"url\":\"https:\\\/\\\/lac.wetlands.org\\\/pt-br\\\/quem-somos\\\/contato\\\/\",\"name\":\"Contato - Wetlands International Brazil\",\"isPartOf\":{\"@id\":\"https:\\\/\\\/lac.wetlands.org\\\/pt-br\\\/#website\"},\"datePublished\":\"2024-06-07T20:53:49+00:00\",\"dateModified\":\"2024-06-07T21:04:22+00:00\",\"breadcrumb\":{\"@id\":\"https:\\\/\\\/lac.wetlands.org\\\/pt-br\\\/quem-somos\\\/contato\\\/#breadcrumb\"},\"inLanguage\":\"pt-BR\",\"potentialAction\":[{\"@type\":\"ReadAction\",\"target\":[\"https:\\\/\\\/lac.wetlands.org\\\/pt-br\\\/quem-somos\\\/contato\\\/\"]}]},{\"@type\":\"BreadcrumbList\",\"@id\":\"https:\\\/\\\/lac.wetlands.org\\\/pt-br\\\/quem-somos\\\/contato\\\/#breadcrumb\",\"itemListElement\":[{\"@type\":\"ListItem\",\"position\":1,\"name\":\"Home\",\"item\":\"https:\\\/\\\/lac.wetlands.org\\\/pt-br\\\/\"},{\"@type\":\"ListItem\",\"position\":2,\"name\":\"Quem somos\",\"item\":\"https:\\\/\\\/lac.wetlands.org\\\/pt-br\\\/quem-somos\\\/\"},{\"@type\":\"ListItem\",\"position\":3,\"name\":\"Contato\"}]},{\"@type\":\"WebSite\",\"@id\":\"https:\\\/\\\/lac.wetlands.org\\\/pt-br\\\/#website\",\"url\":\"https:\\\/\\\/lac.wetlands.org\\\/pt-br\\\/\",\"name\":\"Wetlands International Brazil\",\"description\":\"Para inspirar e mobilizar a sociedade a proteger e restaurar as \u00e1reas \u00famidas para as pessoas e a natureza.\",\"publisher\":{\"@id\":\"https:\\\/\\\/lac.wetlands.org\\\/pt-br\\\/#organization\"},\"potentialAction\":[{\"@type\":\"SearchAction\",\"target\":{\"@type\":\"EntryPoint\",\"urlTemplate\":\"https:\\\/\\\/lac.wetlands.org\\\/pt-br\\\/?s={search_term_string}\"},\"query-input\":{\"@type\":\"PropertyValueSpecification\",\"valueRequired\":true,\"valueName\":\"search_term_string\"}}],\"inLanguage\":\"pt-BR\"},{\"@type\":\"Organization\",\"@id\":\"https:\\\/\\\/lac.wetlands.org\\\/pt-br\\\/#organization\",\"name\":\"Wetlands International Brazil\",\"url\":\"https:\\\/\\\/lac.wetlands.org\\\/pt-br\\\/\",\"logo\":{\"@type\":\"ImageObject\",\"inLanguage\":\"pt-BR\",\"@id\":\"https:\\\/\\\/lac.wetlands.org\\\/pt-br\\\/#\\\/schema\\\/logo\\\/image\\\/\",\"url\":\"https:\\\/\\\/lac.wetlands.org\\\/pt-br\\\/wp-content\\\/uploads\\\/sites\\\/5\\\/2024\\\/07\\\/Wetlands-International-logo-RGB-High-res-Transparente.png\",\"contentUrl\":\"https:\\\/\\\/lac.wetlands.org\\\/pt-br\\\/wp-content\\\/uploads\\\/sites\\\/5\\\/2024\\\/07\\\/Wetlands-International-logo-RGB-High-res-Transparente.png\",\"width\":1920,\"height\":949,\"caption\":\"Wetlands International Brazil\"},\"image\":{\"@id\":\"https:\\\/\\\/lac.wetlands.org\\\/pt-br\\\/#\\\/schema\\\/logo\\\/image\\\/\"},\"sameAs\":[\"https:\\\/\\\/www.facebook.com\\\/WetlandsIntBR\",\"https:\\\/\\\/www.instagram.com\\\/wetlandsintbr\\\/?hl=pt-br\\\/\",\"https:\\\/\\\/www.youtube.com\\\/channel\\\/UCQ0t8SqNdRY164b1jd2Vr5w\"]}]}<\/script>\n<!-- \/ Yoast SEO plugin. -->","yoast_head_json":{"title":"Contato - Wetlands International Brazil","robots":{"index":"index","follow":"follow","max-snippet":"max-snippet:-1","max-image-preview":"max-image-preview:large","max-video-preview":"max-video-preview:-1"},"canonical":"https:\/\/lac.wetlands.org\/pt-br\/quem-somos\/contato\/","og_locale":"pt_BR","og_type":"article","og_title":"Contato - Wetlands International Brazil","og_description":"Argentina Senhor Daniel BlancoCap. Gral. Ram\u00f3n Freire 1512 (1426)Buenos Aires, ArgentinaTel: +54 11 45522200deblanco@humedales.org.arwww.wetlands.org\/lac Brasil Sra. Rafaela NicolaRua Giocondo Orsi, 591, vila Vilas Boas, 79050-270Campo Grande, MS, BrasilTel: +55 67 3045-5456 rafaela.nicola@wetlands-brazil.orgwww.wetlands.org\/lac Panam\u00e1 Sra. Mayllely CabreraCidade de Saber, Edif\u00edcio 181, Of. 12 e 13,Cidade do Panam\u00e1, Panam\u00e1Panam\u00e1, Rep. do Panam\u00e1Tel: +507 306-3171panama@wetlands.orgwww.wetlands.org\/lac\u00a0","og_url":"https:\/\/lac.wetlands.org\/pt-br\/quem-somos\/contato\/","og_site_name":"Wetlands International Brazil","article_publisher":"https:\/\/www.facebook.com\/WetlandsIntBR","article_modified_time":"2024-06-07T21:04:22+00:00","og_image":[{"width":2560,"height":1833,"url":"https:\/\/lac.wetlands.org\/pt-br\/wp-content\/uploads\/sites\/5\/2018\/05\/Aprovada-a-Estrategia-Nacional-de-Areas-Umidas_foto-Jose-Sabino-scaled.jpg","type":"image\/jpeg"}],"twitter_card":"summary_large_image","twitter_misc":{"Est. tempo de leitura":"1 minuto"},"schema":{"@context":"https:\/\/schema.org","@graph":[{"@type":"WebPage","@id":"https:\/\/lac.wetlands.org\/pt-br\/quem-somos\/contato\/","url":"https:\/\/lac.wetlands.org\/pt-br\/quem-somos\/contato\/","name":"Contato - Wetlands International Brazil","isPartOf":{"@id":"https:\/\/lac.wetlands.org\/pt-br\/#website"},"datePublished":"2024-06-07T20:53:49+00:00","dateModified":"2024-06-07T21:04:22+00:00","breadcrumb":{"@id":"https:\/\/lac.wetlands.org\/pt-br\/quem-somos\/contato\/#breadcrumb"},"inLanguage":"pt-BR","potentialAction":[{"@type":"ReadAction","target":["https:\/\/lac.wetlands.org\/pt-br\/quem-somos\/contato\/"]}]},{"@type":"BreadcrumbList","@id":"https:\/\/lac.wetlands.org\/pt-br\/quem-somos\/contato\/#breadcrumb","itemListElement":[{"@type":"ListItem","position":1,"name":"Home","item":"https:\/\/lac.wetlands.org\/pt-br\/"},{"@type":"ListItem","position":2,"name":"Quem somos","item":"https:\/\/lac.wetlands.org\/pt-br\/quem-somos\/"},{"@type":"ListItem","position":3,"name":"Contato"}]},{"@type":"WebSite","@id":"https:\/\/lac.wetlands.org\/pt-br\/#website","url":"https:\/\/lac.wetlands.org\/pt-br\/","name":"Wetlands International Brazil","description":"Para inspirar e mobilizar a sociedade a proteger e restaurar as \u00e1reas \u00famidas para as pessoas e a natureza.","publisher":{"@id":"https:\/\/lac.wetlands.org\/pt-br\/#organization"},"potentialAction":[{"@type":"SearchAction","target":{"@type":"EntryPoint","urlTemplate":"https:\/\/lac.wetlands.org\/pt-br\/?s={search_term_string}"},"query-input":{"@type":"PropertyValueSpecification","valueRequired":true,"valueName":"search_term_string"}}],"inLanguage":"pt-BR"},{"@type":"Organization","@id":"https:\/\/lac.wetlands.org\/pt-br\/#organization","name":"Wetlands International Brazil","url":"https:\/\/lac.wetlands.org\/pt-br\/","logo":{"@type":"ImageObject","inLanguage":"pt-BR","@id":"https:\/\/lac.wetlands.org\/pt-br\/#\/schema\/logo\/image\/","url":"https:\/\/lac.wetlands.org\/pt-br\/wp-content\/uploads\/sites\/5\/2024\/07\/Wetlands-International-logo-RGB-High-res-Transparente.png","contentUrl":"https:\/\/lac.wetlands.org\/pt-br\/wp-content\/uploads\/sites\/5\/2024\/07\/Wetlands-International-logo-RGB-High-res-Transparente.png","width":1920,"height":949,"caption":"Wetlands International Brazil"},"image":{"@id":"https:\/\/lac.wetlands.org\/pt-br\/#\/schema\/logo\/image\/"},"sameAs":["https:\/\/www.facebook.com\/WetlandsIntBR","https:\/\/www.instagram.com\/wetlandsintbr\/?hl=pt-br\/","https:\/\/www.youtube.com\/channel\/UCQ0t8SqNdRY164b1jd2Vr5w"]}]}},"_links":{"self":[{"href":"https:\/\/lac.wetlands.org\/pt-br\/wp-json\/wp\/v2\/pages\/5881"}],"collection":[{"href":"https:\/\/lac.wetlands.org\/pt-br\/wp-json\/wp\/v2\/pages"}],"about":[{"href":"https:\/\/lac.wetlands.org\/pt-br\/wp-json\/wp\/v2\/types\/page"}],"author":[{"embeddable":true,"href":"https:\/\/lac.wetlands.org\/pt-br\/wp-json\/wp\/v2\/users\/29"}],"replies":[{"embeddable":true,"href":"https:\/\/lac.wetlands.org\/pt-br\/wp-json\/wp\/v2\/comments?post=5881"}],"version-history":[{"count":2,"href":"https:\/\/lac.wetlands.org\/pt-br\/wp-json\/wp\/v2\/pages\/5881\/revisions"}],"predecessor-version":[{"id":5884,"href":"https:\/\/lac.wetlands.org\/pt-br\/wp-json\/wp\/v2\/pages\/5881\/revisions\/5884"}],"up":[{"embeddable":true,"href":"https:\/\/lac.wetlands.org\/pt-br\/wp-json\/wp\/v2\/pages\/5840"}],"wp:attachment":[{"href":"https:\/\/lac.wetlands.org\/pt-br\/wp-json\/wp\/v2\/media?parent=5881"}],"wp:term":[{"taxonomy":"wl_issue","embeddable":true,"href":"https:\/\/lac.wetlands.org\/pt-br\/wp-json\/wp\/v2\/wl_issue?post=5881"},{"taxonomy":"wl_topic","embeddable":true,"href":"https:\/\/lac.wetlands.org\/pt-br\/wp-json\/wp\/v2\/wl_topic?post=5881"},{"taxonomy":"wl_type","embeddable":true,"href":"https:\/\/lac.wetlands.org\/pt-br\/wp-json\/wp\/v2\/wl_type?post=5881"}],"curies":[{"name":"wp","href":"https:\/\/api.w.org\/{rel}","templated":true}]}}