{"id":5885,"date":"2024-06-07T17:02:27","date_gmt":"2024-06-07T21:02:27","guid":{"rendered":"https:\/\/lac.wetlands.org\/pt-br\/?page_id=5885"},"modified":"2024-06-07T17:04:38","modified_gmt":"2024-06-07T21:04:38","slug":"conheca-nossos-escritorios-na-lac","status":"publish","type":"page","link":"https:\/\/lac.wetlands.org\/pt-br\/quem-somos\/conheca-nossos-escritorios-na-lac\/","title":{"rendered":"Conhe\u00e7a nossos escrit\u00f3rios na LAC"},"content":{"rendered":"\n<h2 class=\"wp-block-heading\">Escrit\u00f3rio Regional da Argentina<\/h2>\n\n\n\n<p>A hist\u00f3ria da Wetlands International na Argentina come\u00e7a em mar\u00e7o de 1991, quando foi inaugurado em Buenos Aires o escrit\u00f3rio da <em>Red Hemisf\u00e9rica de Reservas para Aves Playeras<\/em> (RHRAP) para a Am\u00e9rica do Sul, que mais tarde daria origem \u00e0s <em>Humedales para las Am\u00e9ricas <\/em>(<em>Wetlands for the Americas<\/em>\u00a0) e em 1996, para Wetlands International. Com o intuito de fortalecer o trabalho na regi\u00e3o, em 2006 a Wetlands International criou a <em>Fundaci\u00f3n Humedales<\/em> na Argentina, para atuar como representa\u00e7\u00e3o regional da Am\u00e9rica Latina e do Caribe, com foco no sul da regi\u00e3o.<\/p>\n\n\n\n<h2 class=\"wp-block-heading\">Escrit\u00f3rio do Brasil<\/h2>\n\n\n\n<p>A Wetlands International chega ao Brasil em 2017 com a vis\u00e3o de um mundo onde as \u00e1reas \u00famidas sejam valorizadas e cultivadas por sua beleza, pela vida que sustentam e pelos recursos que fornecem. Aqui, nossa miss\u00e3o \u00e9 inspirar e mobilizar a sociedade para conectar pessoas, natureza e economias para a conserva\u00e7\u00e3o e o desenvolvimento sustent\u00e1vel da maior \u00e1rea \u00famida de \u00e1gua doce do planeta: o Pantanal.<\/p>\n\n\n\n<p>Com sede em Campo Grande, Mato Grosso do Sul, a institui\u00e7\u00e3o tem a grande maioria de seu trabalho vinculado ao Programa Corredor Azul (PCA), que visa proteger a biodiversidade das \u00e1reas \u00famidas do sistema Paran\u00e1-Paraguai em tr\u00eas \u00e1reas focais: Paran\u00e1 Delta, Esteros de Iber\u00e1 (Argentina) e Pantanal (Brasil, Paraguai e Bol\u00edvia). Este \u00e9 um trabalho importante, fruto de uma coordena\u00e7\u00e3o coletiva com o escrit\u00f3rio regional na Argentina, ao qual a Wetlands International Brasil est\u00e1 vinculada.<\/p>\n\n\n\n<h2 class=\"wp-block-heading\">Escrit\u00f3rio do Panam\u00e1<\/h2>\n\n\n\n<p>O escrit\u00f3rio do Panam\u00e1 concentra-se em projetos que visam tornar vis\u00edvel o nexo entre os ecossistemas h\u00eddricos e as comunidades humanas, por meio de atividades de conserva\u00e7\u00e3o e restaura\u00e7\u00e3o de \u00e1reas \u00famidas e dos seus ecossistemas associados, conserva\u00e7\u00e3o e gest\u00e3o dos recursos h\u00eddricos, gest\u00e3o clim\u00e1tica, educa\u00e7\u00e3o e sensibiliza\u00e7\u00e3o ambiental. centrar-se na melhoria dos meios de subsist\u00eancia dos residentes em \u00e1reas \u00famidas, incluindo aspectos de redu\u00e7\u00e3o do risco de cat\u00e1strofes em \u00e1reas vulner\u00e1veis \u200b\u200bem \u00e1reas urbanas e rurais.<\/p>\n","protected":false},"excerpt":{"rendered":"<p>Escrit\u00f3rio Regional da Argentina A hist\u00f3ria da Wetlands International na Argentina come\u00e7a em mar\u00e7o de 1991, quando foi inaugurado em Buenos Aires o escrit\u00f3rio da Red Hemisf\u00e9rica de Reservas para Aves Playeras (RHRAP) para a Am\u00e9rica do Sul, que mais tarde daria origem \u00e0s Humedales para las Am\u00e9ricas (Wetlands for the Americas\u00a0) e em 1996, [&hellip;]<\/p>\n","protected":false},"author":29,"featured_media":0,"parent":5840,"menu_order":0,"comment_status":"closed","ping_status":"closed","template":"","meta":{"_acf_changed":false,"_monsterinsights_skip_tracking":false,"_monsterinsights_sitenote_active":false,"_monsterinsights_sitenote_note":"","_monsterinsights_sitenote_category":0,"ep_exclude_from_search":false,"editor_notices":[],"footnotes":""},"wl_issue":[],"wl_topic":[],"wl_type":[],"class_list":["post-5885","page","type-page","status-publish","hentry"],"acf":[],"yoast_head":"<!-- This site is optimized with the Yoast SEO plugin v27.4 - https:\/\/yoast.com\/product\/yoast-seo-wordpress\/ -->\n<title>Conhe\u00e7a nossos escrit\u00f3rios na LAC - Wetlands International Brazil<\/title>\n<meta name=\"robots\" content=\"index, follow, max-snippet:-1, max-image-preview:large, max-video-preview:-1\" \/>\n<link rel=\"canonical\" href=\"https:\/\/lac.wetlands.org\/pt-br\/quem-somos\/conheca-nossos-escritorios-na-lac\/\" \/>\n<meta property=\"og:locale\" content=\"pt_BR\" \/>\n<meta property=\"og:type\" content=\"article\" \/>\n<meta property=\"og:title\" content=\"Conhe\u00e7a nossos escrit\u00f3rios na LAC - Wetlands International Brazil\" \/>\n<meta property=\"og:description\" content=\"Escrit\u00f3rio Regional da Argentina A hist\u00f3ria da Wetlands International na Argentina come\u00e7a em mar\u00e7o de 1991, quando foi inaugurado em Buenos Aires o escrit\u00f3rio da Red Hemisf\u00e9rica de Reservas para Aves Playeras (RHRAP) para a Am\u00e9rica do Sul, que mais tarde daria origem \u00e0s Humedales para las Am\u00e9ricas (Wetlands for the Americas\u00a0) e em 1996, [&hellip;]\" \/>\n<meta property=\"og:url\" content=\"https:\/\/lac.wetlands.org\/pt-br\/quem-somos\/conheca-nossos-escritorios-na-lac\/\" \/>\n<meta property=\"og:site_name\" content=\"Wetlands International Brazil\" \/>\n<meta property=\"article:publisher\" content=\"https:\/\/www.facebook.com\/WetlandsIntBR\" \/>\n<meta property=\"article:modified_time\" content=\"2024-06-07T21:04:38+00:00\" \/>\n<meta property=\"og:image\" content=\"https:\/\/lac.wetlands.org\/pt-br\/wp-content\/uploads\/sites\/5\/2018\/05\/Aprovada-a-Estrategia-Nacional-de-Areas-Umidas_foto-Jose-Sabino-scaled.jpg\" \/>\n\t<meta property=\"og:image:width\" content=\"2560\" \/>\n\t<meta property=\"og:image:height\" content=\"1833\" \/>\n\t<meta property=\"og:image:type\" content=\"image\/jpeg\" \/>\n<meta name=\"twitter:card\" content=\"summary_large_image\" \/>\n<meta name=\"twitter:label1\" content=\"Est. tempo de leitura\" \/>\n\t<meta name=\"twitter:data1\" content=\"2 minutos\" \/>\n<script type=\"application\/ld+json\" class=\"yoast-schema-graph\">{\"@context\":\"https:\\\/\\\/schema.org\",\"@graph\":[{\"@type\":\"WebPage\",\"@id\":\"https:\\\/\\\/lac.wetlands.org\\\/pt-br\\\/quem-somos\\\/conheca-nossos-escritorios-na-lac\\\/\",\"url\":\"https:\\\/\\\/lac.wetlands.org\\\/pt-br\\\/quem-somos\\\/conheca-nossos-escritorios-na-lac\\\/\",\"name\":\"Conhe\u00e7a nossos escrit\u00f3rios na LAC - Wetlands International Brazil\",\"isPartOf\":{\"@id\":\"https:\\\/\\\/lac.wetlands.org\\\/pt-br\\\/#website\"},\"datePublished\":\"2024-06-07T21:02:27+00:00\",\"dateModified\":\"2024-06-07T21:04:38+00:00\",\"breadcrumb\":{\"@id\":\"https:\\\/\\\/lac.wetlands.org\\\/pt-br\\\/quem-somos\\\/conheca-nossos-escritorios-na-lac\\\/#breadcrumb\"},\"inLanguage\":\"pt-BR\",\"potentialAction\":[{\"@type\":\"ReadAction\",\"target\":[\"https:\\\/\\\/lac.wetlands.org\\\/pt-br\\\/quem-somos\\\/conheca-nossos-escritorios-na-lac\\\/\"]}]},{\"@type\":\"BreadcrumbList\",\"@id\":\"https:\\\/\\\/lac.wetlands.org\\\/pt-br\\\/quem-somos\\\/conheca-nossos-escritorios-na-lac\\\/#breadcrumb\",\"itemListElement\":[{\"@type\":\"ListItem\",\"position\":1,\"name\":\"Home\",\"item\":\"https:\\\/\\\/lac.wetlands.org\\\/pt-br\\\/\"},{\"@type\":\"ListItem\",\"position\":2,\"name\":\"Quem somos\",\"item\":\"https:\\\/\\\/lac.wetlands.org\\\/pt-br\\\/quem-somos\\\/\"},{\"@type\":\"ListItem\",\"position\":3,\"name\":\"Conhe\u00e7a nossos escrit\u00f3rios na LAC\"}]},{\"@type\":\"WebSite\",\"@id\":\"https:\\\/\\\/lac.wetlands.org\\\/pt-br\\\/#website\",\"url\":\"https:\\\/\\\/lac.wetlands.org\\\/pt-br\\\/\",\"name\":\"Wetlands International Brazil\",\"description\":\"Para inspirar e mobilizar a sociedade a proteger e restaurar as \u00e1reas \u00famidas para as pessoas e a natureza.\",\"publisher\":{\"@id\":\"https:\\\/\\\/lac.wetlands.org\\\/pt-br\\\/#organization\"},\"potentialAction\":[{\"@type\":\"SearchAction\",\"target\":{\"@type\":\"EntryPoint\",\"urlTemplate\":\"https:\\\/\\\/lac.wetlands.org\\\/pt-br\\\/?s={search_term_string}\"},\"query-input\":{\"@type\":\"PropertyValueSpecification\",\"valueRequired\":true,\"valueName\":\"search_term_string\"}}],\"inLanguage\":\"pt-BR\"},{\"@type\":\"Organization\",\"@id\":\"https:\\\/\\\/lac.wetlands.org\\\/pt-br\\\/#organization\",\"name\":\"Wetlands International Brazil\",\"url\":\"https:\\\/\\\/lac.wetlands.org\\\/pt-br\\\/\",\"logo\":{\"@type\":\"ImageObject\",\"inLanguage\":\"pt-BR\",\"@id\":\"https:\\\/\\\/lac.wetlands.org\\\/pt-br\\\/#\\\/schema\\\/logo\\\/image\\\/\",\"url\":\"https:\\\/\\\/lac.wetlands.org\\\/pt-br\\\/wp-content\\\/uploads\\\/sites\\\/5\\\/2024\\\/07\\\/Wetlands-International-logo-RGB-High-res-Transparente.png\",\"contentUrl\":\"https:\\\/\\\/lac.wetlands.org\\\/pt-br\\\/wp-content\\\/uploads\\\/sites\\\/5\\\/2024\\\/07\\\/Wetlands-International-logo-RGB-High-res-Transparente.png\",\"width\":1920,\"height\":949,\"caption\":\"Wetlands International Brazil\"},\"image\":{\"@id\":\"https:\\\/\\\/lac.wetlands.org\\\/pt-br\\\/#\\\/schema\\\/logo\\\/image\\\/\"},\"sameAs\":[\"https:\\\/\\\/www.facebook.com\\\/WetlandsIntBR\",\"https:\\\/\\\/www.instagram.com\\\/wetlandsintbr\\\/?hl=pt-br\\\/\",\"https:\\\/\\\/www.youtube.com\\\/channel\\\/UCQ0t8SqNdRY164b1jd2Vr5w\"]}]}<\/script>\n<!-- \/ Yoast SEO plugin. -->","yoast_head_json":{"title":"Conhe\u00e7a nossos escrit\u00f3rios na LAC - Wetlands International Brazil","robots":{"index":"index","follow":"follow","max-snippet":"max-snippet:-1","max-image-preview":"max-image-preview:large","max-video-preview":"max-video-preview:-1"},"canonical":"https:\/\/lac.wetlands.org\/pt-br\/quem-somos\/conheca-nossos-escritorios-na-lac\/","og_locale":"pt_BR","og_type":"article","og_title":"Conhe\u00e7a nossos escrit\u00f3rios na LAC - Wetlands International Brazil","og_description":"Escrit\u00f3rio Regional da Argentina A hist\u00f3ria da Wetlands International na Argentina come\u00e7a em mar\u00e7o de 1991, quando foi inaugurado em Buenos Aires o escrit\u00f3rio da Red Hemisf\u00e9rica de Reservas para Aves Playeras (RHRAP) para a Am\u00e9rica do Sul, que mais tarde daria origem \u00e0s Humedales para las Am\u00e9ricas (Wetlands for the Americas\u00a0) e em 1996, [&hellip;]","og_url":"https:\/\/lac.wetlands.org\/pt-br\/quem-somos\/conheca-nossos-escritorios-na-lac\/","og_site_name":"Wetlands International Brazil","article_publisher":"https:\/\/www.facebook.com\/WetlandsIntBR","article_modified_time":"2024-06-07T21:04:38+00:00","og_image":[{"width":2560,"height":1833,"url":"https:\/\/lac.wetlands.org\/pt-br\/wp-content\/uploads\/sites\/5\/2018\/05\/Aprovada-a-Estrategia-Nacional-de-Areas-Umidas_foto-Jose-Sabino-scaled.jpg","type":"image\/jpeg"}],"twitter_card":"summary_large_image","twitter_misc":{"Est. tempo de leitura":"2 minutos"},"schema":{"@context":"https:\/\/schema.org","@graph":[{"@type":"WebPage","@id":"https:\/\/lac.wetlands.org\/pt-br\/quem-somos\/conheca-nossos-escritorios-na-lac\/","url":"https:\/\/lac.wetlands.org\/pt-br\/quem-somos\/conheca-nossos-escritorios-na-lac\/","name":"Conhe\u00e7a nossos escrit\u00f3rios na LAC - Wetlands International Brazil","isPartOf":{"@id":"https:\/\/lac.wetlands.org\/pt-br\/#website"},"datePublished":"2024-06-07T21:02:27+00:00","dateModified":"2024-06-07T21:04:38+00:00","breadcrumb":{"@id":"https:\/\/lac.wetlands.org\/pt-br\/quem-somos\/conheca-nossos-escritorios-na-lac\/#breadcrumb"},"inLanguage":"pt-BR","potentialAction":[{"@type":"ReadAction","target":["https:\/\/lac.wetlands.org\/pt-br\/quem-somos\/conheca-nossos-escritorios-na-lac\/"]}]},{"@type":"BreadcrumbList","@id":"https:\/\/lac.wetlands.org\/pt-br\/quem-somos\/conheca-nossos-escritorios-na-lac\/#breadcrumb","itemListElement":[{"@type":"ListItem","position":1,"name":"Home","item":"https:\/\/lac.wetlands.org\/pt-br\/"},{"@type":"ListItem","position":2,"name":"Quem somos","item":"https:\/\/lac.wetlands.org\/pt-br\/quem-somos\/"},{"@type":"ListItem","position":3,"name":"Conhe\u00e7a nossos escrit\u00f3rios na LAC"}]},{"@type":"WebSite","@id":"https:\/\/lac.wetlands.org\/pt-br\/#website","url":"https:\/\/lac.wetlands.org\/pt-br\/","name":"Wetlands International Brazil","description":"Para inspirar e mobilizar a sociedade a proteger e restaurar as \u00e1reas \u00famidas para as pessoas e a natureza.","publisher":{"@id":"https:\/\/lac.wetlands.org\/pt-br\/#organization"},"potentialAction":[{"@type":"SearchAction","target":{"@type":"EntryPoint","urlTemplate":"https:\/\/lac.wetlands.org\/pt-br\/?s={search_term_string}"},"query-input":{"@type":"PropertyValueSpecification","valueRequired":true,"valueName":"search_term_string"}}],"inLanguage":"pt-BR"},{"@type":"Organization","@id":"https:\/\/lac.wetlands.org\/pt-br\/#organization","name":"Wetlands International Brazil","url":"https:\/\/lac.wetlands.org\/pt-br\/","logo":{"@type":"ImageObject","inLanguage":"pt-BR","@id":"https:\/\/lac.wetlands.org\/pt-br\/#\/schema\/logo\/image\/","url":"https:\/\/lac.wetlands.org\/pt-br\/wp-content\/uploads\/sites\/5\/2024\/07\/Wetlands-International-logo-RGB-High-res-Transparente.png","contentUrl":"https:\/\/lac.wetlands.org\/pt-br\/wp-content\/uploads\/sites\/5\/2024\/07\/Wetlands-International-logo-RGB-High-res-Transparente.png","width":1920,"height":949,"caption":"Wetlands International Brazil"},"image":{"@id":"https:\/\/lac.wetlands.org\/pt-br\/#\/schema\/logo\/image\/"},"sameAs":["https:\/\/www.facebook.com\/WetlandsIntBR","https:\/\/www.instagram.com\/wetlandsintbr\/?hl=pt-br\/","https:\/\/www.youtube.com\/channel\/UCQ0t8SqNdRY164b1jd2Vr5w"]}]}},"_links":{"self":[{"href":"https:\/\/lac.wetlands.org\/pt-br\/wp-json\/wp\/v2\/pages\/5885"}],"collection":[{"href":"https:\/\/lac.wetlands.org\/pt-br\/wp-json\/wp\/v2\/pages"}],"about":[{"href":"https:\/\/lac.wetlands.org\/pt-br\/wp-json\/wp\/v2\/types\/page"}],"author":[{"embeddable":true,"href":"https:\/\/lac.wetlands.org\/pt-br\/wp-json\/wp\/v2\/users\/29"}],"replies":[{"embeddable":true,"href":"https:\/\/lac.wetlands.org\/pt-br\/wp-json\/wp\/v2\/comments?post=5885"}],"version-history":[{"count":2,"href":"https:\/\/lac.wetlands.org\/pt-br\/wp-json\/wp\/v2\/pages\/5885\/revisions"}],"predecessor-version":[{"id":5888,"href":"https:\/\/lac.wetlands.org\/pt-br\/wp-json\/wp\/v2\/pages\/5885\/revisions\/5888"}],"up":[{"embeddable":true,"href":"https:\/\/lac.wetlands.org\/pt-br\/wp-json\/wp\/v2\/pages\/5840"}],"wp:attachment":[{"href":"https:\/\/lac.wetlands.org\/pt-br\/wp-json\/wp\/v2\/media?parent=5885"}],"wp:term":[{"taxonomy":"wl_issue","embeddable":true,"href":"https:\/\/lac.wetlands.org\/pt-br\/wp-json\/wp\/v2\/wl_issue?post=5885"},{"taxonomy":"wl_topic","embeddable":true,"href":"https:\/\/lac.wetlands.org\/pt-br\/wp-json\/wp\/v2\/wl_topic?post=5885"},{"taxonomy":"wl_type","embeddable":true,"href":"https:\/\/lac.wetlands.org\/pt-br\/wp-json\/wp\/v2\/wl_type?post=5885"}],"curies":[{"name":"wp","href":"https:\/\/api.w.org\/{rel}","templated":true}]}}