{"id":5913,"date":"2024-06-07T17:38:57","date_gmt":"2024-06-07T21:38:57","guid":{"rendered":"https:\/\/lac.wetlands.org\/pt-br\/?page_id=5913"},"modified":"2024-06-07T17:39:28","modified_gmt":"2024-06-07T21:39:28","slug":"nossa-historia","status":"publish","type":"page","link":"https:\/\/lac.wetlands.org\/pt-br\/quem-somos\/nossa-historia\/","title":{"rendered":"Nossa hist\u00f3ria"},"content":{"rendered":"\n<p>A Wetlands International e seus antecessores t\u00eam trabalhado para proteger as \u00e1reas \u00famidas desde 1937. Naquela \u00e9poca, \u00e9ramos conhecidos como\u00a0<em>International Wildfowl Inquiry Committee<\/em>. Nosso trabalho come\u00e7ou como parte da se\u00e7\u00e3o brit\u00e2nica do <em>International Council for Bird Preservation<\/em>, com foco na prote\u00e7\u00e3o de aves aqu\u00e1ticas.<\/p>\n\n\n\n<p>Em 1954, o nosso nome mudou para <em>Waterfowl &amp; Wetlands Research Bureau<\/em> (IWRB) e o nosso \u00e2mbito expandiu-se para incluir a protec\u00e7\u00e3o das \u00e1reas \u00famidas. Nossa base foi o Museu de Hist\u00f3ria Natural de Londres, depois o <em>Tour du Valat en la Camargue<\/em> (Fran\u00e7a) at\u00e9 1968, e depois o <em>Wildfowl &amp; Wetlands Trust in Slimbridge<\/em>, no Reino Unido at\u00e9 1995.<\/p>\n\n\n\n<p>Duas outras organiza\u00e7\u00f5es com objetivos semelhantes surgiram mais tarde na \u00c1sia e nas Am\u00e9ricas: o <em>Asian Wetland Bureau<\/em> em 1983 e o Wetlands for the Americas em 1989.<\/p>\n\n\n\n<p>Estas tr\u00eas organiza\u00e7\u00f5es de diferentes partes do globo come\u00e7aram a trabalhar em estreita colabora\u00e7\u00e3o em 1991 e, em seguida, em 1996, tornaram-se uma \u00fanica organiza\u00e7\u00e3o global que adoptou o nome Wetlands International e estabeleceu a sua sede na Holanda.<\/p>\n","protected":false},"excerpt":{"rendered":"<p>A Wetlands International e seus antecessores t\u00eam trabalhado para proteger as \u00e1reas \u00famidas desde 1937. Naquela \u00e9poca, \u00e9ramos conhecidos como\u00a0International Wildfowl Inquiry Committee. Nosso trabalho come\u00e7ou como parte da se\u00e7\u00e3o brit\u00e2nica do International Council for Bird Preservation, com foco na prote\u00e7\u00e3o de aves aqu\u00e1ticas. Em 1954, o nosso nome mudou para Waterfowl &amp; Wetlands Research [&hellip;]<\/p>\n","protected":false},"author":29,"featured_media":0,"parent":5840,"menu_order":0,"comment_status":"closed","ping_status":"closed","template":"","meta":{"_acf_changed":false,"_monsterinsights_skip_tracking":false,"_monsterinsights_sitenote_active":false,"_monsterinsights_sitenote_note":"","_monsterinsights_sitenote_category":0,"ep_exclude_from_search":false,"editor_notices":[],"footnotes":""},"wl_issue":[],"wl_topic":[],"wl_type":[],"class_list":["post-5913","page","type-page","status-publish","hentry"],"acf":[],"yoast_head":"<!-- This site is optimized with the Yoast SEO plugin v27.4 - https:\/\/yoast.com\/product\/yoast-seo-wordpress\/ -->\n<title>Nossa hist\u00f3ria - Wetlands International Brazil<\/title>\n<meta name=\"robots\" content=\"index, follow, max-snippet:-1, max-image-preview:large, max-video-preview:-1\" \/>\n<link rel=\"canonical\" href=\"https:\/\/lac.wetlands.org\/pt-br\/quem-somos\/nossa-historia\/\" \/>\n<meta property=\"og:locale\" content=\"pt_BR\" \/>\n<meta property=\"og:type\" content=\"article\" \/>\n<meta property=\"og:title\" content=\"Nossa hist\u00f3ria - Wetlands International Brazil\" \/>\n<meta property=\"og:description\" content=\"A Wetlands International e seus antecessores t\u00eam trabalhado para proteger as \u00e1reas \u00famidas desde 1937. Naquela \u00e9poca, \u00e9ramos conhecidos como\u00a0International Wildfowl Inquiry Committee. Nosso trabalho come\u00e7ou como parte da se\u00e7\u00e3o brit\u00e2nica do International Council for Bird Preservation, com foco na prote\u00e7\u00e3o de aves aqu\u00e1ticas. Em 1954, o nosso nome mudou para Waterfowl &amp; Wetlands Research [&hellip;]\" \/>\n<meta property=\"og:url\" content=\"https:\/\/lac.wetlands.org\/pt-br\/quem-somos\/nossa-historia\/\" \/>\n<meta property=\"og:site_name\" content=\"Wetlands International Brazil\" \/>\n<meta property=\"article:publisher\" content=\"https:\/\/www.facebook.com\/WetlandsIntBR\" \/>\n<meta property=\"article:modified_time\" content=\"2024-06-07T21:39:28+00:00\" \/>\n<meta property=\"og:image\" content=\"https:\/\/lac.wetlands.org\/pt-br\/wp-content\/uploads\/sites\/5\/2018\/05\/Aprovada-a-Estrategia-Nacional-de-Areas-Umidas_foto-Jose-Sabino-scaled.jpg\" \/>\n\t<meta property=\"og:image:width\" content=\"2560\" \/>\n\t<meta property=\"og:image:height\" content=\"1833\" \/>\n\t<meta property=\"og:image:type\" content=\"image\/jpeg\" \/>\n<meta name=\"twitter:card\" content=\"summary_large_image\" \/>\n<meta name=\"twitter:label1\" content=\"Est. tempo de leitura\" \/>\n\t<meta name=\"twitter:data1\" content=\"1 minuto\" \/>\n<script type=\"application\/ld+json\" class=\"yoast-schema-graph\">{\"@context\":\"https:\\\/\\\/schema.org\",\"@graph\":[{\"@type\":\"WebPage\",\"@id\":\"https:\\\/\\\/lac.wetlands.org\\\/pt-br\\\/quem-somos\\\/nossa-historia\\\/\",\"url\":\"https:\\\/\\\/lac.wetlands.org\\\/pt-br\\\/quem-somos\\\/nossa-historia\\\/\",\"name\":\"Nossa hist\u00f3ria - Wetlands International Brazil\",\"isPartOf\":{\"@id\":\"https:\\\/\\\/lac.wetlands.org\\\/pt-br\\\/#website\"},\"datePublished\":\"2024-06-07T21:38:57+00:00\",\"dateModified\":\"2024-06-07T21:39:28+00:00\",\"breadcrumb\":{\"@id\":\"https:\\\/\\\/lac.wetlands.org\\\/pt-br\\\/quem-somos\\\/nossa-historia\\\/#breadcrumb\"},\"inLanguage\":\"pt-BR\",\"potentialAction\":[{\"@type\":\"ReadAction\",\"target\":[\"https:\\\/\\\/lac.wetlands.org\\\/pt-br\\\/quem-somos\\\/nossa-historia\\\/\"]}]},{\"@type\":\"BreadcrumbList\",\"@id\":\"https:\\\/\\\/lac.wetlands.org\\\/pt-br\\\/quem-somos\\\/nossa-historia\\\/#breadcrumb\",\"itemListElement\":[{\"@type\":\"ListItem\",\"position\":1,\"name\":\"Home\",\"item\":\"https:\\\/\\\/lac.wetlands.org\\\/pt-br\\\/\"},{\"@type\":\"ListItem\",\"position\":2,\"name\":\"Quem somos\",\"item\":\"https:\\\/\\\/lac.wetlands.org\\\/pt-br\\\/quem-somos\\\/\"},{\"@type\":\"ListItem\",\"position\":3,\"name\":\"Nossa hist\u00f3ria\"}]},{\"@type\":\"WebSite\",\"@id\":\"https:\\\/\\\/lac.wetlands.org\\\/pt-br\\\/#website\",\"url\":\"https:\\\/\\\/lac.wetlands.org\\\/pt-br\\\/\",\"name\":\"Wetlands International Brazil\",\"description\":\"Para inspirar e mobilizar a sociedade a proteger e restaurar as \u00e1reas \u00famidas para as pessoas e a natureza.\",\"publisher\":{\"@id\":\"https:\\\/\\\/lac.wetlands.org\\\/pt-br\\\/#organization\"},\"potentialAction\":[{\"@type\":\"SearchAction\",\"target\":{\"@type\":\"EntryPoint\",\"urlTemplate\":\"https:\\\/\\\/lac.wetlands.org\\\/pt-br\\\/?s={search_term_string}\"},\"query-input\":{\"@type\":\"PropertyValueSpecification\",\"valueRequired\":true,\"valueName\":\"search_term_string\"}}],\"inLanguage\":\"pt-BR\"},{\"@type\":\"Organization\",\"@id\":\"https:\\\/\\\/lac.wetlands.org\\\/pt-br\\\/#organization\",\"name\":\"Wetlands International Brazil\",\"url\":\"https:\\\/\\\/lac.wetlands.org\\\/pt-br\\\/\",\"logo\":{\"@type\":\"ImageObject\",\"inLanguage\":\"pt-BR\",\"@id\":\"https:\\\/\\\/lac.wetlands.org\\\/pt-br\\\/#\\\/schema\\\/logo\\\/image\\\/\",\"url\":\"https:\\\/\\\/lac.wetlands.org\\\/pt-br\\\/wp-content\\\/uploads\\\/sites\\\/5\\\/2024\\\/07\\\/Wetlands-International-logo-RGB-High-res-Transparente.png\",\"contentUrl\":\"https:\\\/\\\/lac.wetlands.org\\\/pt-br\\\/wp-content\\\/uploads\\\/sites\\\/5\\\/2024\\\/07\\\/Wetlands-International-logo-RGB-High-res-Transparente.png\",\"width\":1920,\"height\":949,\"caption\":\"Wetlands International Brazil\"},\"image\":{\"@id\":\"https:\\\/\\\/lac.wetlands.org\\\/pt-br\\\/#\\\/schema\\\/logo\\\/image\\\/\"},\"sameAs\":[\"https:\\\/\\\/www.facebook.com\\\/WetlandsIntBR\",\"https:\\\/\\\/www.instagram.com\\\/wetlandsintbr\\\/?hl=pt-br\\\/\",\"https:\\\/\\\/www.youtube.com\\\/channel\\\/UCQ0t8SqNdRY164b1jd2Vr5w\"]}]}<\/script>\n<!-- \/ Yoast SEO plugin. -->","yoast_head_json":{"title":"Nossa hist\u00f3ria - Wetlands International Brazil","robots":{"index":"index","follow":"follow","max-snippet":"max-snippet:-1","max-image-preview":"max-image-preview:large","max-video-preview":"max-video-preview:-1"},"canonical":"https:\/\/lac.wetlands.org\/pt-br\/quem-somos\/nossa-historia\/","og_locale":"pt_BR","og_type":"article","og_title":"Nossa hist\u00f3ria - Wetlands International Brazil","og_description":"A Wetlands International e seus antecessores t\u00eam trabalhado para proteger as \u00e1reas \u00famidas desde 1937. Naquela \u00e9poca, \u00e9ramos conhecidos como\u00a0International Wildfowl Inquiry Committee. Nosso trabalho come\u00e7ou como parte da se\u00e7\u00e3o brit\u00e2nica do International Council for Bird Preservation, com foco na prote\u00e7\u00e3o de aves aqu\u00e1ticas. Em 1954, o nosso nome mudou para Waterfowl &amp; Wetlands Research [&hellip;]","og_url":"https:\/\/lac.wetlands.org\/pt-br\/quem-somos\/nossa-historia\/","og_site_name":"Wetlands International Brazil","article_publisher":"https:\/\/www.facebook.com\/WetlandsIntBR","article_modified_time":"2024-06-07T21:39:28+00:00","og_image":[{"width":2560,"height":1833,"url":"https:\/\/lac.wetlands.org\/pt-br\/wp-content\/uploads\/sites\/5\/2018\/05\/Aprovada-a-Estrategia-Nacional-de-Areas-Umidas_foto-Jose-Sabino-scaled.jpg","type":"image\/jpeg"}],"twitter_card":"summary_large_image","twitter_misc":{"Est. tempo de leitura":"1 minuto"},"schema":{"@context":"https:\/\/schema.org","@graph":[{"@type":"WebPage","@id":"https:\/\/lac.wetlands.org\/pt-br\/quem-somos\/nossa-historia\/","url":"https:\/\/lac.wetlands.org\/pt-br\/quem-somos\/nossa-historia\/","name":"Nossa hist\u00f3ria - Wetlands International Brazil","isPartOf":{"@id":"https:\/\/lac.wetlands.org\/pt-br\/#website"},"datePublished":"2024-06-07T21:38:57+00:00","dateModified":"2024-06-07T21:39:28+00:00","breadcrumb":{"@id":"https:\/\/lac.wetlands.org\/pt-br\/quem-somos\/nossa-historia\/#breadcrumb"},"inLanguage":"pt-BR","potentialAction":[{"@type":"ReadAction","target":["https:\/\/lac.wetlands.org\/pt-br\/quem-somos\/nossa-historia\/"]}]},{"@type":"BreadcrumbList","@id":"https:\/\/lac.wetlands.org\/pt-br\/quem-somos\/nossa-historia\/#breadcrumb","itemListElement":[{"@type":"ListItem","position":1,"name":"Home","item":"https:\/\/lac.wetlands.org\/pt-br\/"},{"@type":"ListItem","position":2,"name":"Quem somos","item":"https:\/\/lac.wetlands.org\/pt-br\/quem-somos\/"},{"@type":"ListItem","position":3,"name":"Nossa hist\u00f3ria"}]},{"@type":"WebSite","@id":"https:\/\/lac.wetlands.org\/pt-br\/#website","url":"https:\/\/lac.wetlands.org\/pt-br\/","name":"Wetlands International Brazil","description":"Para inspirar e mobilizar a sociedade a proteger e restaurar as \u00e1reas \u00famidas para as pessoas e a natureza.","publisher":{"@id":"https:\/\/lac.wetlands.org\/pt-br\/#organization"},"potentialAction":[{"@type":"SearchAction","target":{"@type":"EntryPoint","urlTemplate":"https:\/\/lac.wetlands.org\/pt-br\/?s={search_term_string}"},"query-input":{"@type":"PropertyValueSpecification","valueRequired":true,"valueName":"search_term_string"}}],"inLanguage":"pt-BR"},{"@type":"Organization","@id":"https:\/\/lac.wetlands.org\/pt-br\/#organization","name":"Wetlands International Brazil","url":"https:\/\/lac.wetlands.org\/pt-br\/","logo":{"@type":"ImageObject","inLanguage":"pt-BR","@id":"https:\/\/lac.wetlands.org\/pt-br\/#\/schema\/logo\/image\/","url":"https:\/\/lac.wetlands.org\/pt-br\/wp-content\/uploads\/sites\/5\/2024\/07\/Wetlands-International-logo-RGB-High-res-Transparente.png","contentUrl":"https:\/\/lac.wetlands.org\/pt-br\/wp-content\/uploads\/sites\/5\/2024\/07\/Wetlands-International-logo-RGB-High-res-Transparente.png","width":1920,"height":949,"caption":"Wetlands International Brazil"},"image":{"@id":"https:\/\/lac.wetlands.org\/pt-br\/#\/schema\/logo\/image\/"},"sameAs":["https:\/\/www.facebook.com\/WetlandsIntBR","https:\/\/www.instagram.com\/wetlandsintbr\/?hl=pt-br\/","https:\/\/www.youtube.com\/channel\/UCQ0t8SqNdRY164b1jd2Vr5w"]}]}},"_links":{"self":[{"href":"https:\/\/lac.wetlands.org\/pt-br\/wp-json\/wp\/v2\/pages\/5913"}],"collection":[{"href":"https:\/\/lac.wetlands.org\/pt-br\/wp-json\/wp\/v2\/pages"}],"about":[{"href":"https:\/\/lac.wetlands.org\/pt-br\/wp-json\/wp\/v2\/types\/page"}],"author":[{"embeddable":true,"href":"https:\/\/lac.wetlands.org\/pt-br\/wp-json\/wp\/v2\/users\/29"}],"replies":[{"embeddable":true,"href":"https:\/\/lac.wetlands.org\/pt-br\/wp-json\/wp\/v2\/comments?post=5913"}],"version-history":[{"count":1,"href":"https:\/\/lac.wetlands.org\/pt-br\/wp-json\/wp\/v2\/pages\/5913\/revisions"}],"predecessor-version":[{"id":5915,"href":"https:\/\/lac.wetlands.org\/pt-br\/wp-json\/wp\/v2\/pages\/5913\/revisions\/5915"}],"up":[{"embeddable":true,"href":"https:\/\/lac.wetlands.org\/pt-br\/wp-json\/wp\/v2\/pages\/5840"}],"wp:attachment":[{"href":"https:\/\/lac.wetlands.org\/pt-br\/wp-json\/wp\/v2\/media?parent=5913"}],"wp:term":[{"taxonomy":"wl_issue","embeddable":true,"href":"https:\/\/lac.wetlands.org\/pt-br\/wp-json\/wp\/v2\/wl_issue?post=5913"},{"taxonomy":"wl_topic","embeddable":true,"href":"https:\/\/lac.wetlands.org\/pt-br\/wp-json\/wp\/v2\/wl_topic?post=5913"},{"taxonomy":"wl_type","embeddable":true,"href":"https:\/\/lac.wetlands.org\/pt-br\/wp-json\/wp\/v2\/wl_type?post=5913"}],"curies":[{"name":"wp","href":"https:\/\/api.w.org\/{rel}","templated":true}]}}