{"id":5928,"date":"2024-06-07T23:23:59","date_gmt":"2024-06-08T03:23:59","guid":{"rendered":"https:\/\/lac.wetlands.org\/pt-br\/?page_id=5928"},"modified":"2025-02-05T18:11:02","modified_gmt":"2025-02-05T22:11:02","slug":"areas-umidas","status":"publish","type":"page","link":"https:\/\/lac.wetlands.org\/pt-br\/areas-umidas\/","title":{"rendered":"\u00c1reas \u00damidas"},"content":{"rendered":"\n<h2 class=\"wp-block-heading\">As \u00e1reas \u00famidas ocorrem onde a \u00e1gua e a terra se encontram e garantem a sustentabilidade de ambas<\/h2>\n\n\n\n<p>Esses habitats \u00fanicos incluem manguezais, turfeiras, rios, lagos, deltas, pradarias de ervas marinhas e at\u00e9 mesmo recifes de coral. As \u00e1reas \u00famidas existem em todos os pa\u00edses e em todas as zonas clim\u00e1ticas, desde as regi\u00f5es polares aos tr\u00f3picos, e das grandes altitudes \u00e0s regi\u00f5es secas. As \u00e1reas \u00famidas saud\u00e1veis \u200b\u200barmazenam carbono, regulam o ciclo da \u00e1gua e sustentam 40% da biodiversidade mundial. Eles s\u00e3o fundamentais para alcan\u00e7ar um mundo equitativo, com emiss\u00f5es l\u00edquidas zero e positivo para a natureza.<\/p>\n\n\n\n\t<div class=\"aligncenter\" data-name=\"acf\/block-buttons\">\n\t\t<ul class=\"flex flex-wrap items-center gap-4\">\n\t\t\t\t\t\t\t<li>\n\t\t\t\t\t\t\t\t\t\t\n\n\t<a\n\t\thref=\"https&#x3A;&#x2F;&#x2F;lac.wetlands.org&#x2F;pt-br&#x2F;areas-umidas&#x2F;tipos-de-areas-umidas&#x2F;\"\n\t\tclass=\"btn btn--primary&#x20;btn--full\"\n\t\t\t\t\t\t\t>\n\t\t\n\t\t\t\t\t<span class=\"btn__text\">\n\t\t\t\tTipos de \u00c1reas \u00damidas\n\n\t\t\t\t\t\t\t<\/span>\n\t\t\n\t\t\t\t\t\t\n\t\t\t<\/a>\n\t\t\t\t<\/li>\n\t\t\t\t\t<\/ul>\n\t<\/div>\n\n\n\n\t<div class=\"aligncenter\" data-name=\"acf\/block-buttons\">\n\t\t<ul class=\"flex flex-wrap items-center gap-4\">\n\t\t\t\t\t\t\t<li>\n\t\t\t\t\t\t\t\t\t\t\n\n\t<a\n\t\thref=\"https&#x3A;&#x2F;&#x2F;lac.wetlands.org&#x2F;pt-br&#x2F;areas-umidas&#x2F;sua-importancia&#x2F;\"\n\t\tclass=\"btn btn--primary&#x20;btn--full\"\n\t\t\t\t\t\t\t>\n\t\t\n\t\t\t\t\t<span class=\"btn__text\">\n\t\t\t\tSua import\u00e2ncia\n\n\t\t\t\t\t\t\t<\/span>\n\t\t\n\t\t\t\t\t\t\n\t\t\t<\/a>\n\t\t\t\t<\/li>\n\t\t\t\t\t<\/ul>\n\t<\/div>\n","protected":false},"excerpt":{"rendered":"<p>As \u00e1reas \u00famidas ocorrem onde a \u00e1gua e a terra se encontram e garantem a sustentabilidade de ambas Esses habitats \u00fanicos incluem manguezais, turfeiras, rios, lagos, deltas, pradarias de ervas marinhas e at\u00e9 mesmo recifes de coral. As \u00e1reas \u00famidas existem em todos os pa\u00edses e em todas as zonas clim\u00e1ticas, desde as regi\u00f5es polares [&hellip;]<\/p>\n","protected":false},"author":29,"featured_media":6071,"parent":0,"menu_order":0,"comment_status":"closed","ping_status":"closed","template":"","meta":{"_acf_changed":false,"_monsterinsights_skip_tracking":false,"_monsterinsights_sitenote_active":false,"_monsterinsights_sitenote_note":"","_monsterinsights_sitenote_category":0,"ep_exclude_from_search":false,"editor_notices":[],"footnotes":""},"wl_issue":[],"wl_topic":[],"wl_type":[],"class_list":["post-5928","page","type-page","status-publish","has-post-thumbnail","hentry"],"acf":[],"yoast_head":"<!-- This site is optimized with the Yoast SEO plugin v27.4 - https:\/\/yoast.com\/product\/yoast-seo-wordpress\/ -->\n<title>\u00c1reas \u00damidas - Wetlands International Brazil<\/title>\n<meta name=\"robots\" content=\"index, follow, max-snippet:-1, max-image-preview:large, max-video-preview:-1\" \/>\n<link rel=\"canonical\" href=\"https:\/\/lac.wetlands.org\/pt-br\/areas-umidas\/\" \/>\n<meta property=\"og:locale\" content=\"pt_BR\" \/>\n<meta property=\"og:type\" content=\"article\" \/>\n<meta property=\"og:title\" content=\"\u00c1reas \u00damidas - Wetlands International Brazil\" \/>\n<meta property=\"og:description\" content=\"As \u00e1reas \u00famidas ocorrem onde a \u00e1gua e a terra se encontram e garantem a sustentabilidade de ambas Esses habitats \u00fanicos incluem manguezais, turfeiras, rios, lagos, deltas, pradarias de ervas marinhas e at\u00e9 mesmo recifes de coral. As \u00e1reas \u00famidas existem em todos os pa\u00edses e em todas as zonas clim\u00e1ticas, desde as regi\u00f5es polares [&hellip;]\" \/>\n<meta property=\"og:url\" content=\"https:\/\/lac.wetlands.org\/pt-br\/areas-umidas\/\" \/>\n<meta property=\"og:site_name\" content=\"Wetlands International Brazil\" \/>\n<meta property=\"article:publisher\" content=\"https:\/\/www.facebook.com\/WetlandsIntBR\" \/>\n<meta property=\"article:modified_time\" content=\"2025-02-05T22:11:02+00:00\" \/>\n<meta property=\"og:image\" content=\"https:\/\/lac.wetlands.org\/pt-br\/wp-content\/uploads\/sites\/5\/2024\/08\/8-Bacia-Hidrografica-do-Alto-Paraguai_foto-Jose-Sabino-1920x500-1.jpg\" \/>\n\t<meta property=\"og:image:width\" content=\"1920\" \/>\n\t<meta property=\"og:image:height\" content=\"500\" \/>\n\t<meta property=\"og:image:type\" content=\"image\/jpeg\" \/>\n<meta name=\"twitter:card\" content=\"summary_large_image\" \/>\n<meta name=\"twitter:label1\" content=\"Est. tempo de leitura\" \/>\n\t<meta name=\"twitter:data1\" content=\"1 minuto\" \/>\n<script type=\"application\/ld+json\" class=\"yoast-schema-graph\">{\"@context\":\"https:\\\/\\\/schema.org\",\"@graph\":[{\"@type\":\"WebPage\",\"@id\":\"https:\\\/\\\/lac.wetlands.org\\\/pt-br\\\/areas-umidas\\\/\",\"url\":\"https:\\\/\\\/lac.wetlands.org\\\/pt-br\\\/areas-umidas\\\/\",\"name\":\"\u00c1reas \u00damidas - Wetlands International Brazil\",\"isPartOf\":{\"@id\":\"https:\\\/\\\/lac.wetlands.org\\\/pt-br\\\/#website\"},\"primaryImageOfPage\":{\"@id\":\"https:\\\/\\\/lac.wetlands.org\\\/pt-br\\\/areas-umidas\\\/#primaryimage\"},\"image\":{\"@id\":\"https:\\\/\\\/lac.wetlands.org\\\/pt-br\\\/areas-umidas\\\/#primaryimage\"},\"thumbnailUrl\":\"https:\\\/\\\/lac.wetlands.org\\\/pt-br\\\/wp-content\\\/uploads\\\/sites\\\/5\\\/2024\\\/08\\\/8-Bacia-Hidrografica-do-Alto-Paraguai_foto-Jose-Sabino-1920x500-1.jpg\",\"datePublished\":\"2024-06-08T03:23:59+00:00\",\"dateModified\":\"2025-02-05T22:11:02+00:00\",\"breadcrumb\":{\"@id\":\"https:\\\/\\\/lac.wetlands.org\\\/pt-br\\\/areas-umidas\\\/#breadcrumb\"},\"inLanguage\":\"pt-BR\",\"potentialAction\":[{\"@type\":\"ReadAction\",\"target\":[\"https:\\\/\\\/lac.wetlands.org\\\/pt-br\\\/areas-umidas\\\/\"]}]},{\"@type\":\"ImageObject\",\"inLanguage\":\"pt-BR\",\"@id\":\"https:\\\/\\\/lac.wetlands.org\\\/pt-br\\\/areas-umidas\\\/#primaryimage\",\"url\":\"https:\\\/\\\/lac.wetlands.org\\\/pt-br\\\/wp-content\\\/uploads\\\/sites\\\/5\\\/2024\\\/08\\\/8-Bacia-Hidrografica-do-Alto-Paraguai_foto-Jose-Sabino-1920x500-1.jpg\",\"contentUrl\":\"https:\\\/\\\/lac.wetlands.org\\\/pt-br\\\/wp-content\\\/uploads\\\/sites\\\/5\\\/2024\\\/08\\\/8-Bacia-Hidrografica-do-Alto-Paraguai_foto-Jose-Sabino-1920x500-1.jpg\",\"width\":1920,\"height\":500,\"caption\":\"Pantanal\"},{\"@type\":\"BreadcrumbList\",\"@id\":\"https:\\\/\\\/lac.wetlands.org\\\/pt-br\\\/areas-umidas\\\/#breadcrumb\",\"itemListElement\":[{\"@type\":\"ListItem\",\"position\":1,\"name\":\"Home\",\"item\":\"https:\\\/\\\/lac.wetlands.org\\\/pt-br\\\/\"},{\"@type\":\"ListItem\",\"position\":2,\"name\":\"\u00c1reas \u00damidas\"}]},{\"@type\":\"WebSite\",\"@id\":\"https:\\\/\\\/lac.wetlands.org\\\/pt-br\\\/#website\",\"url\":\"https:\\\/\\\/lac.wetlands.org\\\/pt-br\\\/\",\"name\":\"Wetlands International Brazil\",\"description\":\"Para inspirar e mobilizar a sociedade a proteger e restaurar as \u00e1reas \u00famidas para as pessoas e a natureza.\",\"publisher\":{\"@id\":\"https:\\\/\\\/lac.wetlands.org\\\/pt-br\\\/#organization\"},\"potentialAction\":[{\"@type\":\"SearchAction\",\"target\":{\"@type\":\"EntryPoint\",\"urlTemplate\":\"https:\\\/\\\/lac.wetlands.org\\\/pt-br\\\/?s={search_term_string}\"},\"query-input\":{\"@type\":\"PropertyValueSpecification\",\"valueRequired\":true,\"valueName\":\"search_term_string\"}}],\"inLanguage\":\"pt-BR\"},{\"@type\":\"Organization\",\"@id\":\"https:\\\/\\\/lac.wetlands.org\\\/pt-br\\\/#organization\",\"name\":\"Wetlands International Brazil\",\"url\":\"https:\\\/\\\/lac.wetlands.org\\\/pt-br\\\/\",\"logo\":{\"@type\":\"ImageObject\",\"inLanguage\":\"pt-BR\",\"@id\":\"https:\\\/\\\/lac.wetlands.org\\\/pt-br\\\/#\\\/schema\\\/logo\\\/image\\\/\",\"url\":\"https:\\\/\\\/lac.wetlands.org\\\/pt-br\\\/wp-content\\\/uploads\\\/sites\\\/5\\\/2024\\\/07\\\/Wetlands-International-logo-RGB-High-res-Transparente.png\",\"contentUrl\":\"https:\\\/\\\/lac.wetlands.org\\\/pt-br\\\/wp-content\\\/uploads\\\/sites\\\/5\\\/2024\\\/07\\\/Wetlands-International-logo-RGB-High-res-Transparente.png\",\"width\":1920,\"height\":949,\"caption\":\"Wetlands International Brazil\"},\"image\":{\"@id\":\"https:\\\/\\\/lac.wetlands.org\\\/pt-br\\\/#\\\/schema\\\/logo\\\/image\\\/\"},\"sameAs\":[\"https:\\\/\\\/www.facebook.com\\\/WetlandsIntBR\",\"https:\\\/\\\/www.instagram.com\\\/wetlandsintbr\\\/?hl=pt-br\\\/\",\"https:\\\/\\\/www.youtube.com\\\/channel\\\/UCQ0t8SqNdRY164b1jd2Vr5w\"]}]}<\/script>\n<!-- \/ Yoast SEO plugin. -->","yoast_head_json":{"title":"\u00c1reas \u00damidas - Wetlands International Brazil","robots":{"index":"index","follow":"follow","max-snippet":"max-snippet:-1","max-image-preview":"max-image-preview:large","max-video-preview":"max-video-preview:-1"},"canonical":"https:\/\/lac.wetlands.org\/pt-br\/areas-umidas\/","og_locale":"pt_BR","og_type":"article","og_title":"\u00c1reas \u00damidas - Wetlands International Brazil","og_description":"As \u00e1reas \u00famidas ocorrem onde a \u00e1gua e a terra se encontram e garantem a sustentabilidade de ambas Esses habitats \u00fanicos incluem manguezais, turfeiras, rios, lagos, deltas, pradarias de ervas marinhas e at\u00e9 mesmo recifes de coral. As \u00e1reas \u00famidas existem em todos os pa\u00edses e em todas as zonas clim\u00e1ticas, desde as regi\u00f5es polares [&hellip;]","og_url":"https:\/\/lac.wetlands.org\/pt-br\/areas-umidas\/","og_site_name":"Wetlands International Brazil","article_publisher":"https:\/\/www.facebook.com\/WetlandsIntBR","article_modified_time":"2025-02-05T22:11:02+00:00","og_image":[{"width":1920,"height":500,"url":"https:\/\/lac.wetlands.org\/pt-br\/wp-content\/uploads\/sites\/5\/2024\/08\/8-Bacia-Hidrografica-do-Alto-Paraguai_foto-Jose-Sabino-1920x500-1.jpg","type":"image\/jpeg"}],"twitter_card":"summary_large_image","twitter_misc":{"Est. tempo de leitura":"1 minuto"},"schema":{"@context":"https:\/\/schema.org","@graph":[{"@type":"WebPage","@id":"https:\/\/lac.wetlands.org\/pt-br\/areas-umidas\/","url":"https:\/\/lac.wetlands.org\/pt-br\/areas-umidas\/","name":"\u00c1reas \u00damidas - Wetlands International Brazil","isPartOf":{"@id":"https:\/\/lac.wetlands.org\/pt-br\/#website"},"primaryImageOfPage":{"@id":"https:\/\/lac.wetlands.org\/pt-br\/areas-umidas\/#primaryimage"},"image":{"@id":"https:\/\/lac.wetlands.org\/pt-br\/areas-umidas\/#primaryimage"},"thumbnailUrl":"https:\/\/lac.wetlands.org\/pt-br\/wp-content\/uploads\/sites\/5\/2024\/08\/8-Bacia-Hidrografica-do-Alto-Paraguai_foto-Jose-Sabino-1920x500-1.jpg","datePublished":"2024-06-08T03:23:59+00:00","dateModified":"2025-02-05T22:11:02+00:00","breadcrumb":{"@id":"https:\/\/lac.wetlands.org\/pt-br\/areas-umidas\/#breadcrumb"},"inLanguage":"pt-BR","potentialAction":[{"@type":"ReadAction","target":["https:\/\/lac.wetlands.org\/pt-br\/areas-umidas\/"]}]},{"@type":"ImageObject","inLanguage":"pt-BR","@id":"https:\/\/lac.wetlands.org\/pt-br\/areas-umidas\/#primaryimage","url":"https:\/\/lac.wetlands.org\/pt-br\/wp-content\/uploads\/sites\/5\/2024\/08\/8-Bacia-Hidrografica-do-Alto-Paraguai_foto-Jose-Sabino-1920x500-1.jpg","contentUrl":"https:\/\/lac.wetlands.org\/pt-br\/wp-content\/uploads\/sites\/5\/2024\/08\/8-Bacia-Hidrografica-do-Alto-Paraguai_foto-Jose-Sabino-1920x500-1.jpg","width":1920,"height":500,"caption":"Pantanal"},{"@type":"BreadcrumbList","@id":"https:\/\/lac.wetlands.org\/pt-br\/areas-umidas\/#breadcrumb","itemListElement":[{"@type":"ListItem","position":1,"name":"Home","item":"https:\/\/lac.wetlands.org\/pt-br\/"},{"@type":"ListItem","position":2,"name":"\u00c1reas \u00damidas"}]},{"@type":"WebSite","@id":"https:\/\/lac.wetlands.org\/pt-br\/#website","url":"https:\/\/lac.wetlands.org\/pt-br\/","name":"Wetlands International Brazil","description":"Para inspirar e mobilizar a sociedade a proteger e restaurar as \u00e1reas \u00famidas para as pessoas e a natureza.","publisher":{"@id":"https:\/\/lac.wetlands.org\/pt-br\/#organization"},"potentialAction":[{"@type":"SearchAction","target":{"@type":"EntryPoint","urlTemplate":"https:\/\/lac.wetlands.org\/pt-br\/?s={search_term_string}"},"query-input":{"@type":"PropertyValueSpecification","valueRequired":true,"valueName":"search_term_string"}}],"inLanguage":"pt-BR"},{"@type":"Organization","@id":"https:\/\/lac.wetlands.org\/pt-br\/#organization","name":"Wetlands International Brazil","url":"https:\/\/lac.wetlands.org\/pt-br\/","logo":{"@type":"ImageObject","inLanguage":"pt-BR","@id":"https:\/\/lac.wetlands.org\/pt-br\/#\/schema\/logo\/image\/","url":"https:\/\/lac.wetlands.org\/pt-br\/wp-content\/uploads\/sites\/5\/2024\/07\/Wetlands-International-logo-RGB-High-res-Transparente.png","contentUrl":"https:\/\/lac.wetlands.org\/pt-br\/wp-content\/uploads\/sites\/5\/2024\/07\/Wetlands-International-logo-RGB-High-res-Transparente.png","width":1920,"height":949,"caption":"Wetlands International Brazil"},"image":{"@id":"https:\/\/lac.wetlands.org\/pt-br\/#\/schema\/logo\/image\/"},"sameAs":["https:\/\/www.facebook.com\/WetlandsIntBR","https:\/\/www.instagram.com\/wetlandsintbr\/?hl=pt-br\/","https:\/\/www.youtube.com\/channel\/UCQ0t8SqNdRY164b1jd2Vr5w"]}]}},"_links":{"self":[{"href":"https:\/\/lac.wetlands.org\/pt-br\/wp-json\/wp\/v2\/pages\/5928"}],"collection":[{"href":"https:\/\/lac.wetlands.org\/pt-br\/wp-json\/wp\/v2\/pages"}],"about":[{"href":"https:\/\/lac.wetlands.org\/pt-br\/wp-json\/wp\/v2\/types\/page"}],"author":[{"embeddable":true,"href":"https:\/\/lac.wetlands.org\/pt-br\/wp-json\/wp\/v2\/users\/29"}],"replies":[{"embeddable":true,"href":"https:\/\/lac.wetlands.org\/pt-br\/wp-json\/wp\/v2\/comments?post=5928"}],"version-history":[{"count":6,"href":"https:\/\/lac.wetlands.org\/pt-br\/wp-json\/wp\/v2\/pages\/5928\/revisions"}],"predecessor-version":[{"id":6651,"href":"https:\/\/lac.wetlands.org\/pt-br\/wp-json\/wp\/v2\/pages\/5928\/revisions\/6651"}],"wp:featuredmedia":[{"embeddable":true,"href":"https:\/\/lac.wetlands.org\/pt-br\/wp-json\/wp\/v2\/media\/6071"}],"wp:attachment":[{"href":"https:\/\/lac.wetlands.org\/pt-br\/wp-json\/wp\/v2\/media?parent=5928"}],"wp:term":[{"taxonomy":"wl_issue","embeddable":true,"href":"https:\/\/lac.wetlands.org\/pt-br\/wp-json\/wp\/v2\/wl_issue?post=5928"},{"taxonomy":"wl_topic","embeddable":true,"href":"https:\/\/lac.wetlands.org\/pt-br\/wp-json\/wp\/v2\/wl_topic?post=5928"},{"taxonomy":"wl_type","embeddable":true,"href":"https:\/\/lac.wetlands.org\/pt-br\/wp-json\/wp\/v2\/wl_type?post=5928"}],"curies":[{"name":"wp","href":"https:\/\/api.w.org\/{rel}","templated":true}]}}