{"id":5931,"date":"2024-06-07T23:33:12","date_gmt":"2024-06-08T03:33:12","guid":{"rendered":"https:\/\/lac.wetlands.org\/pt-br\/?page_id=5931"},"modified":"2024-09-04T17:06:27","modified_gmt":"2024-09-04T21:06:27","slug":"nosso-foco","status":"publish","type":"page","link":"https:\/\/lac.wetlands.org\/pt-br\/nosso-foco\/","title":{"rendered":"Nosso foco"},"content":{"rendered":"\n<h2 class=\"wp-block-heading\">\u00c1reas \u00famidas saud\u00e1veis \u200b\u200be natureza<\/h2>\n\n\n\n<p>Das gigantescas Cataratas do Igua\u00e7u na Am\u00e9rica do Sul \u00e0 vasta tundra do \u00c1rtico, dos riachos das montanhas com salamandras gigantes aos p\u00e2ntanos cheios de lib\u00e9lulas deslumbrantes e manguezais cheios de peixes de lama, caranguejos e golfinhos, as \u00e1reas \u00famidas proporcionam alguns dos maiores espet\u00e1culos naturais do mundo.<\/p>\n\n\n\n<ul class=\"wp-block-list\">\n<li><a href=\"https:\/\/lac.wetlands.org\/nuestro-enfoque\/humedales-y-naturaleza-saludables\/\">Mais informa\u00e7\u00e3o<\/a><\/li>\n<\/ul>\n\n\n\n<figure class=\"wp-block-image is-resized\"><img decoding=\"async\" src=\"https:\/\/lac.wetlands.org\/wp-content\/uploads\/sites\/3\/2024\/04\/Fotos-a-tamano-web-nueva-1-1024x1024.png\" alt=\"\" style=\"width:500px\" \/><\/figure>\n\n\n\n<h2 class=\"wp-block-heading\">Costas e deltas cheios de vida<\/h2>\n\n\n\n<p>Os mangais, p\u00e2ntanos, deltas e ervas marinhas ao longo da costa s\u00e3o meios de subsist\u00eancia para milh\u00f5es de pessoas. Al\u00e9m disso, t\u00eam a capacidade de mitigar o impacto de tempestades e inunda\u00e7\u00f5es. Atrav\u00e9s da conserva\u00e7\u00e3o e restaura\u00e7\u00e3o de \u00e1reas \u00famidas, trabalhamos para alcan\u00e7ar a prote\u00e7\u00e3o dos ecossistemas costeiros e do delta e da sua diversidade biol\u00f3gica \u00fanica.<\/p>\n\n\n\n<ul class=\"wp-block-list\">\n<li><a href=\"https:\/\/lac.wetlands.org\/nuestro-enfoque\/costas-y-deltas-llenos-de-vida\/\">Mais informa\u00e7\u00e3o<\/a><\/li>\n<\/ul>\n\n\n\n<figure class=\"wp-block-image is-resized\"><img decoding=\"async\" src=\"https:\/\/lac.wetlands.org\/wp-content\/uploads\/sites\/3\/2024\/04\/Fotos-a-tamano-web-nueva-1-1.png\" alt=\"\" style=\"width:500px\" \/><\/figure>\n\n\n\n<h2 class=\"wp-block-heading\">Reservas de \u00e1gua dispon\u00edveis desde a serra at\u00e9 ao mar<\/h2>\n\n\n\n<p>Como podemos desenvolver comunidades sustent\u00e1veis \u200b\u200be proteger as pessoas em risco de desastres relacionados com a \u00e1gua?<\/p>\n\n\n\n<ul class=\"wp-block-list\">\n<li><a href=\"https:\/\/lac.wetlands.org\/nuestro-enfoque\/reservas-de-agua-de-aqua-disponibles-desde-las-montanas-hasta-el-mar\/\">Mais informa\u00e7\u00e3o<\/a><\/li>\n<\/ul>\n\n\n\n<figure class=\"wp-block-image is-resized\"><img decoding=\"async\" src=\"https:\/\/lac.wetlands.org\/wp-content\/uploads\/sites\/3\/2024\/04\/9-1024x1024.png\" alt=\"\" style=\"width:500px\" \/><\/figure>\n\n\n\n<h2 class=\"wp-block-heading\">Valiosas turfeiras preservadas e restauradas<\/h2>\n\n\n\n<p>As turfeiras s\u00e3o alguns dos tesouros mais valiosos do planeta. Ao proteger as turfeiras desde o \u00c1rtico at\u00e9 aos tr\u00f3picos e desde as montanhas at\u00e9 ao mar, podemos reduzir milh\u00f5es de toneladas de CO2, prevenir grandes inunda\u00e7\u00f5es, salvar algumas das \u00e1reas com maior biodiversidade do mundo e garantir a seguran\u00e7a h\u00eddrica a milh\u00f5es de pessoas.<\/p>\n\n\n\n<ul class=\"wp-block-list\">\n<li><a href=\"https:\/\/lac.wetlands.org\/nuestro-enfoque\/valiosas-turberas-preservadas-y-restauradas\/\">Mais informa\u00e7\u00e3o<\/a><\/li>\n<\/ul>\n\n\n\n<figure class=\"wp-block-image is-resized\"><img decoding=\"async\" src=\"https:\/\/lac.wetlands.org\/wp-content\/uploads\/sites\/3\/2024\/04\/10-1024x1024.png\" alt=\"\" style=\"width:500px\" \/><\/figure>\n","protected":false},"excerpt":{"rendered":"<p>\u00c1reas \u00famidas saud\u00e1veis \u200b\u200be natureza Das gigantescas Cataratas do Igua\u00e7u na Am\u00e9rica do Sul \u00e0 vasta tundra do \u00c1rtico, dos riachos das montanhas com salamandras gigantes aos p\u00e2ntanos cheios de lib\u00e9lulas deslumbrantes e manguezais cheios de peixes de lama, caranguejos e golfinhos, as \u00e1reas \u00famidas proporcionam alguns dos maiores espet\u00e1culos naturais do mundo. Costas e [&hellip;]<\/p>\n","protected":false},"author":29,"featured_media":0,"parent":0,"menu_order":0,"comment_status":"closed","ping_status":"closed","template":"","meta":{"_acf_changed":false,"_monsterinsights_skip_tracking":false,"_monsterinsights_sitenote_active":false,"_monsterinsights_sitenote_note":"","_monsterinsights_sitenote_category":0,"ep_exclude_from_search":false,"editor_notices":[],"footnotes":""},"wl_issue":[],"wl_topic":[],"wl_type":[],"class_list":["post-5931","page","type-page","status-publish","hentry"],"acf":[],"yoast_head":"<!-- This site is optimized with the Yoast SEO plugin v27.4 - https:\/\/yoast.com\/product\/yoast-seo-wordpress\/ -->\n<title>Nosso foco - Wetlands International Brazil<\/title>\n<meta name=\"robots\" content=\"index, follow, max-snippet:-1, max-image-preview:large, max-video-preview:-1\" \/>\n<link rel=\"canonical\" href=\"https:\/\/lac.wetlands.org\/pt-br\/nosso-foco\/\" \/>\n<meta property=\"og:locale\" content=\"pt_BR\" \/>\n<meta property=\"og:type\" content=\"article\" \/>\n<meta property=\"og:title\" content=\"Nosso foco - Wetlands International Brazil\" \/>\n<meta property=\"og:description\" content=\"\u00c1reas \u00famidas saud\u00e1veis \u200b\u200be natureza Das gigantescas Cataratas do Igua\u00e7u na Am\u00e9rica do Sul \u00e0 vasta tundra do \u00c1rtico, dos riachos das montanhas com salamandras gigantes aos p\u00e2ntanos cheios de lib\u00e9lulas deslumbrantes e manguezais cheios de peixes de lama, caranguejos e golfinhos, as \u00e1reas \u00famidas proporcionam alguns dos maiores espet\u00e1culos naturais do mundo. Costas e [&hellip;]\" \/>\n<meta property=\"og:url\" content=\"https:\/\/lac.wetlands.org\/pt-br\/nosso-foco\/\" \/>\n<meta property=\"og:site_name\" content=\"Wetlands International Brazil\" \/>\n<meta property=\"article:publisher\" content=\"https:\/\/www.facebook.com\/WetlandsIntBR\" \/>\n<meta property=\"article:modified_time\" content=\"2024-09-04T21:06:27+00:00\" \/>\n<meta property=\"og:image\" content=\"https:\/\/lac.wetlands.org\/wp-content\/uploads\/sites\/3\/2024\/04\/Fotos-a-tamano-web-nueva-1-1024x1024.png\" \/>\n<meta name=\"twitter:card\" content=\"summary_large_image\" \/>\n<meta name=\"twitter:label1\" content=\"Est. tempo de leitura\" \/>\n\t<meta name=\"twitter:data1\" content=\"2 minutos\" \/>\n<script type=\"application\/ld+json\" class=\"yoast-schema-graph\">{\"@context\":\"https:\\\/\\\/schema.org\",\"@graph\":[{\"@type\":\"WebPage\",\"@id\":\"https:\\\/\\\/lac.wetlands.org\\\/pt-br\\\/nosso-foco\\\/\",\"url\":\"https:\\\/\\\/lac.wetlands.org\\\/pt-br\\\/nosso-foco\\\/\",\"name\":\"Nosso foco - Wetlands International Brazil\",\"isPartOf\":{\"@id\":\"https:\\\/\\\/lac.wetlands.org\\\/pt-br\\\/#website\"},\"primaryImageOfPage\":{\"@id\":\"https:\\\/\\\/lac.wetlands.org\\\/pt-br\\\/nosso-foco\\\/#primaryimage\"},\"image\":{\"@id\":\"https:\\\/\\\/lac.wetlands.org\\\/pt-br\\\/nosso-foco\\\/#primaryimage\"},\"thumbnailUrl\":\"https:\\\/\\\/lac.wetlands.org\\\/wp-content\\\/uploads\\\/sites\\\/3\\\/2024\\\/04\\\/Fotos-a-tamano-web-nueva-1-1024x1024.png\",\"datePublished\":\"2024-06-08T03:33:12+00:00\",\"dateModified\":\"2024-09-04T21:06:27+00:00\",\"breadcrumb\":{\"@id\":\"https:\\\/\\\/lac.wetlands.org\\\/pt-br\\\/nosso-foco\\\/#breadcrumb\"},\"inLanguage\":\"pt-BR\",\"potentialAction\":[{\"@type\":\"ReadAction\",\"target\":[\"https:\\\/\\\/lac.wetlands.org\\\/pt-br\\\/nosso-foco\\\/\"]}]},{\"@type\":\"ImageObject\",\"inLanguage\":\"pt-BR\",\"@id\":\"https:\\\/\\\/lac.wetlands.org\\\/pt-br\\\/nosso-foco\\\/#primaryimage\",\"url\":\"https:\\\/\\\/lac.wetlands.org\\\/wp-content\\\/uploads\\\/sites\\\/3\\\/2024\\\/04\\\/Fotos-a-tamano-web-nueva-1-1024x1024.png\",\"contentUrl\":\"https:\\\/\\\/lac.wetlands.org\\\/wp-content\\\/uploads\\\/sites\\\/3\\\/2024\\\/04\\\/Fotos-a-tamano-web-nueva-1-1024x1024.png\"},{\"@type\":\"BreadcrumbList\",\"@id\":\"https:\\\/\\\/lac.wetlands.org\\\/pt-br\\\/nosso-foco\\\/#breadcrumb\",\"itemListElement\":[{\"@type\":\"ListItem\",\"position\":1,\"name\":\"Home\",\"item\":\"https:\\\/\\\/lac.wetlands.org\\\/pt-br\\\/\"},{\"@type\":\"ListItem\",\"position\":2,\"name\":\"Nosso foco\"}]},{\"@type\":\"WebSite\",\"@id\":\"https:\\\/\\\/lac.wetlands.org\\\/pt-br\\\/#website\",\"url\":\"https:\\\/\\\/lac.wetlands.org\\\/pt-br\\\/\",\"name\":\"Wetlands International Brazil\",\"description\":\"Para inspirar e mobilizar a sociedade a proteger e restaurar as \u00e1reas \u00famidas para as pessoas e a natureza.\",\"publisher\":{\"@id\":\"https:\\\/\\\/lac.wetlands.org\\\/pt-br\\\/#organization\"},\"potentialAction\":[{\"@type\":\"SearchAction\",\"target\":{\"@type\":\"EntryPoint\",\"urlTemplate\":\"https:\\\/\\\/lac.wetlands.org\\\/pt-br\\\/?s={search_term_string}\"},\"query-input\":{\"@type\":\"PropertyValueSpecification\",\"valueRequired\":true,\"valueName\":\"search_term_string\"}}],\"inLanguage\":\"pt-BR\"},{\"@type\":\"Organization\",\"@id\":\"https:\\\/\\\/lac.wetlands.org\\\/pt-br\\\/#organization\",\"name\":\"Wetlands International Brazil\",\"url\":\"https:\\\/\\\/lac.wetlands.org\\\/pt-br\\\/\",\"logo\":{\"@type\":\"ImageObject\",\"inLanguage\":\"pt-BR\",\"@id\":\"https:\\\/\\\/lac.wetlands.org\\\/pt-br\\\/#\\\/schema\\\/logo\\\/image\\\/\",\"url\":\"https:\\\/\\\/lac.wetlands.org\\\/pt-br\\\/wp-content\\\/uploads\\\/sites\\\/5\\\/2024\\\/07\\\/Wetlands-International-logo-RGB-High-res-Transparente.png\",\"contentUrl\":\"https:\\\/\\\/lac.wetlands.org\\\/pt-br\\\/wp-content\\\/uploads\\\/sites\\\/5\\\/2024\\\/07\\\/Wetlands-International-logo-RGB-High-res-Transparente.png\",\"width\":1920,\"height\":949,\"caption\":\"Wetlands International Brazil\"},\"image\":{\"@id\":\"https:\\\/\\\/lac.wetlands.org\\\/pt-br\\\/#\\\/schema\\\/logo\\\/image\\\/\"},\"sameAs\":[\"https:\\\/\\\/www.facebook.com\\\/WetlandsIntBR\",\"https:\\\/\\\/www.instagram.com\\\/wetlandsintbr\\\/?hl=pt-br\\\/\",\"https:\\\/\\\/www.youtube.com\\\/channel\\\/UCQ0t8SqNdRY164b1jd2Vr5w\"]}]}<\/script>\n<!-- \/ Yoast SEO plugin. -->","yoast_head_json":{"title":"Nosso foco - Wetlands International Brazil","robots":{"index":"index","follow":"follow","max-snippet":"max-snippet:-1","max-image-preview":"max-image-preview:large","max-video-preview":"max-video-preview:-1"},"canonical":"https:\/\/lac.wetlands.org\/pt-br\/nosso-foco\/","og_locale":"pt_BR","og_type":"article","og_title":"Nosso foco - Wetlands International Brazil","og_description":"\u00c1reas \u00famidas saud\u00e1veis \u200b\u200be natureza Das gigantescas Cataratas do Igua\u00e7u na Am\u00e9rica do Sul \u00e0 vasta tundra do \u00c1rtico, dos riachos das montanhas com salamandras gigantes aos p\u00e2ntanos cheios de lib\u00e9lulas deslumbrantes e manguezais cheios de peixes de lama, caranguejos e golfinhos, as \u00e1reas \u00famidas proporcionam alguns dos maiores espet\u00e1culos naturais do mundo. Costas e [&hellip;]","og_url":"https:\/\/lac.wetlands.org\/pt-br\/nosso-foco\/","og_site_name":"Wetlands International Brazil","article_publisher":"https:\/\/www.facebook.com\/WetlandsIntBR","article_modified_time":"2024-09-04T21:06:27+00:00","og_image":[{"url":"https:\/\/lac.wetlands.org\/wp-content\/uploads\/sites\/3\/2024\/04\/Fotos-a-tamano-web-nueva-1-1024x1024.png","type":"","width":"","height":""}],"twitter_card":"summary_large_image","twitter_misc":{"Est. tempo de leitura":"2 minutos"},"schema":{"@context":"https:\/\/schema.org","@graph":[{"@type":"WebPage","@id":"https:\/\/lac.wetlands.org\/pt-br\/nosso-foco\/","url":"https:\/\/lac.wetlands.org\/pt-br\/nosso-foco\/","name":"Nosso foco - Wetlands International Brazil","isPartOf":{"@id":"https:\/\/lac.wetlands.org\/pt-br\/#website"},"primaryImageOfPage":{"@id":"https:\/\/lac.wetlands.org\/pt-br\/nosso-foco\/#primaryimage"},"image":{"@id":"https:\/\/lac.wetlands.org\/pt-br\/nosso-foco\/#primaryimage"},"thumbnailUrl":"https:\/\/lac.wetlands.org\/wp-content\/uploads\/sites\/3\/2024\/04\/Fotos-a-tamano-web-nueva-1-1024x1024.png","datePublished":"2024-06-08T03:33:12+00:00","dateModified":"2024-09-04T21:06:27+00:00","breadcrumb":{"@id":"https:\/\/lac.wetlands.org\/pt-br\/nosso-foco\/#breadcrumb"},"inLanguage":"pt-BR","potentialAction":[{"@type":"ReadAction","target":["https:\/\/lac.wetlands.org\/pt-br\/nosso-foco\/"]}]},{"@type":"ImageObject","inLanguage":"pt-BR","@id":"https:\/\/lac.wetlands.org\/pt-br\/nosso-foco\/#primaryimage","url":"https:\/\/lac.wetlands.org\/wp-content\/uploads\/sites\/3\/2024\/04\/Fotos-a-tamano-web-nueva-1-1024x1024.png","contentUrl":"https:\/\/lac.wetlands.org\/wp-content\/uploads\/sites\/3\/2024\/04\/Fotos-a-tamano-web-nueva-1-1024x1024.png"},{"@type":"BreadcrumbList","@id":"https:\/\/lac.wetlands.org\/pt-br\/nosso-foco\/#breadcrumb","itemListElement":[{"@type":"ListItem","position":1,"name":"Home","item":"https:\/\/lac.wetlands.org\/pt-br\/"},{"@type":"ListItem","position":2,"name":"Nosso foco"}]},{"@type":"WebSite","@id":"https:\/\/lac.wetlands.org\/pt-br\/#website","url":"https:\/\/lac.wetlands.org\/pt-br\/","name":"Wetlands International Brazil","description":"Para inspirar e mobilizar a sociedade a proteger e restaurar as \u00e1reas \u00famidas para as pessoas e a natureza.","publisher":{"@id":"https:\/\/lac.wetlands.org\/pt-br\/#organization"},"potentialAction":[{"@type":"SearchAction","target":{"@type":"EntryPoint","urlTemplate":"https:\/\/lac.wetlands.org\/pt-br\/?s={search_term_string}"},"query-input":{"@type":"PropertyValueSpecification","valueRequired":true,"valueName":"search_term_string"}}],"inLanguage":"pt-BR"},{"@type":"Organization","@id":"https:\/\/lac.wetlands.org\/pt-br\/#organization","name":"Wetlands International Brazil","url":"https:\/\/lac.wetlands.org\/pt-br\/","logo":{"@type":"ImageObject","inLanguage":"pt-BR","@id":"https:\/\/lac.wetlands.org\/pt-br\/#\/schema\/logo\/image\/","url":"https:\/\/lac.wetlands.org\/pt-br\/wp-content\/uploads\/sites\/5\/2024\/07\/Wetlands-International-logo-RGB-High-res-Transparente.png","contentUrl":"https:\/\/lac.wetlands.org\/pt-br\/wp-content\/uploads\/sites\/5\/2024\/07\/Wetlands-International-logo-RGB-High-res-Transparente.png","width":1920,"height":949,"caption":"Wetlands International Brazil"},"image":{"@id":"https:\/\/lac.wetlands.org\/pt-br\/#\/schema\/logo\/image\/"},"sameAs":["https:\/\/www.facebook.com\/WetlandsIntBR","https:\/\/www.instagram.com\/wetlandsintbr\/?hl=pt-br\/","https:\/\/www.youtube.com\/channel\/UCQ0t8SqNdRY164b1jd2Vr5w"]}]}},"_links":{"self":[{"href":"https:\/\/lac.wetlands.org\/pt-br\/wp-json\/wp\/v2\/pages\/5931"}],"collection":[{"href":"https:\/\/lac.wetlands.org\/pt-br\/wp-json\/wp\/v2\/pages"}],"about":[{"href":"https:\/\/lac.wetlands.org\/pt-br\/wp-json\/wp\/v2\/types\/page"}],"author":[{"embeddable":true,"href":"https:\/\/lac.wetlands.org\/pt-br\/wp-json\/wp\/v2\/users\/29"}],"replies":[{"embeddable":true,"href":"https:\/\/lac.wetlands.org\/pt-br\/wp-json\/wp\/v2\/comments?post=5931"}],"version-history":[{"count":3,"href":"https:\/\/lac.wetlands.org\/pt-br\/wp-json\/wp\/v2\/pages\/5931\/revisions"}],"predecessor-version":[{"id":6244,"href":"https:\/\/lac.wetlands.org\/pt-br\/wp-json\/wp\/v2\/pages\/5931\/revisions\/6244"}],"wp:attachment":[{"href":"https:\/\/lac.wetlands.org\/pt-br\/wp-json\/wp\/v2\/media?parent=5931"}],"wp:term":[{"taxonomy":"wl_issue","embeddable":true,"href":"https:\/\/lac.wetlands.org\/pt-br\/wp-json\/wp\/v2\/wl_issue?post=5931"},{"taxonomy":"wl_topic","embeddable":true,"href":"https:\/\/lac.wetlands.org\/pt-br\/wp-json\/wp\/v2\/wl_topic?post=5931"},{"taxonomy":"wl_type","embeddable":true,"href":"https:\/\/lac.wetlands.org\/pt-br\/wp-json\/wp\/v2\/wl_type?post=5931"}],"curies":[{"name":"wp","href":"https:\/\/api.w.org\/{rel}","templated":true}]}}