{"id":6204,"date":"2024-06-08T14:04:00","date_gmt":"2024-06-08T18:04:00","guid":{"rendered":"https:\/\/lac.wetlands.org\/pt-br\/?page_id=6204"},"modified":"2024-09-04T15:55:37","modified_gmt":"2024-09-04T19:55:37","slug":"tipos-de-areas-umidas","status":"publish","type":"page","link":"https:\/\/lac.wetlands.org\/pt-br\/areas-umidas\/tipos-de-areas-umidas\/","title":{"rendered":"O que s\u00e3o?"},"content":{"rendered":"\n<p>As \u00e1reas \u00famidas se formam onde a \u00e1gua encontra a terra. Eles incluem manguezais, turfeiras e p\u00e2ntanos; rios e lagos, deltas, plan\u00edcies de inunda\u00e7\u00e3o e florestas alagadas, arrozais e tamb\u00e9m recifes de corais.<\/p>\n\n\n\n<h2 class=\"wp-block-heading\">Turfeiras<\/h2>\n\n\n\n<p>As turfeiras s\u00e3o \u00e1reas \u00famidas com uma espessa camada de solo \u00famido composto por material vegetal morto ou em decomposi\u00e7\u00e3o. As turfeiras incluem turfeiras propriamente ditas e outros tipos de ecossistemas, como as turfeiras tropicais de florestas pantanosas e as turfeiras da tundra. As turfeiras representam mais da metade das \u00e1reas \u00famidas do planeta e cobrem 3% do total da superf\u00edcie terrestre.<\/p>\n\n\n\n<h3 class=\"wp-block-heading\"><strong>Por que as turfeiras s\u00e3o importantes?<\/strong><\/h3>\n\n\n\n<p><strong>\u00c1gua:<\/strong> As turfeiras absorvem chuvas torrenciais, protegem contra inunda\u00e7\u00f5es e liberam \u00e1gua gradualmente, garantindo o fornecimento de \u00e1gua pura ao longo do ano.<\/p>\n\n\n\n<p><strong>Alimento:<\/strong> Milh\u00f5es de pessoas dependem das turfeiras para criar gado, pescar e praticar a agricultura.<\/p>\n\n\n\n<p><strong>Esp\u00e9cies:<\/strong> As turfeiras tropicais de florestas pantanosas abrigam milhares de animais e plantas, incluindo algumas esp\u00e9cies em perigo, \u00fanicas e essenciais, como o orangotango e o tigre-de-sumatra.<\/p>\n\n\n\n<p><strong>Mudan\u00e7a Clim\u00e1tica:<\/strong> As turfeiras cont\u00eam o dobro de carbono que as florestas mundiais. Quando s\u00e3o alteradas ou drenadas, tornam-se uma fonte significativa de emiss\u00f5es de gases de efeito estufa.<\/p>\n\n\n\n<p><a href=\"https:\/\/lac.wetlands.org\/nuestro-enfoque\/valiosas-turberas-preservadas-y-restauradas\/\">Continue lendo sobre as turfeiras&#8230;<\/a><\/p>\n\n\n\n<h2 class=\"wp-block-heading\"><strong>Rios e Deltas<\/strong> <\/h2>\n\n\n\n<p>Um rio \u00e9 um curso natural de \u00e1gua, frequentemente de \u00e1gua pura, que desemboca em um oceano, lago, mar ou outro rio. Os rios se originam das chuvas nas bacias altas e fluem para a parte baixa da bacia, formando riachos e c\u00f3rregos. Os deltas se encontram nas \u00e1reas baixas alcan\u00e7adas pelos rios, onde a \u00e1gua flui lentamente e se dispersa em vastas extens\u00f5es de \u00e1reas \u00famidas (como plan\u00edcies de inunda\u00e7\u00e3o) e \u00e1guas rasas.<\/p>\n\n\n\n<h3 class=\"wp-block-heading\"><strong>Por que os rios e deltas s\u00e3o importantes?<\/strong><\/h3>\n\n\n\n<p><strong>\u00c1gua e Alimento:<\/strong> Os rios s\u00e3o fontes importantes de \u00e1gua pot\u00e1vel e alimentos, al\u00e9m de serem usados para irrigar as planta\u00e7\u00f5es. As \u00e1guas dos rios tamb\u00e9m s\u00e3o recarregadas pelas \u00e1guas dos lagos e transportam sedimentos f\u00e9rteis que enriquecem as plan\u00edcies de inunda\u00e7\u00e3o e p\u00e2ntanos.<\/p>\n\n\n\n<p><strong>Redu\u00e7\u00e3o de Desastres:<\/strong> Aqueles localizados especialmente pr\u00f3ximos a \u00e1reas urbanas, como plan\u00edcies de inunda\u00e7\u00e3o e p\u00e2ntanos, protegem contra inunda\u00e7\u00f5es. Seu preenchimento e ocupa\u00e7\u00e3o aumentam o risco desse tipo de desastre.<\/p>\n\n\n\n<p><strong>Transporte:<\/strong> Os rios tamb\u00e9m desempenham um papel essencial como vias de transporte e com\u00e9rcio e como fontes de energia.<\/p>\n\n\n\n<p><strong>Esp\u00e9cies:<\/strong> Os rios e deltas fornecem habitat cr\u00edtico para peixes de \u00e1gua doce e outros animais, como anf\u00edbios e crust\u00e1ceos.<\/p>\n\n\n\n<p><a href=\"https:\/\/lac.wetlands.org\/nuestro-enfoque\/reservas-de-agua-de-aqua-disponibles-desde-las-montanas-hasta-el-mar\/\">Continue lendo sobre os rios&#8230; <\/a><br><a href=\"https:\/\/lac.wetlands.org\/nuestro-enfoque\/costas-y-deltas-llenos-de-vida\/\">Continue lendo sobre os deltas&#8230;<\/a><\/p>\n\n\n\n<h2 class=\"wp-block-heading\"><strong>Manguezais<\/strong> <\/h2>\n\n\n\n<p>Os manguezais se formam onde os oceanos, a \u00e1gua doce e a terra se encontram. As florestas de manguezais est\u00e3o entre os ecossistemas mais complexos do planeta. Crescem sob condi\u00e7\u00f5es ambientais que matariam rapidamente plantas comuns. As florestas de manguezais est\u00e3o localizadas em regi\u00f5es tropicais e subtropicais, nas zonas de mar\u00e9 frequentemente inundadas com \u00e1gua salgada. Com uma forte queda, os manguezais ocupam hoje, na \u00c1frica, Austr\u00e1lia, \u00c1sia e Am\u00e9rica, cerca de 15,2 milh\u00f5es de hectares de costa tropical em todo o mundo.<\/p>\n\n\n\n<h3 class=\"wp-block-heading\"><strong>Por que os manguezais s\u00e3o importantes?<\/strong><\/h3>\n\n\n\n<p><strong>Redu\u00e7\u00e3o de Desastres:<\/strong> Os manguezais proporcionam prote\u00e7\u00e3o e abrigo contra eventos clim\u00e1ticos extremos, como tempestades, ventos e inunda\u00e7\u00f5es. Os manguezais absorvem e dispersam as ondas associadas a esses eventos: Um manguezal pode reduzir a for\u00e7a destrutiva de um tsunami em at\u00e9 90%.<\/p>\n\n\n\n<p><strong>Esp\u00e9cies:<\/strong> As folhas e ra\u00edzes dos manguezais fornecem nutrientes que alimentam pl\u00e2ncton, algas, peixes e mariscos. Os manguezais tamb\u00e9m abrigam muitas aves e mam\u00edferos, como os peixes-boi.<\/p>\n\n\n\n<p><strong>Mudan\u00e7a Clim\u00e1tica:<\/strong> Os manguezais competem com o potencial de armazenamento de carbono das florestas tropicais. Al\u00e9m disso, segundo muitos estudos cient\u00edficos, os manguezais sequestram at\u00e9 cinco vezes mais carbono que as florestas terrestres.<\/p>\n\n\n\n<p><a href=\"https:\/\/lac.wetlands.org\/nuestro-enfoque\/costas-y-deltas-llenos-de-vida\/\">Continue lendo sobre os manguezais&#8230;<\/a><\/p>\n\n\n\n<h2 class=\"wp-block-heading\">\u00c1reas \u00famidas <strong>de regi\u00f5es \u00e1ridas<\/strong> <\/h2>\n\n\n\n<p>As zonas \u00e1ridas e semi\u00e1ridas s\u00e3o frequentemente caracterizadas por chuvas sazonais e \u00e1reas \u00famidas que ret\u00eam a \u00e1gua mesmo depois que o restante da paisagem seca. Esses ecossistemas incluem rios, p\u00e2ntanos, lagos e nascentes que secam em algumas \u00e9pocas do ano. As regi\u00f5es \u00e1ridas est\u00e3o localizadas na \u00c1sia, Austr\u00e1lia, \u00c1frica, Oriente M\u00e9dio, Am\u00e9rica do Norte e Am\u00e9rica do Sul.<\/p>\n\n\n\n<h3 class=\"wp-block-heading\"><strong>Por que os ecossistemas aqu\u00e1ticos de regi\u00f5es \u00e1ridas s\u00e3o importantes?<\/strong><\/h3>\n\n\n\n<p><strong>Alimenta\u00e7\u00e3o:<\/strong> Esses ecossistemas s\u00e3o essenciais para os agricultores e para a cria\u00e7\u00e3o de animais, assim como para os meios de subsist\u00eancia das pessoas que pescam e coletam plantas.<\/p>\n\n\n\n<h2 class=\"wp-block-heading\">\u00c1reas \u00famidas d<strong>e altitude<\/strong> <\/h2>\n\n\n\n<p>Lagos glaciais, p\u00e2ntanos, pastagens \u00famidas, turfeiras e rios sustentam ecossistemas e servi\u00e7os \u00fanicos que mant\u00eam os meios de subsist\u00eancia das pessoas. Os ecossistemas aqu\u00e1ticos de altitude armazenam \u00e1gua da chuva e do derretimento das geleiras. Eles tamb\u00e9m s\u00e3o dep\u00f3sitos de \u00e1gua subterr\u00e2nea e acumulam sedimentos e reciclam nutrientes, melhorando tanto a quantidade quanto a qualidade da \u00e1gua.<\/p>\n\n\n\n<h3 class=\"wp-block-heading\"><strong>Por que os ecossistemas aqu\u00e1ticos de altitude s\u00e3o importantes?<\/strong><\/h3>\n\n\n\n<p><strong>Esp\u00e9cies:<\/strong> Esses ecossistemas s\u00e3o importantes pontos de parada para aves migrat\u00f3rias e \u00e1reas de reprodu\u00e7\u00e3o para aves, peixes e anf\u00edbios.<\/p>\n\n\n\n<p><strong>Redu\u00e7\u00e3o de Desastres:<\/strong> Sua capacidade de promover o crescimento da vegeta\u00e7\u00e3o diminui a eros\u00e3o do solo, amortecendo o fluxo de \u00e1gua e proporcionando um fluxo constante de \u00e1gua rio abaixo, reduzindo a severidade de desastres como deslizamentos, inunda\u00e7\u00f5es e secas.<\/p>\n\n\n\n<p><a href=\"https:\/\/lac.wetlands.org\/nuestro-enfoque\/reservas-de-agua-de-aqua-disponibles-desde-las-montanas-hasta-el-mar\/\">Continue lendo sobre os ecossistemas aqu\u00e1ticos de altitude&#8230;<\/a><\/p>\n\n\n\n<h2 class=\"wp-block-heading\"><strong>\u00c1reas \u00famidas do \u00c1rtico<\/strong> <\/h2>\n\n\n\n<p>As \u00e1reas \u00famidas s\u00e3o o principal ecossistema do \u00c1rtico. Esses turfeiras, rios, lagos e ba\u00edas rasas cobrem quase 60% da superf\u00edcie total da \u00e1rea. As \u00e1reas \u00famidas do \u00c1rtico armazenam enormes quantidades de gases de efeito estufa e s\u00e3o fundamentais para a biodiversidade global. Tamb\u00e9m s\u00e3o a principal fonte de sustento para as popula\u00e7\u00f5es ind\u00edgenas locais.<\/p>\n\n\n\n<h3 class=\"wp-block-heading\"><strong>Por que os ecossistemas aqu\u00e1ticos do \u00c1rtico s\u00e3o importantes?<\/strong><\/h3>\n\n\n\n<p><strong>Esp\u00e9cies:<\/strong> As \u00e1reas \u00famidas do \u00c1rtico oferecem habitats \u00fanicos para plantas e animais. O \u00c1rtico proporciona zonas indispens\u00e1veis de reprodu\u00e7\u00e3o e alimenta\u00e7\u00e3o para muitas esp\u00e9cies migrat\u00f3rias.<\/p>\n\n\n\n<p><strong>Modos de Vida:<\/strong> No \u00c1rtico vivem mais de quatro milh\u00f5es de pessoas, incluindo mais de 30 grupos ind\u00edgenas diferentes. As pessoas que vivem no \u00c1rtico dependem dos ecossistemas aqu\u00e1ticos para pesca, ca\u00e7a de aves aqu\u00e1ticas, coleta de plantas e pastagem para o gado.<\/p>\n\n\n\n<p><strong>Mudan\u00e7a Clim\u00e1tica:<\/strong> As \u00e1reas \u00famidas do \u00c1rtico cont\u00eam enormes reservas de carbono org\u00e2nico em seus solos e dependem do permafrost congelado para sua capacidade de armazenar carbono. \u00c0 medida que as temperaturas aumentam e o permafrost descongela, grandes quantidades de gases de efeito estufa podem ser liberadas na atmosfera.<\/p>\n","protected":false},"excerpt":{"rendered":"<p>As \u00e1reas \u00famidas se formam onde a \u00e1gua encontra a terra. Eles incluem manguezais, turfeiras e p\u00e2ntanos; rios e lagos, deltas, plan\u00edcies de inunda\u00e7\u00e3o e florestas alagadas, arrozais e tamb\u00e9m recifes de corais. Turfeiras As turfeiras s\u00e3o \u00e1reas \u00famidas com uma espessa camada de solo \u00famido composto por material vegetal morto ou em decomposi\u00e7\u00e3o. As [&hellip;]<\/p>\n","protected":false},"author":29,"featured_media":0,"parent":5928,"menu_order":0,"comment_status":"closed","ping_status":"closed","template":"","meta":{"_acf_changed":false,"_monsterinsights_skip_tracking":false,"_monsterinsights_sitenote_active":false,"_monsterinsights_sitenote_note":"","_monsterinsights_sitenote_category":0,"ep_exclude_from_search":false,"editor_notices":[],"footnotes":""},"wl_issue":[],"wl_topic":[],"wl_type":[],"class_list":["post-6204","page","type-page","status-publish","hentry"],"acf":[],"yoast_head":"<!-- This site is optimized with the Yoast SEO plugin v27.4 - https:\/\/yoast.com\/product\/yoast-seo-wordpress\/ -->\n<title>O que s\u00e3o? - Wetlands International Brazil<\/title>\n<meta name=\"robots\" content=\"index, follow, max-snippet:-1, max-image-preview:large, max-video-preview:-1\" \/>\n<link rel=\"canonical\" href=\"https:\/\/lac.wetlands.org\/pt-br\/areas-umidas\/tipos-de-areas-umidas\/\" \/>\n<meta property=\"og:locale\" content=\"pt_BR\" \/>\n<meta property=\"og:type\" content=\"article\" \/>\n<meta property=\"og:title\" content=\"O que s\u00e3o? - Wetlands International Brazil\" \/>\n<meta property=\"og:description\" content=\"As \u00e1reas \u00famidas se formam onde a \u00e1gua encontra a terra. Eles incluem manguezais, turfeiras e p\u00e2ntanos; rios e lagos, deltas, plan\u00edcies de inunda\u00e7\u00e3o e florestas alagadas, arrozais e tamb\u00e9m recifes de corais. Turfeiras As turfeiras s\u00e3o \u00e1reas \u00famidas com uma espessa camada de solo \u00famido composto por material vegetal morto ou em decomposi\u00e7\u00e3o. As [&hellip;]\" \/>\n<meta property=\"og:url\" content=\"https:\/\/lac.wetlands.org\/pt-br\/areas-umidas\/tipos-de-areas-umidas\/\" \/>\n<meta property=\"og:site_name\" content=\"Wetlands International Brazil\" \/>\n<meta property=\"article:publisher\" content=\"https:\/\/www.facebook.com\/WetlandsIntBR\" \/>\n<meta property=\"article:modified_time\" content=\"2024-09-04T19:55:37+00:00\" \/>\n<meta property=\"og:image\" content=\"https:\/\/lac.wetlands.org\/pt-br\/wp-content\/uploads\/sites\/5\/2018\/05\/Aprovada-a-Estrategia-Nacional-de-Areas-Umidas_foto-Jose-Sabino-scaled.jpg\" \/>\n\t<meta property=\"og:image:width\" content=\"2560\" \/>\n\t<meta property=\"og:image:height\" content=\"1833\" \/>\n\t<meta property=\"og:image:type\" content=\"image\/jpeg\" \/>\n<meta name=\"twitter:card\" content=\"summary_large_image\" \/>\n<meta name=\"twitter:label1\" content=\"Est. tempo de leitura\" \/>\n\t<meta name=\"twitter:data1\" content=\"6 minutos\" \/>\n<script type=\"application\/ld+json\" class=\"yoast-schema-graph\">{\"@context\":\"https:\\\/\\\/schema.org\",\"@graph\":[{\"@type\":\"WebPage\",\"@id\":\"https:\\\/\\\/lac.wetlands.org\\\/pt-br\\\/areas-umidas\\\/tipos-de-areas-umidas\\\/\",\"url\":\"https:\\\/\\\/lac.wetlands.org\\\/pt-br\\\/areas-umidas\\\/tipos-de-areas-umidas\\\/\",\"name\":\"O que s\u00e3o? - Wetlands International Brazil\",\"isPartOf\":{\"@id\":\"https:\\\/\\\/lac.wetlands.org\\\/pt-br\\\/#website\"},\"datePublished\":\"2024-06-08T18:04:00+00:00\",\"dateModified\":\"2024-09-04T19:55:37+00:00\",\"breadcrumb\":{\"@id\":\"https:\\\/\\\/lac.wetlands.org\\\/pt-br\\\/areas-umidas\\\/tipos-de-areas-umidas\\\/#breadcrumb\"},\"inLanguage\":\"pt-BR\",\"potentialAction\":[{\"@type\":\"ReadAction\",\"target\":[\"https:\\\/\\\/lac.wetlands.org\\\/pt-br\\\/areas-umidas\\\/tipos-de-areas-umidas\\\/\"]}]},{\"@type\":\"BreadcrumbList\",\"@id\":\"https:\\\/\\\/lac.wetlands.org\\\/pt-br\\\/areas-umidas\\\/tipos-de-areas-umidas\\\/#breadcrumb\",\"itemListElement\":[{\"@type\":\"ListItem\",\"position\":1,\"name\":\"Home\",\"item\":\"https:\\\/\\\/lac.wetlands.org\\\/pt-br\\\/\"},{\"@type\":\"ListItem\",\"position\":2,\"name\":\"\u00c1reas \u00damidas\",\"item\":\"https:\\\/\\\/lac.wetlands.org\\\/pt-br\\\/areas-umidas\\\/\"},{\"@type\":\"ListItem\",\"position\":3,\"name\":\"O que s\u00e3o?\"}]},{\"@type\":\"WebSite\",\"@id\":\"https:\\\/\\\/lac.wetlands.org\\\/pt-br\\\/#website\",\"url\":\"https:\\\/\\\/lac.wetlands.org\\\/pt-br\\\/\",\"name\":\"Wetlands International Brazil\",\"description\":\"Para inspirar e mobilizar a sociedade a proteger e restaurar as \u00e1reas \u00famidas para as pessoas e a natureza.\",\"publisher\":{\"@id\":\"https:\\\/\\\/lac.wetlands.org\\\/pt-br\\\/#organization\"},\"potentialAction\":[{\"@type\":\"SearchAction\",\"target\":{\"@type\":\"EntryPoint\",\"urlTemplate\":\"https:\\\/\\\/lac.wetlands.org\\\/pt-br\\\/?s={search_term_string}\"},\"query-input\":{\"@type\":\"PropertyValueSpecification\",\"valueRequired\":true,\"valueName\":\"search_term_string\"}}],\"inLanguage\":\"pt-BR\"},{\"@type\":\"Organization\",\"@id\":\"https:\\\/\\\/lac.wetlands.org\\\/pt-br\\\/#organization\",\"name\":\"Wetlands International Brazil\",\"url\":\"https:\\\/\\\/lac.wetlands.org\\\/pt-br\\\/\",\"logo\":{\"@type\":\"ImageObject\",\"inLanguage\":\"pt-BR\",\"@id\":\"https:\\\/\\\/lac.wetlands.org\\\/pt-br\\\/#\\\/schema\\\/logo\\\/image\\\/\",\"url\":\"https:\\\/\\\/lac.wetlands.org\\\/pt-br\\\/wp-content\\\/uploads\\\/sites\\\/5\\\/2024\\\/07\\\/Wetlands-International-logo-RGB-High-res-Transparente.png\",\"contentUrl\":\"https:\\\/\\\/lac.wetlands.org\\\/pt-br\\\/wp-content\\\/uploads\\\/sites\\\/5\\\/2024\\\/07\\\/Wetlands-International-logo-RGB-High-res-Transparente.png\",\"width\":1920,\"height\":949,\"caption\":\"Wetlands International Brazil\"},\"image\":{\"@id\":\"https:\\\/\\\/lac.wetlands.org\\\/pt-br\\\/#\\\/schema\\\/logo\\\/image\\\/\"},\"sameAs\":[\"https:\\\/\\\/www.facebook.com\\\/WetlandsIntBR\",\"https:\\\/\\\/www.instagram.com\\\/wetlandsintbr\\\/?hl=pt-br\\\/\",\"https:\\\/\\\/www.youtube.com\\\/channel\\\/UCQ0t8SqNdRY164b1jd2Vr5w\"]}]}<\/script>\n<!-- \/ Yoast SEO plugin. -->","yoast_head_json":{"title":"O que s\u00e3o? - Wetlands International Brazil","robots":{"index":"index","follow":"follow","max-snippet":"max-snippet:-1","max-image-preview":"max-image-preview:large","max-video-preview":"max-video-preview:-1"},"canonical":"https:\/\/lac.wetlands.org\/pt-br\/areas-umidas\/tipos-de-areas-umidas\/","og_locale":"pt_BR","og_type":"article","og_title":"O que s\u00e3o? - Wetlands International Brazil","og_description":"As \u00e1reas \u00famidas se formam onde a \u00e1gua encontra a terra. Eles incluem manguezais, turfeiras e p\u00e2ntanos; rios e lagos, deltas, plan\u00edcies de inunda\u00e7\u00e3o e florestas alagadas, arrozais e tamb\u00e9m recifes de corais. Turfeiras As turfeiras s\u00e3o \u00e1reas \u00famidas com uma espessa camada de solo \u00famido composto por material vegetal morto ou em decomposi\u00e7\u00e3o. As [&hellip;]","og_url":"https:\/\/lac.wetlands.org\/pt-br\/areas-umidas\/tipos-de-areas-umidas\/","og_site_name":"Wetlands International Brazil","article_publisher":"https:\/\/www.facebook.com\/WetlandsIntBR","article_modified_time":"2024-09-04T19:55:37+00:00","og_image":[{"width":2560,"height":1833,"url":"https:\/\/lac.wetlands.org\/pt-br\/wp-content\/uploads\/sites\/5\/2018\/05\/Aprovada-a-Estrategia-Nacional-de-Areas-Umidas_foto-Jose-Sabino-scaled.jpg","type":"image\/jpeg"}],"twitter_card":"summary_large_image","twitter_misc":{"Est. tempo de leitura":"6 minutos"},"schema":{"@context":"https:\/\/schema.org","@graph":[{"@type":"WebPage","@id":"https:\/\/lac.wetlands.org\/pt-br\/areas-umidas\/tipos-de-areas-umidas\/","url":"https:\/\/lac.wetlands.org\/pt-br\/areas-umidas\/tipos-de-areas-umidas\/","name":"O que s\u00e3o? - Wetlands International Brazil","isPartOf":{"@id":"https:\/\/lac.wetlands.org\/pt-br\/#website"},"datePublished":"2024-06-08T18:04:00+00:00","dateModified":"2024-09-04T19:55:37+00:00","breadcrumb":{"@id":"https:\/\/lac.wetlands.org\/pt-br\/areas-umidas\/tipos-de-areas-umidas\/#breadcrumb"},"inLanguage":"pt-BR","potentialAction":[{"@type":"ReadAction","target":["https:\/\/lac.wetlands.org\/pt-br\/areas-umidas\/tipos-de-areas-umidas\/"]}]},{"@type":"BreadcrumbList","@id":"https:\/\/lac.wetlands.org\/pt-br\/areas-umidas\/tipos-de-areas-umidas\/#breadcrumb","itemListElement":[{"@type":"ListItem","position":1,"name":"Home","item":"https:\/\/lac.wetlands.org\/pt-br\/"},{"@type":"ListItem","position":2,"name":"\u00c1reas \u00damidas","item":"https:\/\/lac.wetlands.org\/pt-br\/areas-umidas\/"},{"@type":"ListItem","position":3,"name":"O que s\u00e3o?"}]},{"@type":"WebSite","@id":"https:\/\/lac.wetlands.org\/pt-br\/#website","url":"https:\/\/lac.wetlands.org\/pt-br\/","name":"Wetlands International Brazil","description":"Para inspirar e mobilizar a sociedade a proteger e restaurar as \u00e1reas \u00famidas para as pessoas e a natureza.","publisher":{"@id":"https:\/\/lac.wetlands.org\/pt-br\/#organization"},"potentialAction":[{"@type":"SearchAction","target":{"@type":"EntryPoint","urlTemplate":"https:\/\/lac.wetlands.org\/pt-br\/?s={search_term_string}"},"query-input":{"@type":"PropertyValueSpecification","valueRequired":true,"valueName":"search_term_string"}}],"inLanguage":"pt-BR"},{"@type":"Organization","@id":"https:\/\/lac.wetlands.org\/pt-br\/#organization","name":"Wetlands International Brazil","url":"https:\/\/lac.wetlands.org\/pt-br\/","logo":{"@type":"ImageObject","inLanguage":"pt-BR","@id":"https:\/\/lac.wetlands.org\/pt-br\/#\/schema\/logo\/image\/","url":"https:\/\/lac.wetlands.org\/pt-br\/wp-content\/uploads\/sites\/5\/2024\/07\/Wetlands-International-logo-RGB-High-res-Transparente.png","contentUrl":"https:\/\/lac.wetlands.org\/pt-br\/wp-content\/uploads\/sites\/5\/2024\/07\/Wetlands-International-logo-RGB-High-res-Transparente.png","width":1920,"height":949,"caption":"Wetlands International Brazil"},"image":{"@id":"https:\/\/lac.wetlands.org\/pt-br\/#\/schema\/logo\/image\/"},"sameAs":["https:\/\/www.facebook.com\/WetlandsIntBR","https:\/\/www.instagram.com\/wetlandsintbr\/?hl=pt-br\/","https:\/\/www.youtube.com\/channel\/UCQ0t8SqNdRY164b1jd2Vr5w"]}]}},"_links":{"self":[{"href":"https:\/\/lac.wetlands.org\/pt-br\/wp-json\/wp\/v2\/pages\/6204"}],"collection":[{"href":"https:\/\/lac.wetlands.org\/pt-br\/wp-json\/wp\/v2\/pages"}],"about":[{"href":"https:\/\/lac.wetlands.org\/pt-br\/wp-json\/wp\/v2\/types\/page"}],"author":[{"embeddable":true,"href":"https:\/\/lac.wetlands.org\/pt-br\/wp-json\/wp\/v2\/users\/29"}],"replies":[{"embeddable":true,"href":"https:\/\/lac.wetlands.org\/pt-br\/wp-json\/wp\/v2\/comments?post=6204"}],"version-history":[{"count":3,"href":"https:\/\/lac.wetlands.org\/pt-br\/wp-json\/wp\/v2\/pages\/6204\/revisions"}],"predecessor-version":[{"id":6210,"href":"https:\/\/lac.wetlands.org\/pt-br\/wp-json\/wp\/v2\/pages\/6204\/revisions\/6210"}],"up":[{"embeddable":true,"href":"https:\/\/lac.wetlands.org\/pt-br\/wp-json\/wp\/v2\/pages\/5928"}],"wp:attachment":[{"href":"https:\/\/lac.wetlands.org\/pt-br\/wp-json\/wp\/v2\/media?parent=6204"}],"wp:term":[{"taxonomy":"wl_issue","embeddable":true,"href":"https:\/\/lac.wetlands.org\/pt-br\/wp-json\/wp\/v2\/wl_issue?post=6204"},{"taxonomy":"wl_topic","embeddable":true,"href":"https:\/\/lac.wetlands.org\/pt-br\/wp-json\/wp\/v2\/wl_topic?post=6204"},{"taxonomy":"wl_type","embeddable":true,"href":"https:\/\/lac.wetlands.org\/pt-br\/wp-json\/wp\/v2\/wl_type?post=6204"}],"curies":[{"name":"wp","href":"https:\/\/api.w.org\/{rel}","templated":true}]}}