{"id":6223,"date":"2024-09-04T16:09:40","date_gmt":"2024-09-04T20:09:40","guid":{"rendered":"https:\/\/lac.wetlands.org\/pt-br\/?page_id=6223"},"modified":"2024-09-04T16:22:05","modified_gmt":"2024-09-04T20:22:05","slug":"sua-importancia","status":"publish","type":"page","link":"https:\/\/lac.wetlands.org\/pt-br\/areas-umidas\/sua-importancia\/","title":{"rendered":"Sua import\u00e2ncia"},"content":{"rendered":"\n<p>As \u00e1reas \u00famidas cobrem uma pequena porcentagem da superf\u00edcie terrestre, no entanto, s\u00e3o sistemas essenciais. S\u00e3o as art\u00e9rias e veias da paisagem. S\u00e3o ricas em biodiversidade e vitais para a vida humana. Funcionam como fontes de \u00e1gua e purificadores, e protegem as costas. S\u00e3o os maiores dep\u00f3sitos de carbono natural do planeta. S\u00e3o cruciais para a agricultura e a pesca. Um mundo sem \u00e1reas \u00famidas \u00e9 um mundo sem \u00e1gua. As \u00e1reas \u00famidas s\u00e3o uma fonte de:<\/p>\n\n\n\n<figure class=\"wp-block-image size-full is-resized\"><img loading=\"lazy\" decoding=\"async\" width=\"180\" height=\"180\" src=\"https:\/\/lac.wetlands.org\/pt-br\/wp-content\/uploads\/sites\/5\/2024\/09\/Diseno-prosperidade.png\" alt=\"\" class=\"wp-image-6227\" style=\"width:102px\" srcset=\"https:\/\/lac.wetlands.org\/pt-br\/wp-content\/uploads\/sites\/5\/2024\/09\/Diseno-prosperidade.png 180w, https:\/\/lac.wetlands.org\/pt-br\/wp-content\/uploads\/sites\/5\/2024\/09\/Diseno-prosperidade-150x150.png 150w\" sizes=\"(max-width: 180px) 100vw, 180px\" \/><\/figure>\n\n\n\n<p><strong>Prosperidade<\/strong><br>As \u00e1reas \u00famidas s\u00e3o frequentemente motores da economia local. Por meio do uso racional dessas \u00e1reas e da diversifica\u00e7\u00e3o dos meios de vida para as comunidades locais, \u00e9 poss\u00edvel reverter a tend\u00eancia global de perda dessas \u00e1reas, pobreza e desigualdade.<\/p>\n\n\n\n<figure class=\"wp-block-image size-full is-resized\"><img loading=\"lazy\" decoding=\"async\" width=\"180\" height=\"180\" src=\"https:\/\/lac.wetlands.org\/pt-br\/wp-content\/uploads\/sites\/5\/2024\/09\/Diseno-agua-limpa.png\" alt=\"\" class=\"wp-image-6230\" style=\"width:102px\" srcset=\"https:\/\/lac.wetlands.org\/pt-br\/wp-content\/uploads\/sites\/5\/2024\/09\/Diseno-agua-limpa.png 180w, https:\/\/lac.wetlands.org\/pt-br\/wp-content\/uploads\/sites\/5\/2024\/09\/Diseno-agua-limpa-150x150.png 150w\" sizes=\"(max-width: 180px) 100vw, 180px\" \/><\/figure>\n\n\n\n<p><strong>\u00c1gua limpa suficiente<\/strong><br>A demanda por \u00e1gua est\u00e1 crescendo a mais do que o dobro da taxa de aumento da popula\u00e7\u00e3o. Atualmente, a competi\u00e7\u00e3o entre a \u00e1gua para consumo humano, agricultura e energia est\u00e1 se intensificando. Ao melhorar a distribui\u00e7\u00e3o da \u00e1gua e restaurar as \u00e1reas \u00famidas, os suprimentos de \u00e1gua podem ser garantidos.<\/p>\n\n\n\n<figure class=\"wp-block-image size-full is-resized\"><img loading=\"lazy\" decoding=\"async\" width=\"250\" height=\"250\" src=\"https:\/\/lac.wetlands.org\/pt-br\/wp-content\/uploads\/sites\/5\/2024\/09\/Diseno-alimento.png\" alt=\"\" class=\"wp-image-6233\" style=\"width:102px\" srcset=\"https:\/\/lac.wetlands.org\/pt-br\/wp-content\/uploads\/sites\/5\/2024\/09\/Diseno-alimento.png 250w, https:\/\/lac.wetlands.org\/pt-br\/wp-content\/uploads\/sites\/5\/2024\/09\/Diseno-alimento-150x150.png 150w\" sizes=\"(max-width: 250px) 100vw, 250px\" \/><\/figure>\n\n\n\n<p><strong>Alimento abundante<\/strong><br>Ajustando as pr\u00e1ticas de manejo da \u00e1gua e da agricultura em zonas \u00famidas e incorporando as \u00e1reas \u00famidas em paisagens agr\u00edcolas, a seguran\u00e7a alimentar a longo prazo ser\u00e1 assegurada e a diversidade biol\u00f3gica poder\u00e1 ser aumentada.<\/p>\n\n\n\n<figure class=\"wp-block-image size-full is-resized\"><img loading=\"lazy\" decoding=\"async\" width=\"250\" height=\"250\" src=\"https:\/\/lac.wetlands.org\/pt-br\/wp-content\/uploads\/sites\/5\/2024\/09\/Diseno-protecao.png\" alt=\"\" class=\"wp-image-6234\" style=\"width:102px\" srcset=\"https:\/\/lac.wetlands.org\/pt-br\/wp-content\/uploads\/sites\/5\/2024\/09\/Diseno-protecao.png 250w, https:\/\/lac.wetlands.org\/pt-br\/wp-content\/uploads\/sites\/5\/2024\/09\/Diseno-protecao-150x150.png 150w\" sizes=\"(max-width: 250px) 100vw, 250px\" \/><\/figure>\n\n\n\n<p><strong>Prote\u00e7\u00e3o contra desastres<\/strong><br>Devido \u00e0s mudan\u00e7as clim\u00e1ticas, \u00e0 falta de planejamento do desenvolvimento e \u00e0 degrada\u00e7\u00e3o ambiental, os impactos de desastres provocados por eventos naturais, bem como os provocados pelo homem, est\u00e3o aumentando. Noventa por cento dos desastres est\u00e3o relacionados \u00e0 \u00e1gua. Reverter a perda e o dano \u00e0s \u00e1reas \u00famidas pode ser parte da solu\u00e7\u00e3o.<\/p>\n\n\n\n<figure class=\"wp-block-image size-full is-resized\"><img loading=\"lazy\" decoding=\"async\" width=\"250\" height=\"250\" src=\"https:\/\/lac.wetlands.org\/pt-br\/wp-content\/uploads\/sites\/5\/2024\/09\/Diseno-carbono.png\" alt=\"\" class=\"wp-image-6235\" style=\"width:102px\" srcset=\"https:\/\/lac.wetlands.org\/pt-br\/wp-content\/uploads\/sites\/5\/2024\/09\/Diseno-carbono.png 250w, https:\/\/lac.wetlands.org\/pt-br\/wp-content\/uploads\/sites\/5\/2024\/09\/Diseno-carbono-150x150.png 150w\" sizes=\"(max-width: 250px) 100vw, 250px\" \/><\/figure>\n\n\n\n<p><strong>Armazenamento de carbono<\/strong><br>As \u00e1reas \u00famidas est\u00e3o entre os principais dep\u00f3sitos de carbono da Terra. Por meio da conserva\u00e7\u00e3o e restaura\u00e7\u00e3o dessas \u00e1reas ricas em carbono, podemos reduzir as emiss\u00f5es de carbono e aumentar a capacidade de adapta\u00e7\u00e3o \u00e0s mudan\u00e7as clim\u00e1ticas, al\u00e9m de melhorar a biodiversidade, a seguran\u00e7a h\u00eddrica e o bem-estar humano.<\/p>\n\n\n\n<figure class=\"wp-block-image size-full is-resized\"><img loading=\"lazy\" decoding=\"async\" width=\"250\" height=\"250\" src=\"https:\/\/lac.wetlands.org\/pt-br\/wp-content\/uploads\/sites\/5\/2024\/09\/Diseno-natureza-diversa.png\" alt=\"\" class=\"wp-image-6236\" style=\"width:102px\" srcset=\"https:\/\/lac.wetlands.org\/pt-br\/wp-content\/uploads\/sites\/5\/2024\/09\/Diseno-natureza-diversa.png 250w, https:\/\/lac.wetlands.org\/pt-br\/wp-content\/uploads\/sites\/5\/2024\/09\/Diseno-natureza-diversa-150x150.png 150w\" sizes=\"(max-width: 250px) 100vw, 250px\" \/><\/figure>\n\n\n\n<p><strong>Natureza diversa e bela<\/strong><br>Embora as \u00e1reas \u00famidas sustentem uma natureza abundante e \u00fanica, a biodiversidade de \u00e1gua doce tem diminu\u00eddo drasticamente desde a d\u00e9cada de 1970. A\u00e7\u00f5es urgentes e coordenadas por indiv\u00edduos, grupos da sociedade civil, governos e o setor privado s\u00e3o necess\u00e1rias para reverter essa tend\u00eancia.<\/p>\n","protected":false},"excerpt":{"rendered":"<p>As \u00e1reas \u00famidas cobrem uma pequena porcentagem da superf\u00edcie terrestre, no entanto, s\u00e3o sistemas essenciais. S\u00e3o as art\u00e9rias e veias da paisagem. S\u00e3o ricas em biodiversidade e vitais para a vida humana. Funcionam como fontes de \u00e1gua e purificadores, e protegem as costas. S\u00e3o os maiores dep\u00f3sitos de carbono natural do planeta. S\u00e3o cruciais para [&hellip;]<\/p>\n","protected":false},"author":29,"featured_media":0,"parent":5928,"menu_order":0,"comment_status":"closed","ping_status":"closed","template":"","meta":{"_acf_changed":false,"_monsterinsights_skip_tracking":false,"_monsterinsights_sitenote_active":false,"_monsterinsights_sitenote_note":"","_monsterinsights_sitenote_category":0,"ep_exclude_from_search":false,"editor_notices":[],"footnotes":""},"wl_issue":[],"wl_topic":[],"wl_type":[],"class_list":["post-6223","page","type-page","status-publish","hentry"],"acf":[],"yoast_head":"<!-- This site is optimized with the Yoast SEO plugin v27.4 - https:\/\/yoast.com\/product\/yoast-seo-wordpress\/ -->\n<title>Sua import\u00e2ncia - Wetlands International Brazil<\/title>\n<meta name=\"robots\" content=\"index, follow, max-snippet:-1, max-image-preview:large, max-video-preview:-1\" \/>\n<link rel=\"canonical\" href=\"https:\/\/lac.wetlands.org\/pt-br\/areas-umidas\/sua-importancia\/\" \/>\n<meta property=\"og:locale\" content=\"pt_BR\" \/>\n<meta property=\"og:type\" content=\"article\" \/>\n<meta property=\"og:title\" content=\"Sua import\u00e2ncia - Wetlands International Brazil\" \/>\n<meta property=\"og:description\" content=\"As \u00e1reas \u00famidas cobrem uma pequena porcentagem da superf\u00edcie terrestre, no entanto, s\u00e3o sistemas essenciais. S\u00e3o as art\u00e9rias e veias da paisagem. S\u00e3o ricas em biodiversidade e vitais para a vida humana. Funcionam como fontes de \u00e1gua e purificadores, e protegem as costas. S\u00e3o os maiores dep\u00f3sitos de carbono natural do planeta. S\u00e3o cruciais para [&hellip;]\" \/>\n<meta property=\"og:url\" content=\"https:\/\/lac.wetlands.org\/pt-br\/areas-umidas\/sua-importancia\/\" \/>\n<meta property=\"og:site_name\" content=\"Wetlands International Brazil\" \/>\n<meta property=\"article:publisher\" content=\"https:\/\/www.facebook.com\/WetlandsIntBR\" \/>\n<meta property=\"article:modified_time\" content=\"2024-09-04T20:22:05+00:00\" \/>\n<meta property=\"og:image\" content=\"https:\/\/lac.wetlands.org\/pt-br\/wp-content\/uploads\/sites\/5\/2024\/09\/Diseno-prosperidade.png\" \/>\n<meta name=\"twitter:card\" content=\"summary_large_image\" \/>\n<meta name=\"twitter:label1\" content=\"Est. tempo de leitura\" \/>\n\t<meta name=\"twitter:data1\" content=\"4 minutos\" \/>\n<script type=\"application\/ld+json\" class=\"yoast-schema-graph\">{\"@context\":\"https:\\\/\\\/schema.org\",\"@graph\":[{\"@type\":\"WebPage\",\"@id\":\"https:\\\/\\\/lac.wetlands.org\\\/pt-br\\\/areas-umidas\\\/sua-importancia\\\/\",\"url\":\"https:\\\/\\\/lac.wetlands.org\\\/pt-br\\\/areas-umidas\\\/sua-importancia\\\/\",\"name\":\"Sua import\u00e2ncia - Wetlands International Brazil\",\"isPartOf\":{\"@id\":\"https:\\\/\\\/lac.wetlands.org\\\/pt-br\\\/#website\"},\"primaryImageOfPage\":{\"@id\":\"https:\\\/\\\/lac.wetlands.org\\\/pt-br\\\/areas-umidas\\\/sua-importancia\\\/#primaryimage\"},\"image\":{\"@id\":\"https:\\\/\\\/lac.wetlands.org\\\/pt-br\\\/areas-umidas\\\/sua-importancia\\\/#primaryimage\"},\"thumbnailUrl\":\"https:\\\/\\\/lac.wetlands.org\\\/pt-br\\\/wp-content\\\/uploads\\\/sites\\\/5\\\/2024\\\/09\\\/Diseno-prosperidade.png\",\"datePublished\":\"2024-09-04T20:09:40+00:00\",\"dateModified\":\"2024-09-04T20:22:05+00:00\",\"breadcrumb\":{\"@id\":\"https:\\\/\\\/lac.wetlands.org\\\/pt-br\\\/areas-umidas\\\/sua-importancia\\\/#breadcrumb\"},\"inLanguage\":\"pt-BR\",\"potentialAction\":[{\"@type\":\"ReadAction\",\"target\":[\"https:\\\/\\\/lac.wetlands.org\\\/pt-br\\\/areas-umidas\\\/sua-importancia\\\/\"]}]},{\"@type\":\"ImageObject\",\"inLanguage\":\"pt-BR\",\"@id\":\"https:\\\/\\\/lac.wetlands.org\\\/pt-br\\\/areas-umidas\\\/sua-importancia\\\/#primaryimage\",\"url\":\"https:\\\/\\\/lac.wetlands.org\\\/pt-br\\\/wp-content\\\/uploads\\\/sites\\\/5\\\/2024\\\/09\\\/Diseno-prosperidade.png\",\"contentUrl\":\"https:\\\/\\\/lac.wetlands.org\\\/pt-br\\\/wp-content\\\/uploads\\\/sites\\\/5\\\/2024\\\/09\\\/Diseno-prosperidade.png\",\"width\":180,\"height\":180},{\"@type\":\"BreadcrumbList\",\"@id\":\"https:\\\/\\\/lac.wetlands.org\\\/pt-br\\\/areas-umidas\\\/sua-importancia\\\/#breadcrumb\",\"itemListElement\":[{\"@type\":\"ListItem\",\"position\":1,\"name\":\"Home\",\"item\":\"https:\\\/\\\/lac.wetlands.org\\\/pt-br\\\/\"},{\"@type\":\"ListItem\",\"position\":2,\"name\":\"\u00c1reas \u00damidas\",\"item\":\"https:\\\/\\\/lac.wetlands.org\\\/pt-br\\\/areas-umidas\\\/\"},{\"@type\":\"ListItem\",\"position\":3,\"name\":\"Sua import\u00e2ncia\"}]},{\"@type\":\"WebSite\",\"@id\":\"https:\\\/\\\/lac.wetlands.org\\\/pt-br\\\/#website\",\"url\":\"https:\\\/\\\/lac.wetlands.org\\\/pt-br\\\/\",\"name\":\"Wetlands International Brazil\",\"description\":\"Para inspirar e mobilizar a sociedade a proteger e restaurar as \u00e1reas \u00famidas para as pessoas e a natureza.\",\"publisher\":{\"@id\":\"https:\\\/\\\/lac.wetlands.org\\\/pt-br\\\/#organization\"},\"potentialAction\":[{\"@type\":\"SearchAction\",\"target\":{\"@type\":\"EntryPoint\",\"urlTemplate\":\"https:\\\/\\\/lac.wetlands.org\\\/pt-br\\\/?s={search_term_string}\"},\"query-input\":{\"@type\":\"PropertyValueSpecification\",\"valueRequired\":true,\"valueName\":\"search_term_string\"}}],\"inLanguage\":\"pt-BR\"},{\"@type\":\"Organization\",\"@id\":\"https:\\\/\\\/lac.wetlands.org\\\/pt-br\\\/#organization\",\"name\":\"Wetlands International Brazil\",\"url\":\"https:\\\/\\\/lac.wetlands.org\\\/pt-br\\\/\",\"logo\":{\"@type\":\"ImageObject\",\"inLanguage\":\"pt-BR\",\"@id\":\"https:\\\/\\\/lac.wetlands.org\\\/pt-br\\\/#\\\/schema\\\/logo\\\/image\\\/\",\"url\":\"https:\\\/\\\/lac.wetlands.org\\\/pt-br\\\/wp-content\\\/uploads\\\/sites\\\/5\\\/2024\\\/07\\\/Wetlands-International-logo-RGB-High-res-Transparente.png\",\"contentUrl\":\"https:\\\/\\\/lac.wetlands.org\\\/pt-br\\\/wp-content\\\/uploads\\\/sites\\\/5\\\/2024\\\/07\\\/Wetlands-International-logo-RGB-High-res-Transparente.png\",\"width\":1920,\"height\":949,\"caption\":\"Wetlands International Brazil\"},\"image\":{\"@id\":\"https:\\\/\\\/lac.wetlands.org\\\/pt-br\\\/#\\\/schema\\\/logo\\\/image\\\/\"},\"sameAs\":[\"https:\\\/\\\/www.facebook.com\\\/WetlandsIntBR\",\"https:\\\/\\\/www.instagram.com\\\/wetlandsintbr\\\/?hl=pt-br\\\/\",\"https:\\\/\\\/www.youtube.com\\\/channel\\\/UCQ0t8SqNdRY164b1jd2Vr5w\"]}]}<\/script>\n<!-- \/ Yoast SEO plugin. -->","yoast_head_json":{"title":"Sua import\u00e2ncia - Wetlands International Brazil","robots":{"index":"index","follow":"follow","max-snippet":"max-snippet:-1","max-image-preview":"max-image-preview:large","max-video-preview":"max-video-preview:-1"},"canonical":"https:\/\/lac.wetlands.org\/pt-br\/areas-umidas\/sua-importancia\/","og_locale":"pt_BR","og_type":"article","og_title":"Sua import\u00e2ncia - Wetlands International Brazil","og_description":"As \u00e1reas \u00famidas cobrem uma pequena porcentagem da superf\u00edcie terrestre, no entanto, s\u00e3o sistemas essenciais. S\u00e3o as art\u00e9rias e veias da paisagem. S\u00e3o ricas em biodiversidade e vitais para a vida humana. Funcionam como fontes de \u00e1gua e purificadores, e protegem as costas. S\u00e3o os maiores dep\u00f3sitos de carbono natural do planeta. S\u00e3o cruciais para [&hellip;]","og_url":"https:\/\/lac.wetlands.org\/pt-br\/areas-umidas\/sua-importancia\/","og_site_name":"Wetlands International Brazil","article_publisher":"https:\/\/www.facebook.com\/WetlandsIntBR","article_modified_time":"2024-09-04T20:22:05+00:00","og_image":[{"url":"https:\/\/lac.wetlands.org\/pt-br\/wp-content\/uploads\/sites\/5\/2024\/09\/Diseno-prosperidade.png","type":"","width":"","height":""}],"twitter_card":"summary_large_image","twitter_misc":{"Est. tempo de leitura":"4 minutos"},"schema":{"@context":"https:\/\/schema.org","@graph":[{"@type":"WebPage","@id":"https:\/\/lac.wetlands.org\/pt-br\/areas-umidas\/sua-importancia\/","url":"https:\/\/lac.wetlands.org\/pt-br\/areas-umidas\/sua-importancia\/","name":"Sua import\u00e2ncia - Wetlands International Brazil","isPartOf":{"@id":"https:\/\/lac.wetlands.org\/pt-br\/#website"},"primaryImageOfPage":{"@id":"https:\/\/lac.wetlands.org\/pt-br\/areas-umidas\/sua-importancia\/#primaryimage"},"image":{"@id":"https:\/\/lac.wetlands.org\/pt-br\/areas-umidas\/sua-importancia\/#primaryimage"},"thumbnailUrl":"https:\/\/lac.wetlands.org\/pt-br\/wp-content\/uploads\/sites\/5\/2024\/09\/Diseno-prosperidade.png","datePublished":"2024-09-04T20:09:40+00:00","dateModified":"2024-09-04T20:22:05+00:00","breadcrumb":{"@id":"https:\/\/lac.wetlands.org\/pt-br\/areas-umidas\/sua-importancia\/#breadcrumb"},"inLanguage":"pt-BR","potentialAction":[{"@type":"ReadAction","target":["https:\/\/lac.wetlands.org\/pt-br\/areas-umidas\/sua-importancia\/"]}]},{"@type":"ImageObject","inLanguage":"pt-BR","@id":"https:\/\/lac.wetlands.org\/pt-br\/areas-umidas\/sua-importancia\/#primaryimage","url":"https:\/\/lac.wetlands.org\/pt-br\/wp-content\/uploads\/sites\/5\/2024\/09\/Diseno-prosperidade.png","contentUrl":"https:\/\/lac.wetlands.org\/pt-br\/wp-content\/uploads\/sites\/5\/2024\/09\/Diseno-prosperidade.png","width":180,"height":180},{"@type":"BreadcrumbList","@id":"https:\/\/lac.wetlands.org\/pt-br\/areas-umidas\/sua-importancia\/#breadcrumb","itemListElement":[{"@type":"ListItem","position":1,"name":"Home","item":"https:\/\/lac.wetlands.org\/pt-br\/"},{"@type":"ListItem","position":2,"name":"\u00c1reas \u00damidas","item":"https:\/\/lac.wetlands.org\/pt-br\/areas-umidas\/"},{"@type":"ListItem","position":3,"name":"Sua import\u00e2ncia"}]},{"@type":"WebSite","@id":"https:\/\/lac.wetlands.org\/pt-br\/#website","url":"https:\/\/lac.wetlands.org\/pt-br\/","name":"Wetlands International Brazil","description":"Para inspirar e mobilizar a sociedade a proteger e restaurar as \u00e1reas \u00famidas para as pessoas e a natureza.","publisher":{"@id":"https:\/\/lac.wetlands.org\/pt-br\/#organization"},"potentialAction":[{"@type":"SearchAction","target":{"@type":"EntryPoint","urlTemplate":"https:\/\/lac.wetlands.org\/pt-br\/?s={search_term_string}"},"query-input":{"@type":"PropertyValueSpecification","valueRequired":true,"valueName":"search_term_string"}}],"inLanguage":"pt-BR"},{"@type":"Organization","@id":"https:\/\/lac.wetlands.org\/pt-br\/#organization","name":"Wetlands International Brazil","url":"https:\/\/lac.wetlands.org\/pt-br\/","logo":{"@type":"ImageObject","inLanguage":"pt-BR","@id":"https:\/\/lac.wetlands.org\/pt-br\/#\/schema\/logo\/image\/","url":"https:\/\/lac.wetlands.org\/pt-br\/wp-content\/uploads\/sites\/5\/2024\/07\/Wetlands-International-logo-RGB-High-res-Transparente.png","contentUrl":"https:\/\/lac.wetlands.org\/pt-br\/wp-content\/uploads\/sites\/5\/2024\/07\/Wetlands-International-logo-RGB-High-res-Transparente.png","width":1920,"height":949,"caption":"Wetlands International Brazil"},"image":{"@id":"https:\/\/lac.wetlands.org\/pt-br\/#\/schema\/logo\/image\/"},"sameAs":["https:\/\/www.facebook.com\/WetlandsIntBR","https:\/\/www.instagram.com\/wetlandsintbr\/?hl=pt-br\/","https:\/\/www.youtube.com\/channel\/UCQ0t8SqNdRY164b1jd2Vr5w"]}]}},"_links":{"self":[{"href":"https:\/\/lac.wetlands.org\/pt-br\/wp-json\/wp\/v2\/pages\/6223"}],"collection":[{"href":"https:\/\/lac.wetlands.org\/pt-br\/wp-json\/wp\/v2\/pages"}],"about":[{"href":"https:\/\/lac.wetlands.org\/pt-br\/wp-json\/wp\/v2\/types\/page"}],"author":[{"embeddable":true,"href":"https:\/\/lac.wetlands.org\/pt-br\/wp-json\/wp\/v2\/users\/29"}],"replies":[{"embeddable":true,"href":"https:\/\/lac.wetlands.org\/pt-br\/wp-json\/wp\/v2\/comments?post=6223"}],"version-history":[{"count":4,"href":"https:\/\/lac.wetlands.org\/pt-br\/wp-json\/wp\/v2\/pages\/6223\/revisions"}],"predecessor-version":[{"id":6237,"href":"https:\/\/lac.wetlands.org\/pt-br\/wp-json\/wp\/v2\/pages\/6223\/revisions\/6237"}],"up":[{"embeddable":true,"href":"https:\/\/lac.wetlands.org\/pt-br\/wp-json\/wp\/v2\/pages\/5928"}],"wp:attachment":[{"href":"https:\/\/lac.wetlands.org\/pt-br\/wp-json\/wp\/v2\/media?parent=6223"}],"wp:term":[{"taxonomy":"wl_issue","embeddable":true,"href":"https:\/\/lac.wetlands.org\/pt-br\/wp-json\/wp\/v2\/wl_issue?post=6223"},{"taxonomy":"wl_topic","embeddable":true,"href":"https:\/\/lac.wetlands.org\/pt-br\/wp-json\/wp\/v2\/wl_topic?post=6223"},{"taxonomy":"wl_type","embeddable":true,"href":"https:\/\/lac.wetlands.org\/pt-br\/wp-json\/wp\/v2\/wl_type?post=6223"}],"curies":[{"name":"wp","href":"https:\/\/api.w.org\/{rel}","templated":true}]}}