{"id":6264,"date":"2024-09-04T17:11:15","date_gmt":"2024-09-04T21:11:15","guid":{"rendered":"https:\/\/lac.wetlands.org\/pt-br\/?page_id=6264"},"modified":"2024-10-13T20:40:35","modified_gmt":"2024-10-14T00:40:35","slug":"noticias-e-insights","status":"publish","type":"page","link":"https:\/\/lac.wetlands.org\/pt-br\/noticias-e-insights\/","title":{"rendered":"Not\u00edcias e Publica\u00e7\u00f5es"},"content":{"rendered":"\n\t\n\t<div class=\"alignwide\" data-name=\"acf\/block-image-text\">\n\t\t\n<div class=\"image-text\">\n\t<div class=\"grid grid-cols-1 gap-4 md:grid-cols-2 sm:gap-8 lg:items-center md:gap-0\">\n\t\t<div class=\"col-span-1\">\n\t\t\t<div class=\"image-text__content\">\n\t\t\t\t<div class=\"flex flex-col gap-4 lg:gap-8\">\n\t\t\t\t\t<h2 class=\"image-text__heading\">Not\u00edcias<\/h2>\n\n\t\t\t\t\t<div class=\"image-text__text\">\n\t\t\t\t\t\t<p>Acesse nossas not\u00edcias no link abaixo<\/p>\n\n\t\t\t\t\t<\/div>\n\n\t\t\t\t\t\t\t\t\t\t\t<ul class=\"flex flex-wrap items-center gap-4\">\n\t\t\t\t\t\t\t\t\t\t\t\t\t\t\t<li>\n\t\t\t\t\t\t\t\t\t\t\t\t\t\t\t\t\t\t\n\n\t<a\n\t\thref=\"https&#x3A;&#x2F;&#x2F;lac.wetlands.org&#x2F;pt-br&#x2F;noticias&#x2F;\"\n\t\tclass=\"btn btn--primary&#x20;btn--full\"\n\t\t\t\t\t\t\t>\n\t\t\n\t\t\t\t\t<span class=\"btn__text\">\n\t\t\t\tSaiba mais\n\n\t\t\t\t\t\t\t<\/span>\n\t\t\n\t\t\t\t\t\t\n\t\t\t<\/a>\n\t\t\t\t\t\t\t\t<\/li>\n\t\t\t\t\t\t\t\t\t\t\t\t\t<\/ul>\n\t\t\t\t\t\t\t\t\t<\/div>\n\t\t\t<\/div>\n\t\t<\/div>\n\t\t<div class=\"col-span-1 order-first md:order-first\">\n\t\t\t<div class=\"image-text__thumbnail\">\n\t\t\t\t<img loading=\"lazy\" decoding=\"async\" width=\"960\" height=\"540\" src=\"https:\/\/lac.wetlands.org\/pt-br\/wp-content\/uploads\/sites\/5\/2024\/06\/REUNIAO_IMASUL_25ABR-960x540-1.jpg\" class=\"attachment-large size-large\" alt=\"\" srcset=\"https:\/\/lac.wetlands.org\/pt-br\/wp-content\/uploads\/sites\/5\/2024\/06\/REUNIAO_IMASUL_25ABR-960x540-1.jpg 960w, https:\/\/lac.wetlands.org\/pt-br\/wp-content\/uploads\/sites\/5\/2024\/06\/REUNIAO_IMASUL_25ABR-960x540-1-300x169.jpg 300w, https:\/\/lac.wetlands.org\/pt-br\/wp-content\/uploads\/sites\/5\/2024\/06\/REUNIAO_IMASUL_25ABR-960x540-1-768x432.jpg 768w, https:\/\/lac.wetlands.org\/pt-br\/wp-content\/uploads\/sites\/5\/2024\/06\/REUNIAO_IMASUL_25ABR-960x540-1-958x540.jpg 958w\" sizes=\"(max-width: 960px) 100vw, 960px\" \/>\n\t\t\t<\/div>\n\t\t<\/div>\n\t<\/div>\n<\/div>\n\t<\/div>\n\n\n\n\t\n\t<div class=\"alignwide\" data-name=\"acf\/block-image-text\">\n\t\t\n<div class=\"image-text\">\n\t<div class=\"grid grid-cols-1 gap-4 md:grid-cols-2 sm:gap-8 lg:items-center md:gap-0\">\n\t\t<div class=\"col-span-1\">\n\t\t\t<div class=\"image-text__content\">\n\t\t\t\t<div class=\"flex flex-col gap-4 lg:gap-8\">\n\t\t\t\t\t<h2 class=\"image-text__heading\">Publica\u00e7\u00f5es<\/h2>\n\n\t\t\t\t\t<div class=\"image-text__text\">\n\t\t\t\t\t\t<p>Acesse nossos materiais no link abaixo<\/p>\n\n\t\t\t\t\t<\/div>\n\n\t\t\t\t\t\t\t\t\t\t\t<ul class=\"flex flex-wrap items-center gap-4\">\n\t\t\t\t\t\t\t\t\t\t\t\t\t\t\t<li>\n\t\t\t\t\t\t\t\t\t\t\t\t\t\t\t\t\t\t\n\n\t<a\n\t\thref=\"https&#x3A;&#x2F;&#x2F;lac.wetlands.org&#x2F;pt-br&#x2F;publicacao&#x2F;\"\n\t\tclass=\"btn btn--primary&#x20;btn--full\"\n\t\t\t\t\t\t\t>\n\t\t\n\t\t\t\t\t<span class=\"btn__text\">\n\t\t\t\tSaiba mais\n\n\t\t\t\t\t\t\t<\/span>\n\t\t\n\t\t\t\t\t\t\n\t\t\t<\/a>\n\t\t\t\t\t\t\t\t<\/li>\n\t\t\t\t\t\t\t\t\t\t\t\t\t<\/ul>\n\t\t\t\t\t\t\t\t\t<\/div>\n\t\t\t<\/div>\n\t\t<\/div>\n\t\t<div class=\"col-span-1 order-first md:order-first\">\n\t\t\t<div class=\"image-text__thumbnail\">\n\t\t\t\t<img loading=\"lazy\" decoding=\"async\" width=\"940\" height=\"500\" src=\"https:\/\/lac.wetlands.org\/pt-br\/wp-content\/uploads\/sites\/5\/2024\/08\/9-1-e1702417300526-940x500-1.jpg\" class=\"attachment-large size-large\" alt=\"\" srcset=\"https:\/\/lac.wetlands.org\/pt-br\/wp-content\/uploads\/sites\/5\/2024\/08\/9-1-e1702417300526-940x500-1.jpg 940w, https:\/\/lac.wetlands.org\/pt-br\/wp-content\/uploads\/sites\/5\/2024\/08\/9-1-e1702417300526-940x500-1-300x160.jpg 300w, https:\/\/lac.wetlands.org\/pt-br\/wp-content\/uploads\/sites\/5\/2024\/08\/9-1-e1702417300526-940x500-1-768x409.jpg 768w\" sizes=\"(max-width: 940px) 100vw, 940px\" \/>\n\t\t\t<\/div>\n\t\t<\/div>\n\t<\/div>\n<\/div>\n\t<\/div>\n","protected":false},"excerpt":{"rendered":"","protected":false},"author":29,"featured_media":6090,"parent":0,"menu_order":0,"comment_status":"closed","ping_status":"closed","template":"","meta":{"_acf_changed":false,"_monsterinsights_skip_tracking":false,"_monsterinsights_sitenote_active":false,"_monsterinsights_sitenote_note":"","_monsterinsights_sitenote_category":0,"ep_exclude_from_search":false,"editor_notices":[],"footnotes":""},"wl_issue":[],"wl_topic":[],"wl_type":[],"class_list":["post-6264","page","type-page","status-publish","has-post-thumbnail","hentry"],"acf":[],"yoast_head":"<!-- This site is optimized with the Yoast SEO plugin v27.4 - https:\/\/yoast.com\/product\/yoast-seo-wordpress\/ -->\n<title>Not\u00edcias e Publica\u00e7\u00f5es - Wetlands International Brazil<\/title>\n<meta name=\"robots\" content=\"index, follow, max-snippet:-1, max-image-preview:large, max-video-preview:-1\" \/>\n<link rel=\"canonical\" href=\"https:\/\/lac.wetlands.org\/pt-br\/noticias-e-insights\/\" \/>\n<meta property=\"og:locale\" content=\"pt_BR\" \/>\n<meta property=\"og:type\" content=\"article\" \/>\n<meta property=\"og:title\" content=\"Not\u00edcias e Publica\u00e7\u00f5es - Wetlands International Brazil\" \/>\n<meta property=\"og:url\" content=\"https:\/\/lac.wetlands.org\/pt-br\/noticias-e-insights\/\" \/>\n<meta property=\"og:site_name\" content=\"Wetlands International Brazil\" \/>\n<meta property=\"article:publisher\" content=\"https:\/\/www.facebook.com\/WetlandsIntBR\" \/>\n<meta property=\"article:modified_time\" content=\"2024-10-14T00:40:35+00:00\" \/>\n<meta property=\"og:image\" content=\"https:\/\/lac.wetlands.org\/pt-br\/wp-content\/uploads\/sites\/5\/2024\/08\/14-Pantanal-Serra-do-Amolar_foto-Viviane-Amorim-e1697478882289-1920x500-1.jpg\" \/>\n\t<meta property=\"og:image:width\" content=\"1920\" \/>\n\t<meta property=\"og:image:height\" content=\"500\" \/>\n\t<meta property=\"og:image:type\" content=\"image\/jpeg\" \/>\n<meta name=\"twitter:card\" content=\"summary_large_image\" \/>\n<meta name=\"twitter:label1\" content=\"Est. tempo de leitura\" \/>\n\t<meta name=\"twitter:data1\" content=\"1 minuto\" \/>\n<script type=\"application\/ld+json\" class=\"yoast-schema-graph\">{\"@context\":\"https:\\\/\\\/schema.org\",\"@graph\":[{\"@type\":\"WebPage\",\"@id\":\"https:\\\/\\\/lac.wetlands.org\\\/pt-br\\\/noticias-e-insights\\\/\",\"url\":\"https:\\\/\\\/lac.wetlands.org\\\/pt-br\\\/noticias-e-insights\\\/\",\"name\":\"Not\u00edcias e Publica\u00e7\u00f5es - Wetlands International Brazil\",\"isPartOf\":{\"@id\":\"https:\\\/\\\/lac.wetlands.org\\\/pt-br\\\/#website\"},\"primaryImageOfPage\":{\"@id\":\"https:\\\/\\\/lac.wetlands.org\\\/pt-br\\\/noticias-e-insights\\\/#primaryimage\"},\"image\":{\"@id\":\"https:\\\/\\\/lac.wetlands.org\\\/pt-br\\\/noticias-e-insights\\\/#primaryimage\"},\"thumbnailUrl\":\"https:\\\/\\\/lac.wetlands.org\\\/pt-br\\\/wp-content\\\/uploads\\\/sites\\\/5\\\/2024\\\/08\\\/14-Pantanal-Serra-do-Amolar_foto-Viviane-Amorim-e1697478882289-1920x500-1.jpg\",\"datePublished\":\"2024-09-04T21:11:15+00:00\",\"dateModified\":\"2024-10-14T00:40:35+00:00\",\"breadcrumb\":{\"@id\":\"https:\\\/\\\/lac.wetlands.org\\\/pt-br\\\/noticias-e-insights\\\/#breadcrumb\"},\"inLanguage\":\"pt-BR\",\"potentialAction\":[{\"@type\":\"ReadAction\",\"target\":[\"https:\\\/\\\/lac.wetlands.org\\\/pt-br\\\/noticias-e-insights\\\/\"]}]},{\"@type\":\"ImageObject\",\"inLanguage\":\"pt-BR\",\"@id\":\"https:\\\/\\\/lac.wetlands.org\\\/pt-br\\\/noticias-e-insights\\\/#primaryimage\",\"url\":\"https:\\\/\\\/lac.wetlands.org\\\/pt-br\\\/wp-content\\\/uploads\\\/sites\\\/5\\\/2024\\\/08\\\/14-Pantanal-Serra-do-Amolar_foto-Viviane-Amorim-e1697478882289-1920x500-1.jpg\",\"contentUrl\":\"https:\\\/\\\/lac.wetlands.org\\\/pt-br\\\/wp-content\\\/uploads\\\/sites\\\/5\\\/2024\\\/08\\\/14-Pantanal-Serra-do-Amolar_foto-Viviane-Amorim-e1697478882289-1920x500-1.jpg\",\"width\":1920,\"height\":500},{\"@type\":\"BreadcrumbList\",\"@id\":\"https:\\\/\\\/lac.wetlands.org\\\/pt-br\\\/noticias-e-insights\\\/#breadcrumb\",\"itemListElement\":[{\"@type\":\"ListItem\",\"position\":1,\"name\":\"Home\",\"item\":\"https:\\\/\\\/lac.wetlands.org\\\/pt-br\\\/\"},{\"@type\":\"ListItem\",\"position\":2,\"name\":\"Not\u00edcias e Publica\u00e7\u00f5es\"}]},{\"@type\":\"WebSite\",\"@id\":\"https:\\\/\\\/lac.wetlands.org\\\/pt-br\\\/#website\",\"url\":\"https:\\\/\\\/lac.wetlands.org\\\/pt-br\\\/\",\"name\":\"Wetlands International Brazil\",\"description\":\"Para inspirar e mobilizar a sociedade a proteger e restaurar as \u00e1reas \u00famidas para as pessoas e a natureza.\",\"publisher\":{\"@id\":\"https:\\\/\\\/lac.wetlands.org\\\/pt-br\\\/#organization\"},\"potentialAction\":[{\"@type\":\"SearchAction\",\"target\":{\"@type\":\"EntryPoint\",\"urlTemplate\":\"https:\\\/\\\/lac.wetlands.org\\\/pt-br\\\/?s={search_term_string}\"},\"query-input\":{\"@type\":\"PropertyValueSpecification\",\"valueRequired\":true,\"valueName\":\"search_term_string\"}}],\"inLanguage\":\"pt-BR\"},{\"@type\":\"Organization\",\"@id\":\"https:\\\/\\\/lac.wetlands.org\\\/pt-br\\\/#organization\",\"name\":\"Wetlands International Brazil\",\"url\":\"https:\\\/\\\/lac.wetlands.org\\\/pt-br\\\/\",\"logo\":{\"@type\":\"ImageObject\",\"inLanguage\":\"pt-BR\",\"@id\":\"https:\\\/\\\/lac.wetlands.org\\\/pt-br\\\/#\\\/schema\\\/logo\\\/image\\\/\",\"url\":\"https:\\\/\\\/lac.wetlands.org\\\/pt-br\\\/wp-content\\\/uploads\\\/sites\\\/5\\\/2024\\\/07\\\/Wetlands-International-logo-RGB-High-res-Transparente.png\",\"contentUrl\":\"https:\\\/\\\/lac.wetlands.org\\\/pt-br\\\/wp-content\\\/uploads\\\/sites\\\/5\\\/2024\\\/07\\\/Wetlands-International-logo-RGB-High-res-Transparente.png\",\"width\":1920,\"height\":949,\"caption\":\"Wetlands International Brazil\"},\"image\":{\"@id\":\"https:\\\/\\\/lac.wetlands.org\\\/pt-br\\\/#\\\/schema\\\/logo\\\/image\\\/\"},\"sameAs\":[\"https:\\\/\\\/www.facebook.com\\\/WetlandsIntBR\",\"https:\\\/\\\/www.instagram.com\\\/wetlandsintbr\\\/?hl=pt-br\\\/\",\"https:\\\/\\\/www.youtube.com\\\/channel\\\/UCQ0t8SqNdRY164b1jd2Vr5w\"]}]}<\/script>\n<!-- \/ Yoast SEO plugin. -->","yoast_head_json":{"title":"Not\u00edcias e Publica\u00e7\u00f5es - Wetlands International Brazil","robots":{"index":"index","follow":"follow","max-snippet":"max-snippet:-1","max-image-preview":"max-image-preview:large","max-video-preview":"max-video-preview:-1"},"canonical":"https:\/\/lac.wetlands.org\/pt-br\/noticias-e-insights\/","og_locale":"pt_BR","og_type":"article","og_title":"Not\u00edcias e Publica\u00e7\u00f5es - Wetlands International Brazil","og_url":"https:\/\/lac.wetlands.org\/pt-br\/noticias-e-insights\/","og_site_name":"Wetlands International Brazil","article_publisher":"https:\/\/www.facebook.com\/WetlandsIntBR","article_modified_time":"2024-10-14T00:40:35+00:00","og_image":[{"width":1920,"height":500,"url":"https:\/\/lac.wetlands.org\/pt-br\/wp-content\/uploads\/sites\/5\/2024\/08\/14-Pantanal-Serra-do-Amolar_foto-Viviane-Amorim-e1697478882289-1920x500-1.jpg","type":"image\/jpeg"}],"twitter_card":"summary_large_image","twitter_misc":{"Est. tempo de leitura":"1 minuto"},"schema":{"@context":"https:\/\/schema.org","@graph":[{"@type":"WebPage","@id":"https:\/\/lac.wetlands.org\/pt-br\/noticias-e-insights\/","url":"https:\/\/lac.wetlands.org\/pt-br\/noticias-e-insights\/","name":"Not\u00edcias e Publica\u00e7\u00f5es - Wetlands International Brazil","isPartOf":{"@id":"https:\/\/lac.wetlands.org\/pt-br\/#website"},"primaryImageOfPage":{"@id":"https:\/\/lac.wetlands.org\/pt-br\/noticias-e-insights\/#primaryimage"},"image":{"@id":"https:\/\/lac.wetlands.org\/pt-br\/noticias-e-insights\/#primaryimage"},"thumbnailUrl":"https:\/\/lac.wetlands.org\/pt-br\/wp-content\/uploads\/sites\/5\/2024\/08\/14-Pantanal-Serra-do-Amolar_foto-Viviane-Amorim-e1697478882289-1920x500-1.jpg","datePublished":"2024-09-04T21:11:15+00:00","dateModified":"2024-10-14T00:40:35+00:00","breadcrumb":{"@id":"https:\/\/lac.wetlands.org\/pt-br\/noticias-e-insights\/#breadcrumb"},"inLanguage":"pt-BR","potentialAction":[{"@type":"ReadAction","target":["https:\/\/lac.wetlands.org\/pt-br\/noticias-e-insights\/"]}]},{"@type":"ImageObject","inLanguage":"pt-BR","@id":"https:\/\/lac.wetlands.org\/pt-br\/noticias-e-insights\/#primaryimage","url":"https:\/\/lac.wetlands.org\/pt-br\/wp-content\/uploads\/sites\/5\/2024\/08\/14-Pantanal-Serra-do-Amolar_foto-Viviane-Amorim-e1697478882289-1920x500-1.jpg","contentUrl":"https:\/\/lac.wetlands.org\/pt-br\/wp-content\/uploads\/sites\/5\/2024\/08\/14-Pantanal-Serra-do-Amolar_foto-Viviane-Amorim-e1697478882289-1920x500-1.jpg","width":1920,"height":500},{"@type":"BreadcrumbList","@id":"https:\/\/lac.wetlands.org\/pt-br\/noticias-e-insights\/#breadcrumb","itemListElement":[{"@type":"ListItem","position":1,"name":"Home","item":"https:\/\/lac.wetlands.org\/pt-br\/"},{"@type":"ListItem","position":2,"name":"Not\u00edcias e Publica\u00e7\u00f5es"}]},{"@type":"WebSite","@id":"https:\/\/lac.wetlands.org\/pt-br\/#website","url":"https:\/\/lac.wetlands.org\/pt-br\/","name":"Wetlands International Brazil","description":"Para inspirar e mobilizar a sociedade a proteger e restaurar as \u00e1reas \u00famidas para as pessoas e a natureza.","publisher":{"@id":"https:\/\/lac.wetlands.org\/pt-br\/#organization"},"potentialAction":[{"@type":"SearchAction","target":{"@type":"EntryPoint","urlTemplate":"https:\/\/lac.wetlands.org\/pt-br\/?s={search_term_string}"},"query-input":{"@type":"PropertyValueSpecification","valueRequired":true,"valueName":"search_term_string"}}],"inLanguage":"pt-BR"},{"@type":"Organization","@id":"https:\/\/lac.wetlands.org\/pt-br\/#organization","name":"Wetlands International Brazil","url":"https:\/\/lac.wetlands.org\/pt-br\/","logo":{"@type":"ImageObject","inLanguage":"pt-BR","@id":"https:\/\/lac.wetlands.org\/pt-br\/#\/schema\/logo\/image\/","url":"https:\/\/lac.wetlands.org\/pt-br\/wp-content\/uploads\/sites\/5\/2024\/07\/Wetlands-International-logo-RGB-High-res-Transparente.png","contentUrl":"https:\/\/lac.wetlands.org\/pt-br\/wp-content\/uploads\/sites\/5\/2024\/07\/Wetlands-International-logo-RGB-High-res-Transparente.png","width":1920,"height":949,"caption":"Wetlands International Brazil"},"image":{"@id":"https:\/\/lac.wetlands.org\/pt-br\/#\/schema\/logo\/image\/"},"sameAs":["https:\/\/www.facebook.com\/WetlandsIntBR","https:\/\/www.instagram.com\/wetlandsintbr\/?hl=pt-br\/","https:\/\/www.youtube.com\/channel\/UCQ0t8SqNdRY164b1jd2Vr5w"]}]}},"_links":{"self":[{"href":"https:\/\/lac.wetlands.org\/pt-br\/wp-json\/wp\/v2\/pages\/6264"}],"collection":[{"href":"https:\/\/lac.wetlands.org\/pt-br\/wp-json\/wp\/v2\/pages"}],"about":[{"href":"https:\/\/lac.wetlands.org\/pt-br\/wp-json\/wp\/v2\/types\/page"}],"author":[{"embeddable":true,"href":"https:\/\/lac.wetlands.org\/pt-br\/wp-json\/wp\/v2\/users\/29"}],"replies":[{"embeddable":true,"href":"https:\/\/lac.wetlands.org\/pt-br\/wp-json\/wp\/v2\/comments?post=6264"}],"version-history":[{"count":16,"href":"https:\/\/lac.wetlands.org\/pt-br\/wp-json\/wp\/v2\/pages\/6264\/revisions"}],"predecessor-version":[{"id":6395,"href":"https:\/\/lac.wetlands.org\/pt-br\/wp-json\/wp\/v2\/pages\/6264\/revisions\/6395"}],"wp:featuredmedia":[{"embeddable":true,"href":"https:\/\/lac.wetlands.org\/pt-br\/wp-json\/wp\/v2\/media\/6090"}],"wp:attachment":[{"href":"https:\/\/lac.wetlands.org\/pt-br\/wp-json\/wp\/v2\/media?parent=6264"}],"wp:term":[{"taxonomy":"wl_issue","embeddable":true,"href":"https:\/\/lac.wetlands.org\/pt-br\/wp-json\/wp\/v2\/wl_issue?post=6264"},{"taxonomy":"wl_topic","embeddable":true,"href":"https:\/\/lac.wetlands.org\/pt-br\/wp-json\/wp\/v2\/wl_topic?post=6264"},{"taxonomy":"wl_type","embeddable":true,"href":"https:\/\/lac.wetlands.org\/pt-br\/wp-json\/wp\/v2\/wl_type?post=6264"}],"curies":[{"name":"wp","href":"https:\/\/api.w.org\/{rel}","templated":true}]}}